{"id":367,"date":"2015-01-09T18:23:22","date_gmt":"2015-01-09T17:23:22","guid":{"rendered":"http:\/\/rv-tech.de\/?post_type=product&#038;p=367"},"modified":"2026-04-30T10:16:57","modified_gmt":"2026-04-30T08:16:57","slug":"elektrisches-antriebset-fuer-al-ko-heckstuetzen-clickfix","status":"publish","type":"product","link":"https:\/\/rv-tech.de\/en\/product\/elektrisches-antriebset-fuer-al-ko-heckstuetzen-clickfix\/","title":{"rendered":"Electric drive kit for Al-KO ClickFix rear supports"},"content":{"rendered":"<p data-start=\"0\" data-end=\"246\">The electric drive set for <strong data-start=\"31\" data-end=\"61\">AL-KO ClickFix rear supports<\/strong> This allows the rear supports to be conveniently extended and retracted at the touch of a button. This eliminates the need for manual cranking, making leveling the vehicle significantly easier and faster.<\/p>\n<p data-start=\"248\" data-end=\"574\">The drive unit is mounted directly to the existing ClickFix rear supports and replaces manual operation with an electric motor. This allows the rear supports to be conveniently operated via the app at the touch of a button. The system provides noticeable everyday convenience, especially when frequently setting up and taking down the vehicle.<\/p>\n<p data-start=\"576\" data-end=\"852\">This set is specifically designed for AL-KO ClickFix rear supports and can be retrofitted without any major modifications to the vehicle. Its robust construction and technology, tailored to motorhome use, ensure reliable operation even with regular use.<\/p>\n<p data-start=\"854\" data-end=\"1093\" data-is-last-node=\"\" data-is-only-node=\"\">The electric drive kit for AL-KO ClickFix rear supports makes stabilizing the vehicle significantly more convenient and faster. Ideal for anyone who wants to upgrade their motorhome or caravan in a practical and modern way.<\/p>","protected":false},"excerpt":{"rendered":"<p data-start=\"123\" data-end=\"345\"><strong>Stop cranking!\u00a0<\/strong>Many motorhomes come standard with manual rear supports from\u00a0<strong data-start=\"188\" data-end=\"197\">AL-KO<\/strong>\u00a0Equipped to be stabilized when stationary. But the tedious cranking \u2013 especially in bad weather \u2013 is now a thing of the past!<\/p>\n<p data-start=\"347\" data-end=\"721\">With the innovative\u00a0<strong data-start=\"367\" data-end=\"414\">RV tech electric rear support drive<\/strong>\u00a0Can you conveniently book your motorhome via\u00a0<strong data-start=\"451\" data-end=\"466\">Control app<\/strong>. A simple click is all it takes to extend the rear supports and level your vehicle. The app will guide you through the process.\u00a0<strong data-start=\"590\" data-end=\"617\">live the exact inclination<\/strong>\u00a0your motorhome, and the supports will stop automatically as soon as the optimal position is reached.<\/p>\n<p data-start=\"723\" data-end=\"936\"><img decoding=\"async\" class=\"emoji\" role=\"img\" draggable=\"false\" src=\"https:\/\/s.w.org\/images\/core\/emoji\/17.0.2\/svg\/2714.svg\" alt=\"\u2714\" \/>\u00a0<strong data-start=\"725\" data-end=\"749\">Easy retrofit<\/strong>\u00a0in about 2 hours<br data-start=\"766\" data-end=\"769\" \/><img decoding=\"async\" class=\"emoji\" role=\"img\" draggable=\"false\" src=\"https:\/\/s.w.org\/images\/core\/emoji\/17.0.2\/svg\/2714.svg\" alt=\"\u2714\" \/>\u00a0<strong data-start=\"771\" data-end=\"788\">lightweight<\/strong>\u00a0\u2013 only 2 kg<br data-start=\"799\" data-end=\"802\" \/><img decoding=\"async\" class=\"emoji\" role=\"img\" draggable=\"false\" src=\"https:\/\/s.w.org\/images\/core\/emoji\/17.0.2\/svg\/2714.svg\" alt=\"\u2714\" \/>\u00a0<strong data-start=\"804\" data-end=\"821\">Cost-effective<\/strong>\u00a0\u2013 less than 1\/10 of a hydraulic leveling system<br data-start=\"877\" data-end=\"880\" \/><img decoding=\"async\" class=\"emoji\" role=\"img\" draggable=\"false\" src=\"https:\/\/s.w.org\/images\/core\/emoji\/17.0.2\/svg\/2714.svg\" alt=\"\u2714\" \/>\u00a0<strong data-start=\"882\" data-end=\"903\">Maximum comfort<\/strong>\u00a0\u2013 Control via smartphone app<\/p>\n<p data-start=\"938\" data-end=\"1029\">No more tedious cranking \u2013 enjoy more time for what really matters: your journey!<\/p>\n<p data-start=\"1031\" data-end=\"1103\"><img decoding=\"async\" class=\"emoji\" role=\"img\" draggable=\"false\" src=\"https:\/\/s.w.org\/images\/core\/emoji\/17.0.2\/svg\/27a1.svg\" alt=\"\u27a1\" \/>\u00a0Order now and take your motorhome to the next level!\u00a0<img decoding=\"async\" class=\"emoji\" role=\"img\" draggable=\"false\" src=\"https:\/\/s.w.org\/images\/core\/emoji\/17.0.2\/svg\/1f690.svg\" alt=\"\ud83d\ude90\" \/><img decoding=\"async\" class=\"emoji\" role=\"img\" draggable=\"false\" src=\"https:\/\/s.w.org\/images\/core\/emoji\/17.0.2\/svg\/1f4a8.svg\" alt=\"\ud83d\udca8\" \/><\/p>\n<p><strong>Comfortable, hassle-free and safe.<\/strong><\/p>","protected":false},"featured_media":121463,"template":"","meta":{"_acf_changed":false},"product_brand":[],"product_cat":[32],"product_tag":[],"class_list":{"0":"post-367","1":"product","2":"type-product","3":"status-publish","4":"has-post-thumbnail","6":"product_cat-heckstuetzensteuerung","7":"product_shipping_class-komplett-kauf","9":"first","10":"instock","11":"featured","12":"taxable","13":"shipping-taxable","14":"purchasable","15":"product-type-simple"},"acf":[],"yoast_head":"<!-- This site is optimized with the Yoast SEO plugin v27.6 - https:\/\/yoast.com\/product\/yoast-seo-wordpress\/ -->\n<title>Elektrisches Antriebset f\u00fcr Al-KO Heckst\u00fctzen ClickFix - RV Tech<\/title>\n<meta name=\"robots\" content=\"index, follow, max-snippet:-1, max-image-preview:large, max-video-preview:-1\" \/>\n<link rel=\"canonical\" href=\"https:\/\/rv-tech.de\/en\/product\/elektrisches-antriebset-fuer-al-ko-heckstuetzen-clickfix\/\" \/>\n<meta property=\"og:locale\" content=\"en_US\" \/>\n<meta property=\"og:type\" content=\"article\" \/>\n<meta property=\"og:title\" content=\"Elektrisches Antriebset f\u00fcr Al-KO Heckst\u00fctzen ClickFix - RV Tech\" \/>\n<meta property=\"og:description\" content=\"Schluss mit dem Kurbeln!\u00a0Viele Reisemobile sind serienm\u00e4\u00dfig mit manuellen Heckst\u00fctzen von\u00a0AL-KO\u00a0ausgestattet, um im Stand stabilisiert zu werden. Doch das m\u00fchsame Kurbeln \u2013 besonders bei schlechtem Wetter \u2013 geh\u00f6rt jetzt der Vergangenheit an! Mit dem innovativen\u00a0elektrischen Heckst\u00fctzenantrieb von RV tech\u00a0kannst du dein Wohnmobil bequem per\u00a0App steuern. Ein einfacher Klick gen\u00fcgt, um die Heckst\u00fctzen auszufahren und dein Fahrzeug stabil aufzustellen. Die App zeigt dir dabei\u00a0live die genaue Neigung\u00a0deines Wohnmobils an, und die St\u00fctzen stoppen automatisch, sobald die optimale Position erreicht ist. \u00a0Einfache Nachr\u00fcstung\u00a0in ca. 2 Stunden\u00a0Leichtgewicht\u00a0\u2013 nur 2 kg\u00a0Kosteng\u00fcnstig\u00a0\u2013 weniger als 1\/10 einer hydraulischen Hubst\u00fctzenanlage\u00a0Maximaler Komfort\u00a0\u2013 Steuerung per Smartphone-App Nie wieder l\u00e4stiges Kurbeln \u2013 genie\u00dfe mehr Zeit f\u00fcr das, was wirklich z\u00e4hlt: deine Reise! \u00a0Jetzt bestellen und dein Wohnmobil auf das n\u00e4chste Level heben!\u00a0 Komfortabel, problemlos und sicher.\" \/>\n<meta property=\"og:url\" content=\"https:\/\/rv-tech.de\/en\/product\/elektrisches-antriebset-fuer-al-ko-heckstuetzen-clickfix\/\" \/>\n<meta property=\"og:site_name\" content=\"RV Tech\" \/>\n<meta property=\"article:publisher\" content=\"https:\/\/www.facebook.com\/rvtech.de\" \/>\n<meta property=\"article:modified_time\" content=\"2026-04-30T08:16:57+00:00\" \/>\n<meta property=\"og:image\" content=\"https:\/\/rv-tech.de\/wp-content\/uploads\/2015\/01\/Heckstuetzenantrieb.png\" \/>\n\t<meta property=\"og:image:width\" content=\"500\" \/>\n\t<meta property=\"og:image:height\" content=\"500\" \/>\n\t<meta property=\"og:image:type\" content=\"image\/png\" \/>\n<meta name=\"twitter:card\" content=\"summary_large_image\" \/>\n<meta name=\"twitter:label1\" content=\"Est. reading time\" \/>\n\t<meta name=\"twitter:data1\" content=\"2 minutes\" \/>\n<script type=\"application\/ld+json\" class=\"yoast-schema-graph\">{\"@context\":\"https:\\\/\\\/schema.org\",\"@graph\":[{\"@type\":\"WebPage\",\"@id\":\"https:\\\/\\\/rv-tech.de\\\/produkt\\\/elektrisches-antriebset-fuer-al-ko-heckstuetzen-clickfix\\\/\",\"url\":\"https:\\\/\\\/rv-tech.de\\\/produkt\\\/elektrisches-antriebset-fuer-al-ko-heckstuetzen-clickfix\\\/\",\"name\":\"Elektrisches Antriebset f\u00fcr Al-KO Heckst\u00fctzen ClickFix - RV Tech\",\"isPartOf\":{\"@id\":\"https:\\\/\\\/rv-tech.de\\\/#website\"},\"primaryImageOfPage\":{\"@id\":\"https:\\\/\\\/rv-tech.de\\\/produkt\\\/elektrisches-antriebset-fuer-al-ko-heckstuetzen-clickfix\\\/#primaryimage\"},\"image\":{\"@id\":\"https:\\\/\\\/rv-tech.de\\\/produkt\\\/elektrisches-antriebset-fuer-al-ko-heckstuetzen-clickfix\\\/#primaryimage\"},\"thumbnailUrl\":\"https:\\\/\\\/rv-tech.de\\\/wp-content\\\/uploads\\\/2015\\\/01\\\/Heckstuetzenantrieb.png\",\"datePublished\":\"2015-01-09T17:23:22+00:00\",\"dateModified\":\"2026-04-30T08:16:57+00:00\",\"breadcrumb\":{\"@id\":\"https:\\\/\\\/rv-tech.de\\\/produkt\\\/elektrisches-antriebset-fuer-al-ko-heckstuetzen-clickfix\\\/#breadcrumb\"},\"inLanguage\":\"en-US\",\"potentialAction\":[{\"@type\":\"ReadAction\",\"target\":[\"https:\\\/\\\/rv-tech.de\\\/produkt\\\/elektrisches-antriebset-fuer-al-ko-heckstuetzen-clickfix\\\/\"]}]},{\"@type\":\"ImageObject\",\"inLanguage\":\"en-US\",\"@id\":\"https:\\\/\\\/rv-tech.de\\\/produkt\\\/elektrisches-antriebset-fuer-al-ko-heckstuetzen-clickfix\\\/#primaryimage\",\"url\":\"https:\\\/\\\/rv-tech.de\\\/wp-content\\\/uploads\\\/2015\\\/01\\\/Heckstuetzenantrieb.png\",\"contentUrl\":\"https:\\\/\\\/rv-tech.de\\\/wp-content\\\/uploads\\\/2015\\\/01\\\/Heckstuetzenantrieb.png\",\"width\":500,\"height\":500},{\"@type\":\"BreadcrumbList\",\"@id\":\"https:\\\/\\\/rv-tech.de\\\/produkt\\\/elektrisches-antriebset-fuer-al-ko-heckstuetzen-clickfix\\\/#breadcrumb\",\"itemListElement\":[{\"@type\":\"ListItem\",\"position\":1,\"name\":\"Start\",\"item\":\"https:\\\/\\\/rv-tech.de\\\/\"},{\"@type\":\"ListItem\",\"position\":2,\"name\":\"Shop\",\"item\":\"https:\\\/\\\/rv-tech.de\\\/shop\\\/\"},{\"@type\":\"ListItem\",\"position\":3,\"name\":\"Elektrisches Antriebset f\u00fcr Al-KO Heckst\u00fctzen ClickFix\"}]},{\"@type\":\"WebSite\",\"@id\":\"https:\\\/\\\/rv-tech.de\\\/#website\",\"url\":\"https:\\\/\\\/rv-tech.de\\\/\",\"name\":\"RV Tech\",\"description\":\"Technik f\u00fcr Ihr Reisemobil\",\"publisher\":{\"@id\":\"https:\\\/\\\/rv-tech.de\\\/#organization\"},\"alternateName\":\"Automatische Dachfenster, Zentralverriegelung und Heckst\u00fctzen f\u00fcr Reisemobile\",\"potentialAction\":[{\"@type\":\"SearchAction\",\"target\":{\"@type\":\"EntryPoint\",\"urlTemplate\":\"https:\\\/\\\/rv-tech.de\\\/?s={search_term_string}\"},\"query-input\":{\"@type\":\"PropertyValueSpecification\",\"valueRequired\":true,\"valueName\":\"search_term_string\"}}],\"inLanguage\":\"en-US\"},{\"@type\":\"Organization\",\"@id\":\"https:\\\/\\\/rv-tech.de\\\/#organization\",\"name\":\"RV Tech\",\"alternateName\":\"Automatische Dachfenster, Zentralverriegelung und Heckst\u00fctzen f\u00fcr Reisemobile\",\"url\":\"https:\\\/\\\/rv-tech.de\\\/\",\"logo\":{\"@type\":\"ImageObject\",\"inLanguage\":\"en-US\",\"@id\":\"https:\\\/\\\/rv-tech.de\\\/#\\\/schema\\\/logo\\\/image\\\/\",\"url\":\"https:\\\/\\\/rv-tech.de\\\/wp-content\\\/uploads\\\/2026\\\/01\\\/Logo-RV-Tech.png\",\"contentUrl\":\"https:\\\/\\\/rv-tech.de\\\/wp-content\\\/uploads\\\/2026\\\/01\\\/Logo-RV-Tech.png\",\"width\":2480,\"height\":845,\"caption\":\"RV Tech\"},\"image\":{\"@id\":\"https:\\\/\\\/rv-tech.de\\\/#\\\/schema\\\/logo\\\/image\\\/\"},\"sameAs\":[\"https:\\\/\\\/www.facebook.com\\\/rvtech.de\",\"https:\\\/\\\/www.youtube.com\\\/@RV-tech_Ravensburg\",\"https:\\\/\\\/share.google\\\/dv203Gdb6AlgvNeQD\"]}]}<\/script>\n<!-- \/ Yoast SEO plugin. -->","yoast_head_json":{"title":"Elektrisches Antriebset f\u00fcr Al-KO Heckst\u00fctzen ClickFix - RV Tech","robots":{"index":"index","follow":"follow","max-snippet":"max-snippet:-1","max-image-preview":"max-image-preview:large","max-video-preview":"max-video-preview:-1"},"canonical":"https:\/\/rv-tech.de\/en\/product\/elektrisches-antriebset-fuer-al-ko-heckstuetzen-clickfix\/","og_locale":"en_US","og_type":"article","og_title":"Elektrisches Antriebset f\u00fcr Al-KO Heckst\u00fctzen ClickFix - RV Tech","og_description":"Schluss mit dem Kurbeln!\u00a0Viele Reisemobile sind serienm\u00e4\u00dfig mit manuellen Heckst\u00fctzen von\u00a0AL-KO\u00a0ausgestattet, um im Stand stabilisiert zu werden. Doch das m\u00fchsame Kurbeln \u2013 besonders bei schlechtem Wetter \u2013 geh\u00f6rt jetzt der Vergangenheit an! Mit dem innovativen\u00a0elektrischen Heckst\u00fctzenantrieb von RV tech\u00a0kannst du dein Wohnmobil bequem per\u00a0App steuern. Ein einfacher Klick gen\u00fcgt, um die Heckst\u00fctzen auszufahren und dein Fahrzeug stabil aufzustellen. Die App zeigt dir dabei\u00a0live die genaue Neigung\u00a0deines Wohnmobils an, und die St\u00fctzen stoppen automatisch, sobald die optimale Position erreicht ist. \u00a0Einfache Nachr\u00fcstung\u00a0in ca. 2 Stunden\u00a0Leichtgewicht\u00a0\u2013 nur 2 kg\u00a0Kosteng\u00fcnstig\u00a0\u2013 weniger als 1\/10 einer hydraulischen Hubst\u00fctzenanlage\u00a0Maximaler Komfort\u00a0\u2013 Steuerung per Smartphone-App Nie wieder l\u00e4stiges Kurbeln \u2013 genie\u00dfe mehr Zeit f\u00fcr das, was wirklich z\u00e4hlt: deine Reise! \u00a0Jetzt bestellen und dein Wohnmobil auf das n\u00e4chste Level heben!\u00a0 Komfortabel, problemlos und sicher.","og_url":"https:\/\/rv-tech.de\/en\/product\/elektrisches-antriebset-fuer-al-ko-heckstuetzen-clickfix\/","og_site_name":"RV Tech","article_publisher":"https:\/\/www.facebook.com\/rvtech.de","article_modified_time":"2026-04-30T08:16:57+00:00","og_image":[{"width":500,"height":500,"url":"https:\/\/rv-tech.de\/wp-content\/uploads\/2015\/01\/Heckstuetzenantrieb.png","type":"image\/png"}],"twitter_card":"summary_large_image","twitter_misc":{"Est. reading time":"2 minutes"},"schema":{"@context":"https:\/\/schema.org","@graph":[{"@type":"WebPage","@id":"https:\/\/rv-tech.de\/produkt\/elektrisches-antriebset-fuer-al-ko-heckstuetzen-clickfix\/","url":"https:\/\/rv-tech.de\/produkt\/elektrisches-antriebset-fuer-al-ko-heckstuetzen-clickfix\/","name":"Elektrisches Antriebset f\u00fcr Al-KO Heckst\u00fctzen ClickFix - RV Tech","isPartOf":{"@id":"https:\/\/rv-tech.de\/#website"},"primaryImageOfPage":{"@id":"https:\/\/rv-tech.de\/produkt\/elektrisches-antriebset-fuer-al-ko-heckstuetzen-clickfix\/#primaryimage"},"image":{"@id":"https:\/\/rv-tech.de\/produkt\/elektrisches-antriebset-fuer-al-ko-heckstuetzen-clickfix\/#primaryimage"},"thumbnailUrl":"https:\/\/rv-tech.de\/wp-content\/uploads\/2015\/01\/Heckstuetzenantrieb.png","datePublished":"2015-01-09T17:23:22+00:00","dateModified":"2026-04-30T08:16:57+00:00","breadcrumb":{"@id":"https:\/\/rv-tech.de\/produkt\/elektrisches-antriebset-fuer-al-ko-heckstuetzen-clickfix\/#breadcrumb"},"inLanguage":"en-US","potentialAction":[{"@type":"ReadAction","target":["https:\/\/rv-tech.de\/produkt\/elektrisches-antriebset-fuer-al-ko-heckstuetzen-clickfix\/"]}]},{"@type":"ImageObject","inLanguage":"en-US","@id":"https:\/\/rv-tech.de\/produkt\/elektrisches-antriebset-fuer-al-ko-heckstuetzen-clickfix\/#primaryimage","url":"https:\/\/rv-tech.de\/wp-content\/uploads\/2015\/01\/Heckstuetzenantrieb.png","contentUrl":"https:\/\/rv-tech.de\/wp-content\/uploads\/2015\/01\/Heckstuetzenantrieb.png","width":500,"height":500},{"@type":"BreadcrumbList","@id":"https:\/\/rv-tech.de\/produkt\/elektrisches-antriebset-fuer-al-ko-heckstuetzen-clickfix\/#breadcrumb","itemListElement":[{"@type":"ListItem","position":1,"name":"Start","item":"https:\/\/rv-tech.de\/"},{"@type":"ListItem","position":2,"name":"Shop","item":"https:\/\/rv-tech.de\/shop\/"},{"@type":"ListItem","position":3,"name":"Elektrisches Antriebset f\u00fcr Al-KO Heckst\u00fctzen ClickFix"}]},{"@type":"WebSite","@id":"https:\/\/rv-tech.de\/#website","url":"https:\/\/rv-tech.de\/","name":"RV Tech","description":"Technology for your motorhome","publisher":{"@id":"https:\/\/rv-tech.de\/#organization"},"alternateName":"Automatische Dachfenster, Zentralverriegelung und Heckst\u00fctzen f\u00fcr Reisemobile","potentialAction":[{"@type":"SearchAction","target":{"@type":"EntryPoint","urlTemplate":"https:\/\/rv-tech.de\/?s={search_term_string}"},"query-input":{"@type":"PropertyValueSpecification","valueRequired":true,"valueName":"search_term_string"}}],"inLanguage":"en-US"},{"@type":"Organization","@id":"https:\/\/rv-tech.de\/#organization","name":"RV Tech","alternateName":"Automatische Dachfenster, Zentralverriegelung und Heckst\u00fctzen f\u00fcr Reisemobile","url":"https:\/\/rv-tech.de\/","logo":{"@type":"ImageObject","inLanguage":"en-US","@id":"https:\/\/rv-tech.de\/#\/schema\/logo\/image\/","url":"https:\/\/rv-tech.de\/wp-content\/uploads\/2026\/01\/Logo-RV-Tech.png","contentUrl":"https:\/\/rv-tech.de\/wp-content\/uploads\/2026\/01\/Logo-RV-Tech.png","width":2480,"height":845,"caption":"RV Tech"},"image":{"@id":"https:\/\/rv-tech.de\/#\/schema\/logo\/image\/"},"sameAs":["https:\/\/www.facebook.com\/rvtech.de","https:\/\/www.youtube.com\/@RV-tech_Ravensburg","https:\/\/share.google\/dv203Gdb6AlgvNeQD"]}]}},"_links":{"self":[{"href":"https:\/\/rv-tech.de\/en\/wp-json\/wp\/v2\/product\/367","targetHints":{"allow":["GET"]}}],"collection":[{"href":"https:\/\/rv-tech.de\/en\/wp-json\/wp\/v2\/product"}],"about":[{"href":"https:\/\/rv-tech.de\/en\/wp-json\/wp\/v2\/types\/product"}],"version-history":[{"count":6,"href":"https:\/\/rv-tech.de\/en\/wp-json\/wp\/v2\/product\/367\/revisions"}],"predecessor-version":[{"id":121229,"href":"https:\/\/rv-tech.de\/en\/wp-json\/wp\/v2\/product\/367\/revisions\/121229"}],"wp:featuredmedia":[{"embeddable":true,"href":"https:\/\/rv-tech.de\/en\/wp-json\/wp\/v2\/media\/121463"}],"wp:attachment":[{"href":"https:\/\/rv-tech.de\/en\/wp-json\/wp\/v2\/media?parent=367"}],"wp:term":[{"taxonomy":"product_brand","embeddable":true,"href":"https:\/\/rv-tech.de\/en\/wp-json\/wp\/v2\/product_brand?post=367"},{"taxonomy":"product_cat","embeddable":true,"href":"https:\/\/rv-tech.de\/en\/wp-json\/wp\/v2\/product_cat?post=367"},{"taxonomy":"product_tag","embeddable":true,"href":"https:\/\/rv-tech.de\/en\/wp-json\/wp\/v2\/product_tag?post=367"}],"curies":[{"name":"wp","href":"https:\/\/api.w.org\/{rel}","templated":true}]}}