{"id":366,"date":"2026-03-05T18:23:22","date_gmt":"2026-03-05T17:23:22","guid":{"rendered":"http:\/\/rv-tech.de\/?post_type=product&#038;p=366"},"modified":"2026-04-27T15:51:24","modified_gmt":"2026-04-27T13:51:24","slug":"zusaetzliche-verriegelungen-fawo","status":"publish","type":"product","link":"https:\/\/rv-tech.de\/en\/product\/zusaetzliche-verriegelungen-fawo\/","title":{"rendered":"Additional locking mechanism Fawo"},"content":{"rendered":"<p data-start=\"0\" data-end=\"308\">The central locking system for <strong data-start=\"28\" data-end=\"46\">Fawo Castles<\/strong> RV tech&#039;s system allows for the simultaneous opening and locking of multiple storage compartment doors on motorhomes, thus providing significantly more convenience and security in everyday use. It was specifically developed for vehicles equipped with Fawo storage compartment locks.<\/p>\n<p data-start=\"310\" data-end=\"604\">The locking mechanisms are discreetly integrated into the existing locks and do not alter the appearance or the familiar feel of the flaps. The central locking system allows multiple exterior flaps to be secured or unlocked simultaneously, without having to open each flap individually.<\/p>\n<p data-start=\"606\" data-end=\"938\">With just one touch of a button, up to eight storage compartment doors can be locked or unlocked simultaneously. Using optional V-cables, the system can even be expanded to up to sixteen doors. Operation is conveniently controlled via the vehicle key, a switch in the interior, or optionally via a separate remote control.<\/p>\n<p data-start=\"940\" data-end=\"1152\">The technology is designed for longevity. High-quality materials, very low quiescent current, and a design rated for over 100,000 switching cycles ensure reliable operation for many years.<\/p>\n<p data-start=\"1154\" data-end=\"1411\" data-is-last-node=\"\" data-is-only-node=\"\">The retrofit is designed for practical use and can be completed in just a few hours with some basic DIY skills. This makes it easy and practical to equip an existing motorhome with a convenient central locking system for the storage compartment doors.<\/p>","protected":false},"excerpt":{"rendered":"<p>With our additional locks, you can open and close up to eight storage compartment doors simultaneously via your control unit.<\/p>\n<p>You receive <strong>one<\/strong> Locking mechanism including accessories for connection to your chosen lock <strong>(without connection cable and without the lock)<\/strong>.<br \/>\nFurthermore, <strong>a<\/strong> Disassembly key for your lock cylinder included. Disassembly is described in detail in the installation instructions.<\/p>","protected":false},"featured_media":121448,"template":"","meta":{"_acf_changed":false},"product_brand":[],"product_cat":[31,34],"product_tag":[],"class_list":{"0":"post-366","1":"product","2":"type-product","3":"status-publish","4":"has-post-thumbnail","6":"product_cat-zentralverriegelung","7":"product_cat-zubehoer","8":"product_shipping_class-kleinigkeit","10":"first","11":"instock","12":"featured","13":"taxable","14":"shipping-taxable","15":"purchasable","16":"product-type-simple"},"acf":[],"yoast_head":"<!-- This site is optimized with the Yoast SEO plugin v27.6 - https:\/\/yoast.com\/product\/yoast-seo-wordpress\/ -->\n<title>Zus\u00e4tzliche Verriegelung Fawo - RV Tech<\/title>\n<meta name=\"robots\" content=\"index, follow, max-snippet:-1, max-image-preview:large, max-video-preview:-1\" \/>\n<link rel=\"canonical\" href=\"https:\/\/rv-tech.de\/en\/product\/zusaetzliche-verriegelungen-fawo\/\" \/>\n<meta property=\"og:locale\" content=\"en_US\" \/>\n<meta property=\"og:type\" content=\"article\" \/>\n<meta property=\"og:title\" content=\"Zus\u00e4tzliche Verriegelung Fawo - RV Tech\" \/>\n<meta property=\"og:description\" content=\"Mit unseren zus\u00e4tzlichen Verriegelungen \u00f6ffnen und schlie\u00dfen Sie bis zu acht Stauraumklappen gemeinsam \u00fcber Ihr Steuerger\u00e4t.  Sie erhalten eine Verriegelung inkl. Zubeh\u00f6r f\u00fcr die Anbindung an das von Ihnen gew\u00e4hlte Schloss (ohne Anschlusskabel und ohne das Schloss). Zudem ist ein Demontageschl\u00fcssel f\u00fcr Ihren Schlie\u00dfzylinder enthalten. Die Demontage wird in der Einbauanleitung genau beschrieben:\" \/>\n<meta property=\"og:url\" content=\"https:\/\/rv-tech.de\/en\/product\/zusaetzliche-verriegelungen-fawo\/\" \/>\n<meta property=\"og:site_name\" content=\"RV Tech\" \/>\n<meta property=\"article:publisher\" content=\"https:\/\/www.facebook.com\/rvtech.de\" \/>\n<meta property=\"article:modified_time\" content=\"2026-04-27T13:51:24+00:00\" \/>\n<meta property=\"og:image\" content=\"https:\/\/rv-tech.de\/wp-content\/uploads\/2026\/03\/1x-Zusaetzliche-Verriegelung-Fawo.png\" \/>\n\t<meta property=\"og:image:width\" content=\"500\" \/>\n\t<meta property=\"og:image:height\" content=\"500\" \/>\n\t<meta property=\"og:image:type\" content=\"image\/png\" \/>\n<meta name=\"twitter:card\" content=\"summary_large_image\" \/>\n<meta name=\"twitter:label1\" content=\"Est. reading time\" \/>\n\t<meta name=\"twitter:data1\" content=\"2 minutes\" \/>\n<script type=\"application\/ld+json\" class=\"yoast-schema-graph\">{\"@context\":\"https:\\\/\\\/schema.org\",\"@graph\":[{\"@type\":\"WebPage\",\"@id\":\"https:\\\/\\\/rv-tech.de\\\/produkt\\\/zusaetzliche-verriegelungen-fawo\\\/\",\"url\":\"https:\\\/\\\/rv-tech.de\\\/produkt\\\/zusaetzliche-verriegelungen-fawo\\\/\",\"name\":\"Zus\u00e4tzliche Verriegelung Fawo - RV Tech\",\"isPartOf\":{\"@id\":\"https:\\\/\\\/rv-tech.de\\\/#website\"},\"primaryImageOfPage\":{\"@id\":\"https:\\\/\\\/rv-tech.de\\\/produkt\\\/zusaetzliche-verriegelungen-fawo\\\/#primaryimage\"},\"image\":{\"@id\":\"https:\\\/\\\/rv-tech.de\\\/produkt\\\/zusaetzliche-verriegelungen-fawo\\\/#primaryimage\"},\"thumbnailUrl\":\"https:\\\/\\\/rv-tech.de\\\/wp-content\\\/uploads\\\/2026\\\/03\\\/1x-Zusaetzliche-Verriegelung-Fawo.png\",\"datePublished\":\"2026-03-05T17:23:22+00:00\",\"dateModified\":\"2026-04-27T13:51:24+00:00\",\"breadcrumb\":{\"@id\":\"https:\\\/\\\/rv-tech.de\\\/produkt\\\/zusaetzliche-verriegelungen-fawo\\\/#breadcrumb\"},\"inLanguage\":\"en-US\",\"potentialAction\":[{\"@type\":\"ReadAction\",\"target\":[\"https:\\\/\\\/rv-tech.de\\\/produkt\\\/zusaetzliche-verriegelungen-fawo\\\/\"]}]},{\"@type\":\"ImageObject\",\"inLanguage\":\"en-US\",\"@id\":\"https:\\\/\\\/rv-tech.de\\\/produkt\\\/zusaetzliche-verriegelungen-fawo\\\/#primaryimage\",\"url\":\"https:\\\/\\\/rv-tech.de\\\/wp-content\\\/uploads\\\/2026\\\/03\\\/1x-Zusaetzliche-Verriegelung-Fawo.png\",\"contentUrl\":\"https:\\\/\\\/rv-tech.de\\\/wp-content\\\/uploads\\\/2026\\\/03\\\/1x-Zusaetzliche-Verriegelung-Fawo.png\",\"width\":500,\"height\":500},{\"@type\":\"BreadcrumbList\",\"@id\":\"https:\\\/\\\/rv-tech.de\\\/produkt\\\/zusaetzliche-verriegelungen-fawo\\\/#breadcrumb\",\"itemListElement\":[{\"@type\":\"ListItem\",\"position\":1,\"name\":\"Start\",\"item\":\"https:\\\/\\\/rv-tech.de\\\/\"},{\"@type\":\"ListItem\",\"position\":2,\"name\":\"Shop\",\"item\":\"https:\\\/\\\/rv-tech.de\\\/shop\\\/\"},{\"@type\":\"ListItem\",\"position\":3,\"name\":\"Zus\u00e4tzliche Verriegelung Fawo\"}]},{\"@type\":\"WebSite\",\"@id\":\"https:\\\/\\\/rv-tech.de\\\/#website\",\"url\":\"https:\\\/\\\/rv-tech.de\\\/\",\"name\":\"RV Tech\",\"description\":\"Technik f\u00fcr Ihr Reisemobil\",\"publisher\":{\"@id\":\"https:\\\/\\\/rv-tech.de\\\/#organization\"},\"alternateName\":\"Automatische Dachfenster, Zentralverriegelung und Heckst\u00fctzen f\u00fcr Reisemobile\",\"potentialAction\":[{\"@type\":\"SearchAction\",\"target\":{\"@type\":\"EntryPoint\",\"urlTemplate\":\"https:\\\/\\\/rv-tech.de\\\/?s={search_term_string}\"},\"query-input\":{\"@type\":\"PropertyValueSpecification\",\"valueRequired\":true,\"valueName\":\"search_term_string\"}}],\"inLanguage\":\"en-US\"},{\"@type\":\"Organization\",\"@id\":\"https:\\\/\\\/rv-tech.de\\\/#organization\",\"name\":\"RV Tech\",\"alternateName\":\"Automatische Dachfenster, Zentralverriegelung und Heckst\u00fctzen f\u00fcr Reisemobile\",\"url\":\"https:\\\/\\\/rv-tech.de\\\/\",\"logo\":{\"@type\":\"ImageObject\",\"inLanguage\":\"en-US\",\"@id\":\"https:\\\/\\\/rv-tech.de\\\/#\\\/schema\\\/logo\\\/image\\\/\",\"url\":\"https:\\\/\\\/rv-tech.de\\\/wp-content\\\/uploads\\\/2026\\\/01\\\/Logo-RV-Tech.png\",\"contentUrl\":\"https:\\\/\\\/rv-tech.de\\\/wp-content\\\/uploads\\\/2026\\\/01\\\/Logo-RV-Tech.png\",\"width\":2480,\"height\":845,\"caption\":\"RV Tech\"},\"image\":{\"@id\":\"https:\\\/\\\/rv-tech.de\\\/#\\\/schema\\\/logo\\\/image\\\/\"},\"sameAs\":[\"https:\\\/\\\/www.facebook.com\\\/rvtech.de\",\"https:\\\/\\\/www.youtube.com\\\/@RV-tech_Ravensburg\",\"https:\\\/\\\/share.google\\\/dv203Gdb6AlgvNeQD\"]}]}<\/script>\n<!-- \/ Yoast SEO plugin. -->","yoast_head_json":{"title":"Zus\u00e4tzliche Verriegelung Fawo - RV Tech","robots":{"index":"index","follow":"follow","max-snippet":"max-snippet:-1","max-image-preview":"max-image-preview:large","max-video-preview":"max-video-preview:-1"},"canonical":"https:\/\/rv-tech.de\/en\/product\/zusaetzliche-verriegelungen-fawo\/","og_locale":"en_US","og_type":"article","og_title":"Zus\u00e4tzliche Verriegelung Fawo - RV Tech","og_description":"Mit unseren zus\u00e4tzlichen Verriegelungen \u00f6ffnen und schlie\u00dfen Sie bis zu acht Stauraumklappen gemeinsam \u00fcber Ihr Steuerger\u00e4t.  Sie erhalten eine Verriegelung inkl. Zubeh\u00f6r f\u00fcr die Anbindung an das von Ihnen gew\u00e4hlte Schloss (ohne Anschlusskabel und ohne das Schloss). Zudem ist ein Demontageschl\u00fcssel f\u00fcr Ihren Schlie\u00dfzylinder enthalten. Die Demontage wird in der Einbauanleitung genau beschrieben:","og_url":"https:\/\/rv-tech.de\/en\/product\/zusaetzliche-verriegelungen-fawo\/","og_site_name":"RV Tech","article_publisher":"https:\/\/www.facebook.com\/rvtech.de","article_modified_time":"2026-04-27T13:51:24+00:00","og_image":[{"width":500,"height":500,"url":"https:\/\/rv-tech.de\/wp-content\/uploads\/2026\/03\/1x-Zusaetzliche-Verriegelung-Fawo.png","type":"image\/png"}],"twitter_card":"summary_large_image","twitter_misc":{"Est. reading time":"2 minutes"},"schema":{"@context":"https:\/\/schema.org","@graph":[{"@type":"WebPage","@id":"https:\/\/rv-tech.de\/produkt\/zusaetzliche-verriegelungen-fawo\/","url":"https:\/\/rv-tech.de\/produkt\/zusaetzliche-verriegelungen-fawo\/","name":"Zus\u00e4tzliche Verriegelung Fawo - RV Tech","isPartOf":{"@id":"https:\/\/rv-tech.de\/#website"},"primaryImageOfPage":{"@id":"https:\/\/rv-tech.de\/produkt\/zusaetzliche-verriegelungen-fawo\/#primaryimage"},"image":{"@id":"https:\/\/rv-tech.de\/produkt\/zusaetzliche-verriegelungen-fawo\/#primaryimage"},"thumbnailUrl":"https:\/\/rv-tech.de\/wp-content\/uploads\/2026\/03\/1x-Zusaetzliche-Verriegelung-Fawo.png","datePublished":"2026-03-05T17:23:22+00:00","dateModified":"2026-04-27T13:51:24+00:00","breadcrumb":{"@id":"https:\/\/rv-tech.de\/produkt\/zusaetzliche-verriegelungen-fawo\/#breadcrumb"},"inLanguage":"en-US","potentialAction":[{"@type":"ReadAction","target":["https:\/\/rv-tech.de\/produkt\/zusaetzliche-verriegelungen-fawo\/"]}]},{"@type":"ImageObject","inLanguage":"en-US","@id":"https:\/\/rv-tech.de\/produkt\/zusaetzliche-verriegelungen-fawo\/#primaryimage","url":"https:\/\/rv-tech.de\/wp-content\/uploads\/2026\/03\/1x-Zusaetzliche-Verriegelung-Fawo.png","contentUrl":"https:\/\/rv-tech.de\/wp-content\/uploads\/2026\/03\/1x-Zusaetzliche-Verriegelung-Fawo.png","width":500,"height":500},{"@type":"BreadcrumbList","@id":"https:\/\/rv-tech.de\/produkt\/zusaetzliche-verriegelungen-fawo\/#breadcrumb","itemListElement":[{"@type":"ListItem","position":1,"name":"Start","item":"https:\/\/rv-tech.de\/"},{"@type":"ListItem","position":2,"name":"Shop","item":"https:\/\/rv-tech.de\/shop\/"},{"@type":"ListItem","position":3,"name":"Zus\u00e4tzliche Verriegelung Fawo"}]},{"@type":"WebSite","@id":"https:\/\/rv-tech.de\/#website","url":"https:\/\/rv-tech.de\/","name":"RV Tech","description":"Technology for your motorhome","publisher":{"@id":"https:\/\/rv-tech.de\/#organization"},"alternateName":"Automatische Dachfenster, Zentralverriegelung und Heckst\u00fctzen f\u00fcr Reisemobile","potentialAction":[{"@type":"SearchAction","target":{"@type":"EntryPoint","urlTemplate":"https:\/\/rv-tech.de\/?s={search_term_string}"},"query-input":{"@type":"PropertyValueSpecification","valueRequired":true,"valueName":"search_term_string"}}],"inLanguage":"en-US"},{"@type":"Organization","@id":"https:\/\/rv-tech.de\/#organization","name":"RV Tech","alternateName":"Automatische Dachfenster, Zentralverriegelung und Heckst\u00fctzen f\u00fcr Reisemobile","url":"https:\/\/rv-tech.de\/","logo":{"@type":"ImageObject","inLanguage":"en-US","@id":"https:\/\/rv-tech.de\/#\/schema\/logo\/image\/","url":"https:\/\/rv-tech.de\/wp-content\/uploads\/2026\/01\/Logo-RV-Tech.png","contentUrl":"https:\/\/rv-tech.de\/wp-content\/uploads\/2026\/01\/Logo-RV-Tech.png","width":2480,"height":845,"caption":"RV Tech"},"image":{"@id":"https:\/\/rv-tech.de\/#\/schema\/logo\/image\/"},"sameAs":["https:\/\/www.facebook.com\/rvtech.de","https:\/\/www.youtube.com\/@RV-tech_Ravensburg","https:\/\/share.google\/dv203Gdb6AlgvNeQD"]}]}},"_links":{"self":[{"href":"https:\/\/rv-tech.de\/en\/wp-json\/wp\/v2\/product\/366","targetHints":{"allow":["GET"]}}],"collection":[{"href":"https:\/\/rv-tech.de\/en\/wp-json\/wp\/v2\/product"}],"about":[{"href":"https:\/\/rv-tech.de\/en\/wp-json\/wp\/v2\/types\/product"}],"version-history":[{"count":5,"href":"https:\/\/rv-tech.de\/en\/wp-json\/wp\/v2\/product\/366\/revisions"}],"predecessor-version":[{"id":2200,"href":"https:\/\/rv-tech.de\/en\/wp-json\/wp\/v2\/product\/366\/revisions\/2200"}],"wp:featuredmedia":[{"embeddable":true,"href":"https:\/\/rv-tech.de\/en\/wp-json\/wp\/v2\/media\/121448"}],"wp:attachment":[{"href":"https:\/\/rv-tech.de\/en\/wp-json\/wp\/v2\/media?parent=366"}],"wp:term":[{"taxonomy":"product_brand","embeddable":true,"href":"https:\/\/rv-tech.de\/en\/wp-json\/wp\/v2\/product_brand?post=366"},{"taxonomy":"product_cat","embeddable":true,"href":"https:\/\/rv-tech.de\/en\/wp-json\/wp\/v2\/product_cat?post=366"},{"taxonomy":"product_tag","embeddable":true,"href":"https:\/\/rv-tech.de\/en\/wp-json\/wp\/v2\/product_tag?post=366"}],"curies":[{"name":"wp","href":"https:\/\/api.w.org\/{rel}","templated":true}]}}