{"id":305,"date":"2026-03-06T19:45:13","date_gmt":"2026-03-06T18:45:13","guid":{"rendered":"http:\/\/rv-tech.de\/?post_type=product&#038;p=305"},"modified":"2026-03-06T19:51:27","modified_gmt":"2026-03-06T18:51:27","slug":"zusaetzliches-anschlusskabel","status":"publish","type":"product","link":"https:\/\/rv-tech.de\/en\/product\/zusaetzliches-anschlusskabel\/","title":{"rendered":"Additional connection cable"},"content":{"rendered":"<p data-start=\"0\" data-end=\"292\">With the <strong data-start=\"8\" data-end=\"69\">additional connection cables for your central locking system<\/strong> Additional locking mechanisms can be integrated flexibly and neatly into the system. The cables reliably connect the individual locking mechanisms to the control unit and ensure a secure power supply to the lifting magnets.<\/p>\n<p data-start=\"294\" data-end=\"562\">The connection cables are specifically designed for RV tech&#039;s central locking system and allow for easy expansion or adaptation of your existing installation. This makes it easy to equip even larger motorhomes with multiple storage compartments.<\/p>\n<p data-start=\"564\" data-end=\"820\">Depending on the installation situation, you can choose between two cable lengths. The version with <strong data-start=\"650\" data-end=\"662\">4 meters<\/strong> is ideal for shorter journeys in the vehicle, while the <strong data-start=\"723\" data-end=\"742\">6-meter version<\/strong> offers more flexibility for larger vehicles or more distant flaps.<\/p>\n<p data-start=\"822\" data-end=\"961\" data-is-last-node=\"\" data-is-only-node=\"\">The cables are ready for immediate use and can be quickly and easily integrated into the existing system.<\/p>","protected":false},"excerpt":{"rendered":"<p>Additional cable for your central locking system, available in two different lengths.<\/p>","protected":false},"featured_media":2225,"template":"","meta":{"_acf_changed":false},"product_brand":[],"product_cat":[31,34],"product_tag":[],"class_list":{"0":"post-305","1":"product","2":"type-product","3":"status-publish","4":"has-post-thumbnail","6":"product_cat-zentralverriegelung","7":"product_cat-zubehoer","8":"product_shipping_class-kleinigkeit","10":"first","11":"instock","12":"taxable","13":"shipping-taxable","14":"purchasable","15":"product-type-variable"},"acf":[],"yoast_head":"<!-- This site is optimized with the Yoast SEO plugin v27.6 - https:\/\/yoast.com\/product\/yoast-seo-wordpress\/ -->\n<title>Zus\u00e4tzliches Anschlusskabel - RV Tech<\/title>\n<meta name=\"robots\" content=\"index, follow, max-snippet:-1, max-image-preview:large, max-video-preview:-1\" \/>\n<link rel=\"canonical\" href=\"https:\/\/rv-tech.de\/en\/product\/zusaetzliches-anschlusskabel\/\" \/>\n<meta property=\"og:locale\" content=\"en_US\" \/>\n<meta property=\"og:type\" content=\"article\" \/>\n<meta property=\"og:title\" content=\"Zus\u00e4tzliches Anschlusskabel - RV Tech\" \/>\n<meta property=\"og:description\" content=\"Zus\u00e4tzliches Kabel f\u00fcr Ihre Zentralverriegelung in zwei verschiedenen L\u00e4ngen w\u00e4hlbar.\" \/>\n<meta property=\"og:url\" content=\"https:\/\/rv-tech.de\/en\/product\/zusaetzliches-anschlusskabel\/\" \/>\n<meta property=\"og:site_name\" content=\"RV Tech\" \/>\n<meta property=\"article:publisher\" content=\"https:\/\/www.facebook.com\/rvtech.de\" \/>\n<meta property=\"article:modified_time\" content=\"2026-03-06T18:51:27+00:00\" \/>\n<meta property=\"og:image\" content=\"https:\/\/rv-tech.de\/wp-content\/uploads\/2026\/01\/Laenge-Waehlen.png\" \/>\n\t<meta property=\"og:image:width\" content=\"500\" \/>\n\t<meta property=\"og:image:height\" content=\"500\" \/>\n\t<meta property=\"og:image:type\" content=\"image\/png\" \/>\n<meta name=\"twitter:card\" content=\"summary_large_image\" \/>\n<meta name=\"twitter:label1\" content=\"Est. reading time\" \/>\n\t<meta name=\"twitter:data1\" content=\"1 minute\" \/>\n<script type=\"application\/ld+json\" class=\"yoast-schema-graph\">{\"@context\":\"https:\\\/\\\/schema.org\",\"@graph\":[{\"@type\":\"WebPage\",\"@id\":\"https:\\\/\\\/rv-tech.de\\\/produkt\\\/zusaetzliches-anschlusskabel\\\/\",\"url\":\"https:\\\/\\\/rv-tech.de\\\/produkt\\\/zusaetzliches-anschlusskabel\\\/\",\"name\":\"Zus\u00e4tzliches Anschlusskabel - RV Tech\",\"isPartOf\":{\"@id\":\"https:\\\/\\\/rv-tech.de\\\/#website\"},\"primaryImageOfPage\":{\"@id\":\"https:\\\/\\\/rv-tech.de\\\/produkt\\\/zusaetzliches-anschlusskabel\\\/#primaryimage\"},\"image\":{\"@id\":\"https:\\\/\\\/rv-tech.de\\\/produkt\\\/zusaetzliches-anschlusskabel\\\/#primaryimage\"},\"thumbnailUrl\":\"https:\\\/\\\/rv-tech.de\\\/wp-content\\\/uploads\\\/2026\\\/01\\\/Laenge-Waehlen.png\",\"datePublished\":\"2026-03-06T18:45:13+00:00\",\"dateModified\":\"2026-03-06T18:51:27+00:00\",\"breadcrumb\":{\"@id\":\"https:\\\/\\\/rv-tech.de\\\/produkt\\\/zusaetzliches-anschlusskabel\\\/#breadcrumb\"},\"inLanguage\":\"en-US\",\"potentialAction\":[{\"@type\":\"ReadAction\",\"target\":[\"https:\\\/\\\/rv-tech.de\\\/produkt\\\/zusaetzliches-anschlusskabel\\\/\"]}]},{\"@type\":\"ImageObject\",\"inLanguage\":\"en-US\",\"@id\":\"https:\\\/\\\/rv-tech.de\\\/produkt\\\/zusaetzliches-anschlusskabel\\\/#primaryimage\",\"url\":\"https:\\\/\\\/rv-tech.de\\\/wp-content\\\/uploads\\\/2026\\\/01\\\/Laenge-Waehlen.png\",\"contentUrl\":\"https:\\\/\\\/rv-tech.de\\\/wp-content\\\/uploads\\\/2026\\\/01\\\/Laenge-Waehlen.png\",\"width\":500,\"height\":500},{\"@type\":\"BreadcrumbList\",\"@id\":\"https:\\\/\\\/rv-tech.de\\\/produkt\\\/zusaetzliches-anschlusskabel\\\/#breadcrumb\",\"itemListElement\":[{\"@type\":\"ListItem\",\"position\":1,\"name\":\"Start\",\"item\":\"https:\\\/\\\/rv-tech.de\\\/\"},{\"@type\":\"ListItem\",\"position\":2,\"name\":\"Shop\",\"item\":\"https:\\\/\\\/rv-tech.de\\\/shop\\\/\"},{\"@type\":\"ListItem\",\"position\":3,\"name\":\"Zus\u00e4tzliches Anschlusskabel\"}]},{\"@type\":\"WebSite\",\"@id\":\"https:\\\/\\\/rv-tech.de\\\/#website\",\"url\":\"https:\\\/\\\/rv-tech.de\\\/\",\"name\":\"RV Tech\",\"description\":\"Technik f\u00fcr Ihr Reisemobil\",\"publisher\":{\"@id\":\"https:\\\/\\\/rv-tech.de\\\/#organization\"},\"alternateName\":\"Automatische Dachfenster, Zentralverriegelung und Heckst\u00fctzen f\u00fcr Reisemobile\",\"potentialAction\":[{\"@type\":\"SearchAction\",\"target\":{\"@type\":\"EntryPoint\",\"urlTemplate\":\"https:\\\/\\\/rv-tech.de\\\/?s={search_term_string}\"},\"query-input\":{\"@type\":\"PropertyValueSpecification\",\"valueRequired\":true,\"valueName\":\"search_term_string\"}}],\"inLanguage\":\"en-US\"},{\"@type\":\"Organization\",\"@id\":\"https:\\\/\\\/rv-tech.de\\\/#organization\",\"name\":\"RV Tech\",\"alternateName\":\"Automatische Dachfenster, Zentralverriegelung und Heckst\u00fctzen f\u00fcr Reisemobile\",\"url\":\"https:\\\/\\\/rv-tech.de\\\/\",\"logo\":{\"@type\":\"ImageObject\",\"inLanguage\":\"en-US\",\"@id\":\"https:\\\/\\\/rv-tech.de\\\/#\\\/schema\\\/logo\\\/image\\\/\",\"url\":\"https:\\\/\\\/rv-tech.de\\\/wp-content\\\/uploads\\\/2026\\\/01\\\/Logo-RV-Tech.png\",\"contentUrl\":\"https:\\\/\\\/rv-tech.de\\\/wp-content\\\/uploads\\\/2026\\\/01\\\/Logo-RV-Tech.png\",\"width\":2480,\"height\":845,\"caption\":\"RV Tech\"},\"image\":{\"@id\":\"https:\\\/\\\/rv-tech.de\\\/#\\\/schema\\\/logo\\\/image\\\/\"},\"sameAs\":[\"https:\\\/\\\/www.facebook.com\\\/rvtech.de\",\"https:\\\/\\\/www.youtube.com\\\/@RV-tech_Ravensburg\",\"https:\\\/\\\/share.google\\\/dv203Gdb6AlgvNeQD\"]}]}<\/script>\n<!-- \/ Yoast SEO plugin. -->","yoast_head_json":{"title":"Zus\u00e4tzliches Anschlusskabel - RV Tech","robots":{"index":"index","follow":"follow","max-snippet":"max-snippet:-1","max-image-preview":"max-image-preview:large","max-video-preview":"max-video-preview:-1"},"canonical":"https:\/\/rv-tech.de\/en\/product\/zusaetzliches-anschlusskabel\/","og_locale":"en_US","og_type":"article","og_title":"Zus\u00e4tzliches Anschlusskabel - RV Tech","og_description":"Zus\u00e4tzliches Kabel f\u00fcr Ihre Zentralverriegelung in zwei verschiedenen L\u00e4ngen w\u00e4hlbar.","og_url":"https:\/\/rv-tech.de\/en\/product\/zusaetzliches-anschlusskabel\/","og_site_name":"RV Tech","article_publisher":"https:\/\/www.facebook.com\/rvtech.de","article_modified_time":"2026-03-06T18:51:27+00:00","og_image":[{"width":500,"height":500,"url":"https:\/\/rv-tech.de\/wp-content\/uploads\/2026\/01\/Laenge-Waehlen.png","type":"image\/png"}],"twitter_card":"summary_large_image","twitter_misc":{"Est. reading time":"1 minute"},"schema":{"@context":"https:\/\/schema.org","@graph":[{"@type":"WebPage","@id":"https:\/\/rv-tech.de\/produkt\/zusaetzliches-anschlusskabel\/","url":"https:\/\/rv-tech.de\/produkt\/zusaetzliches-anschlusskabel\/","name":"Zus\u00e4tzliches Anschlusskabel - RV Tech","isPartOf":{"@id":"https:\/\/rv-tech.de\/#website"},"primaryImageOfPage":{"@id":"https:\/\/rv-tech.de\/produkt\/zusaetzliches-anschlusskabel\/#primaryimage"},"image":{"@id":"https:\/\/rv-tech.de\/produkt\/zusaetzliches-anschlusskabel\/#primaryimage"},"thumbnailUrl":"https:\/\/rv-tech.de\/wp-content\/uploads\/2026\/01\/Laenge-Waehlen.png","datePublished":"2026-03-06T18:45:13+00:00","dateModified":"2026-03-06T18:51:27+00:00","breadcrumb":{"@id":"https:\/\/rv-tech.de\/produkt\/zusaetzliches-anschlusskabel\/#breadcrumb"},"inLanguage":"en-US","potentialAction":[{"@type":"ReadAction","target":["https:\/\/rv-tech.de\/produkt\/zusaetzliches-anschlusskabel\/"]}]},{"@type":"ImageObject","inLanguage":"en-US","@id":"https:\/\/rv-tech.de\/produkt\/zusaetzliches-anschlusskabel\/#primaryimage","url":"https:\/\/rv-tech.de\/wp-content\/uploads\/2026\/01\/Laenge-Waehlen.png","contentUrl":"https:\/\/rv-tech.de\/wp-content\/uploads\/2026\/01\/Laenge-Waehlen.png","width":500,"height":500},{"@type":"BreadcrumbList","@id":"https:\/\/rv-tech.de\/produkt\/zusaetzliches-anschlusskabel\/#breadcrumb","itemListElement":[{"@type":"ListItem","position":1,"name":"Start","item":"https:\/\/rv-tech.de\/"},{"@type":"ListItem","position":2,"name":"Shop","item":"https:\/\/rv-tech.de\/shop\/"},{"@type":"ListItem","position":3,"name":"Zus\u00e4tzliches Anschlusskabel"}]},{"@type":"WebSite","@id":"https:\/\/rv-tech.de\/#website","url":"https:\/\/rv-tech.de\/","name":"RV Tech","description":"Technology for your motorhome","publisher":{"@id":"https:\/\/rv-tech.de\/#organization"},"alternateName":"Automatische Dachfenster, Zentralverriegelung und Heckst\u00fctzen f\u00fcr Reisemobile","potentialAction":[{"@type":"SearchAction","target":{"@type":"EntryPoint","urlTemplate":"https:\/\/rv-tech.de\/?s={search_term_string}"},"query-input":{"@type":"PropertyValueSpecification","valueRequired":true,"valueName":"search_term_string"}}],"inLanguage":"en-US"},{"@type":"Organization","@id":"https:\/\/rv-tech.de\/#organization","name":"RV Tech","alternateName":"Automatische Dachfenster, Zentralverriegelung und Heckst\u00fctzen f\u00fcr Reisemobile","url":"https:\/\/rv-tech.de\/","logo":{"@type":"ImageObject","inLanguage":"en-US","@id":"https:\/\/rv-tech.de\/#\/schema\/logo\/image\/","url":"https:\/\/rv-tech.de\/wp-content\/uploads\/2026\/01\/Logo-RV-Tech.png","contentUrl":"https:\/\/rv-tech.de\/wp-content\/uploads\/2026\/01\/Logo-RV-Tech.png","width":2480,"height":845,"caption":"RV Tech"},"image":{"@id":"https:\/\/rv-tech.de\/#\/schema\/logo\/image\/"},"sameAs":["https:\/\/www.facebook.com\/rvtech.de","https:\/\/www.youtube.com\/@RV-tech_Ravensburg","https:\/\/share.google\/dv203Gdb6AlgvNeQD"]}]}},"_links":{"self":[{"href":"https:\/\/rv-tech.de\/en\/wp-json\/wp\/v2\/product\/305","targetHints":{"allow":["GET"]}}],"collection":[{"href":"https:\/\/rv-tech.de\/en\/wp-json\/wp\/v2\/product"}],"about":[{"href":"https:\/\/rv-tech.de\/en\/wp-json\/wp\/v2\/types\/product"}],"version-history":[{"count":5,"href":"https:\/\/rv-tech.de\/en\/wp-json\/wp\/v2\/product\/305\/revisions"}],"predecessor-version":[{"id":2226,"href":"https:\/\/rv-tech.de\/en\/wp-json\/wp\/v2\/product\/305\/revisions\/2226"}],"wp:featuredmedia":[{"embeddable":true,"href":"https:\/\/rv-tech.de\/en\/wp-json\/wp\/v2\/media\/2225"}],"wp:attachment":[{"href":"https:\/\/rv-tech.de\/en\/wp-json\/wp\/v2\/media?parent=305"}],"wp:term":[{"taxonomy":"product_brand","embeddable":true,"href":"https:\/\/rv-tech.de\/en\/wp-json\/wp\/v2\/product_brand?post=305"},{"taxonomy":"product_cat","embeddable":true,"href":"https:\/\/rv-tech.de\/en\/wp-json\/wp\/v2\/product_cat?post=305"},{"taxonomy":"product_tag","embeddable":true,"href":"https:\/\/rv-tech.de\/en\/wp-json\/wp\/v2\/product_tag?post=305"}],"curies":[{"name":"wp","href":"https:\/\/api.w.org\/{rel}","templated":true}]}}