{"id":284,"date":"2026-01-09T18:23:13","date_gmt":"2026-01-09T17:23:13","guid":{"rendered":"http:\/\/rv-tech.de\/?post_type=product&#038;p=284"},"modified":"2026-03-11T10:10:42","modified_gmt":"2026-03-11T09:10:42","slug":"automatisches-schliessen-bei-fahrzeugstart","status":"publish","type":"product","link":"https:\/\/rv-tech.de\/en\/product\/automatisches-schliessen-bei-fahrzeugstart\/","title":{"rendered":"Automatic locking when vehicle starts"},"content":{"rendered":"<p data-start=\"0\" data-end=\"219\">With the function <strong data-start=\"17\" data-end=\"62\">Automatic locking when vehicle starts<\/strong> Your roof window ensures maximum safety at all times while driving. As soon as the ignition is switched on, the roof window closes automatically.<\/p>\n<p data-start=\"221\" data-end=\"594\">The vehicle ignition signal is not transmitted to the sunroof via a cable, but conveniently wirelessly. The small electronic unit is simply connected to the back of the cigarette lighter socket using two wires. As soon as the ignition key is turned, the circuit board sends a signal to the sunroof&#039;s control unit, and the sunroof closes automatically.<\/p>\n<p data-start=\"596\" data-end=\"827\">Installation is quick and easy, typically taking only about 15 minutes. This ensures that the sunroof closes reliably when you start the vehicle, without you having to think about it.<\/p>","protected":false},"excerpt":{"rendered":"<p>For safety and comfort reasons, your sunroof should be closed while driving. You don&#039;t even need to run a cable from the cockpit to the sunroof to transmit the ignition signal to the sunroof control unit. We transmit the signal wirelessly! Simply connect the small electronic unit with its two cables to the back of your cigarette lighter socket. And your sunroof will close automatically when you turn the ignition key.<\/p>","protected":false},"featured_media":2209,"template":"","meta":{"_acf_changed":false},"product_brand":[],"product_cat":[30,34],"product_tag":[],"class_list":{"0":"post-284","1":"product","2":"type-product","3":"status-publish","4":"has-post-thumbnail","6":"product_cat-dachfenster_antrieb","7":"product_cat-zubehoer","8":"product_shipping_class-kleinigkeit","10":"first","11":"instock","12":"taxable","13":"shipping-taxable","14":"purchasable","15":"product-type-variable","16":"has-default-attributes"},"acf":[],"yoast_head":"<!-- This site is optimized with the Yoast SEO plugin v27.6 - https:\/\/yoast.com\/product\/yoast-seo-wordpress\/ -->\n<title>Automatisches Schlie\u00dfen bei Fahrzeugstart - RV Tech<\/title>\n<meta name=\"robots\" content=\"index, follow, max-snippet:-1, max-image-preview:large, max-video-preview:-1\" \/>\n<link rel=\"canonical\" href=\"https:\/\/rv-tech.de\/en\/product\/automatisches-schliessen-bei-fahrzeugstart\/\" \/>\n<meta property=\"og:locale\" content=\"en_US\" \/>\n<meta property=\"og:type\" content=\"article\" \/>\n<meta property=\"og:title\" content=\"Automatisches Schlie\u00dfen bei Fahrzeugstart - RV Tech\" \/>\n<meta property=\"og:description\" content=\"Aus Sicherheits- und Komfortgr\u00fcnden sollte Ihr Dachfenster w\u00e4hrend der Fahrt geschlossen sein. Sie brauchen dazu nicht mal ein Kabel vom Cockpit bis zum Dachfenster legen, um das Signal der Z\u00fcndung an das Steuerger\u00e4t des Dachfensters zu \u00fcbertragen. Denn wir \u00fcbertragen das Signal per Funk! Schlie\u00dfen Sie die kleine Elektronik mit Ihren zwei Kabeln einfach auf der R\u00fcckseite Ihres Zigarettenanz\u00fcnders an. Und schon schlie\u00dft sich Ihr Dachfenster ganz automatisch, wenn Sie den Z\u00fcndschl\u00fcssel drehen.\" \/>\n<meta property=\"og:url\" content=\"https:\/\/rv-tech.de\/en\/product\/automatisches-schliessen-bei-fahrzeugstart\/\" \/>\n<meta property=\"og:site_name\" content=\"RV Tech\" \/>\n<meta property=\"article:publisher\" content=\"https:\/\/www.facebook.com\/rvtech.de\" \/>\n<meta property=\"article:modified_time\" content=\"2026-03-11T09:10:42+00:00\" \/>\n<meta property=\"og:image\" content=\"https:\/\/rv-tech.de\/wp-content\/uploads\/2026\/01\/automatisches-schliessen-bei-fahrzeugstart.png\" \/>\n\t<meta property=\"og:image:width\" content=\"500\" \/>\n\t<meta property=\"og:image:height\" content=\"500\" \/>\n\t<meta property=\"og:image:type\" content=\"image\/png\" \/>\n<meta name=\"twitter:card\" content=\"summary_large_image\" \/>\n<meta name=\"twitter:label1\" content=\"Est. reading time\" \/>\n\t<meta name=\"twitter:data1\" content=\"1 minute\" \/>\n<script type=\"application\/ld+json\" class=\"yoast-schema-graph\">{\"@context\":\"https:\\\/\\\/schema.org\",\"@graph\":[{\"@type\":\"WebPage\",\"@id\":\"https:\\\/\\\/rv-tech.de\\\/produkt\\\/automatisches-schliessen-bei-fahrzeugstart\\\/\",\"url\":\"https:\\\/\\\/rv-tech.de\\\/produkt\\\/automatisches-schliessen-bei-fahrzeugstart\\\/\",\"name\":\"Automatisches Schlie\u00dfen bei Fahrzeugstart - RV Tech\",\"isPartOf\":{\"@id\":\"https:\\\/\\\/rv-tech.de\\\/#website\"},\"primaryImageOfPage\":{\"@id\":\"https:\\\/\\\/rv-tech.de\\\/produkt\\\/automatisches-schliessen-bei-fahrzeugstart\\\/#primaryimage\"},\"image\":{\"@id\":\"https:\\\/\\\/rv-tech.de\\\/produkt\\\/automatisches-schliessen-bei-fahrzeugstart\\\/#primaryimage\"},\"thumbnailUrl\":\"https:\\\/\\\/rv-tech.de\\\/wp-content\\\/uploads\\\/2026\\\/01\\\/automatisches-schliessen-bei-fahrzeugstart.png\",\"datePublished\":\"2026-01-09T17:23:13+00:00\",\"dateModified\":\"2026-03-11T09:10:42+00:00\",\"breadcrumb\":{\"@id\":\"https:\\\/\\\/rv-tech.de\\\/produkt\\\/automatisches-schliessen-bei-fahrzeugstart\\\/#breadcrumb\"},\"inLanguage\":\"en-US\",\"potentialAction\":[{\"@type\":\"ReadAction\",\"target\":[\"https:\\\/\\\/rv-tech.de\\\/produkt\\\/automatisches-schliessen-bei-fahrzeugstart\\\/\"]}]},{\"@type\":\"ImageObject\",\"inLanguage\":\"en-US\",\"@id\":\"https:\\\/\\\/rv-tech.de\\\/produkt\\\/automatisches-schliessen-bei-fahrzeugstart\\\/#primaryimage\",\"url\":\"https:\\\/\\\/rv-tech.de\\\/wp-content\\\/uploads\\\/2026\\\/01\\\/automatisches-schliessen-bei-fahrzeugstart.png\",\"contentUrl\":\"https:\\\/\\\/rv-tech.de\\\/wp-content\\\/uploads\\\/2026\\\/01\\\/automatisches-schliessen-bei-fahrzeugstart.png\",\"width\":500,\"height\":500},{\"@type\":\"BreadcrumbList\",\"@id\":\"https:\\\/\\\/rv-tech.de\\\/produkt\\\/automatisches-schliessen-bei-fahrzeugstart\\\/#breadcrumb\",\"itemListElement\":[{\"@type\":\"ListItem\",\"position\":1,\"name\":\"Start\",\"item\":\"https:\\\/\\\/rv-tech.de\\\/\"},{\"@type\":\"ListItem\",\"position\":2,\"name\":\"Shop\",\"item\":\"https:\\\/\\\/rv-tech.de\\\/shop\\\/\"},{\"@type\":\"ListItem\",\"position\":3,\"name\":\"Automatisches Schlie\u00dfen bei Fahrzeugstart\"}]},{\"@type\":\"WebSite\",\"@id\":\"https:\\\/\\\/rv-tech.de\\\/#website\",\"url\":\"https:\\\/\\\/rv-tech.de\\\/\",\"name\":\"RV Tech\",\"description\":\"Technik f\u00fcr Ihr Reisemobil\",\"publisher\":{\"@id\":\"https:\\\/\\\/rv-tech.de\\\/#organization\"},\"alternateName\":\"Automatische Dachfenster, Zentralverriegelung und Heckst\u00fctzen f\u00fcr Reisemobile\",\"potentialAction\":[{\"@type\":\"SearchAction\",\"target\":{\"@type\":\"EntryPoint\",\"urlTemplate\":\"https:\\\/\\\/rv-tech.de\\\/?s={search_term_string}\"},\"query-input\":{\"@type\":\"PropertyValueSpecification\",\"valueRequired\":true,\"valueName\":\"search_term_string\"}}],\"inLanguage\":\"en-US\"},{\"@type\":\"Organization\",\"@id\":\"https:\\\/\\\/rv-tech.de\\\/#organization\",\"name\":\"RV Tech\",\"alternateName\":\"Automatische Dachfenster, Zentralverriegelung und Heckst\u00fctzen f\u00fcr Reisemobile\",\"url\":\"https:\\\/\\\/rv-tech.de\\\/\",\"logo\":{\"@type\":\"ImageObject\",\"inLanguage\":\"en-US\",\"@id\":\"https:\\\/\\\/rv-tech.de\\\/#\\\/schema\\\/logo\\\/image\\\/\",\"url\":\"https:\\\/\\\/rv-tech.de\\\/wp-content\\\/uploads\\\/2026\\\/01\\\/Logo-RV-Tech.png\",\"contentUrl\":\"https:\\\/\\\/rv-tech.de\\\/wp-content\\\/uploads\\\/2026\\\/01\\\/Logo-RV-Tech.png\",\"width\":2480,\"height\":845,\"caption\":\"RV Tech\"},\"image\":{\"@id\":\"https:\\\/\\\/rv-tech.de\\\/#\\\/schema\\\/logo\\\/image\\\/\"},\"sameAs\":[\"https:\\\/\\\/www.facebook.com\\\/rvtech.de\",\"https:\\\/\\\/www.youtube.com\\\/@RV-tech_Ravensburg\",\"https:\\\/\\\/share.google\\\/dv203Gdb6AlgvNeQD\"]}]}<\/script>\n<!-- \/ Yoast SEO plugin. -->","yoast_head_json":{"title":"Automatisches Schlie\u00dfen bei Fahrzeugstart - RV Tech","robots":{"index":"index","follow":"follow","max-snippet":"max-snippet:-1","max-image-preview":"max-image-preview:large","max-video-preview":"max-video-preview:-1"},"canonical":"https:\/\/rv-tech.de\/en\/product\/automatisches-schliessen-bei-fahrzeugstart\/","og_locale":"en_US","og_type":"article","og_title":"Automatisches Schlie\u00dfen bei Fahrzeugstart - RV Tech","og_description":"Aus Sicherheits- und Komfortgr\u00fcnden sollte Ihr Dachfenster w\u00e4hrend der Fahrt geschlossen sein. Sie brauchen dazu nicht mal ein Kabel vom Cockpit bis zum Dachfenster legen, um das Signal der Z\u00fcndung an das Steuerger\u00e4t des Dachfensters zu \u00fcbertragen. Denn wir \u00fcbertragen das Signal per Funk! Schlie\u00dfen Sie die kleine Elektronik mit Ihren zwei Kabeln einfach auf der R\u00fcckseite Ihres Zigarettenanz\u00fcnders an. Und schon schlie\u00dft sich Ihr Dachfenster ganz automatisch, wenn Sie den Z\u00fcndschl\u00fcssel drehen.","og_url":"https:\/\/rv-tech.de\/en\/product\/automatisches-schliessen-bei-fahrzeugstart\/","og_site_name":"RV Tech","article_publisher":"https:\/\/www.facebook.com\/rvtech.de","article_modified_time":"2026-03-11T09:10:42+00:00","og_image":[{"width":500,"height":500,"url":"https:\/\/rv-tech.de\/wp-content\/uploads\/2026\/01\/automatisches-schliessen-bei-fahrzeugstart.png","type":"image\/png"}],"twitter_card":"summary_large_image","twitter_misc":{"Est. reading time":"1 minute"},"schema":{"@context":"https:\/\/schema.org","@graph":[{"@type":"WebPage","@id":"https:\/\/rv-tech.de\/produkt\/automatisches-schliessen-bei-fahrzeugstart\/","url":"https:\/\/rv-tech.de\/produkt\/automatisches-schliessen-bei-fahrzeugstart\/","name":"Automatisches Schlie\u00dfen bei Fahrzeugstart - RV Tech","isPartOf":{"@id":"https:\/\/rv-tech.de\/#website"},"primaryImageOfPage":{"@id":"https:\/\/rv-tech.de\/produkt\/automatisches-schliessen-bei-fahrzeugstart\/#primaryimage"},"image":{"@id":"https:\/\/rv-tech.de\/produkt\/automatisches-schliessen-bei-fahrzeugstart\/#primaryimage"},"thumbnailUrl":"https:\/\/rv-tech.de\/wp-content\/uploads\/2026\/01\/automatisches-schliessen-bei-fahrzeugstart.png","datePublished":"2026-01-09T17:23:13+00:00","dateModified":"2026-03-11T09:10:42+00:00","breadcrumb":{"@id":"https:\/\/rv-tech.de\/produkt\/automatisches-schliessen-bei-fahrzeugstart\/#breadcrumb"},"inLanguage":"en-US","potentialAction":[{"@type":"ReadAction","target":["https:\/\/rv-tech.de\/produkt\/automatisches-schliessen-bei-fahrzeugstart\/"]}]},{"@type":"ImageObject","inLanguage":"en-US","@id":"https:\/\/rv-tech.de\/produkt\/automatisches-schliessen-bei-fahrzeugstart\/#primaryimage","url":"https:\/\/rv-tech.de\/wp-content\/uploads\/2026\/01\/automatisches-schliessen-bei-fahrzeugstart.png","contentUrl":"https:\/\/rv-tech.de\/wp-content\/uploads\/2026\/01\/automatisches-schliessen-bei-fahrzeugstart.png","width":500,"height":500},{"@type":"BreadcrumbList","@id":"https:\/\/rv-tech.de\/produkt\/automatisches-schliessen-bei-fahrzeugstart\/#breadcrumb","itemListElement":[{"@type":"ListItem","position":1,"name":"Start","item":"https:\/\/rv-tech.de\/"},{"@type":"ListItem","position":2,"name":"Shop","item":"https:\/\/rv-tech.de\/shop\/"},{"@type":"ListItem","position":3,"name":"Automatisches Schlie\u00dfen bei Fahrzeugstart"}]},{"@type":"WebSite","@id":"https:\/\/rv-tech.de\/#website","url":"https:\/\/rv-tech.de\/","name":"RV Tech","description":"Technology for your motorhome","publisher":{"@id":"https:\/\/rv-tech.de\/#organization"},"alternateName":"Automatische Dachfenster, Zentralverriegelung und Heckst\u00fctzen f\u00fcr Reisemobile","potentialAction":[{"@type":"SearchAction","target":{"@type":"EntryPoint","urlTemplate":"https:\/\/rv-tech.de\/?s={search_term_string}"},"query-input":{"@type":"PropertyValueSpecification","valueRequired":true,"valueName":"search_term_string"}}],"inLanguage":"en-US"},{"@type":"Organization","@id":"https:\/\/rv-tech.de\/#organization","name":"RV Tech","alternateName":"Automatische Dachfenster, Zentralverriegelung und Heckst\u00fctzen f\u00fcr Reisemobile","url":"https:\/\/rv-tech.de\/","logo":{"@type":"ImageObject","inLanguage":"en-US","@id":"https:\/\/rv-tech.de\/#\/schema\/logo\/image\/","url":"https:\/\/rv-tech.de\/wp-content\/uploads\/2026\/01\/Logo-RV-Tech.png","contentUrl":"https:\/\/rv-tech.de\/wp-content\/uploads\/2026\/01\/Logo-RV-Tech.png","width":2480,"height":845,"caption":"RV Tech"},"image":{"@id":"https:\/\/rv-tech.de\/#\/schema\/logo\/image\/"},"sameAs":["https:\/\/www.facebook.com\/rvtech.de","https:\/\/www.youtube.com\/@RV-tech_Ravensburg","https:\/\/share.google\/dv203Gdb6AlgvNeQD"]}]}},"_links":{"self":[{"href":"https:\/\/rv-tech.de\/en\/wp-json\/wp\/v2\/product\/284","targetHints":{"allow":["GET"]}}],"collection":[{"href":"https:\/\/rv-tech.de\/en\/wp-json\/wp\/v2\/product"}],"about":[{"href":"https:\/\/rv-tech.de\/en\/wp-json\/wp\/v2\/types\/product"}],"version-history":[{"count":5,"href":"https:\/\/rv-tech.de\/en\/wp-json\/wp\/v2\/product\/284\/revisions"}],"predecessor-version":[{"id":2313,"href":"https:\/\/rv-tech.de\/en\/wp-json\/wp\/v2\/product\/284\/revisions\/2313"}],"wp:featuredmedia":[{"embeddable":true,"href":"https:\/\/rv-tech.de\/en\/wp-json\/wp\/v2\/media\/2209"}],"wp:attachment":[{"href":"https:\/\/rv-tech.de\/en\/wp-json\/wp\/v2\/media?parent=284"}],"wp:term":[{"taxonomy":"product_brand","embeddable":true,"href":"https:\/\/rv-tech.de\/en\/wp-json\/wp\/v2\/product_brand?post=284"},{"taxonomy":"product_cat","embeddable":true,"href":"https:\/\/rv-tech.de\/en\/wp-json\/wp\/v2\/product_cat?post=284"},{"taxonomy":"product_tag","embeddable":true,"href":"https:\/\/rv-tech.de\/en\/wp-json\/wp\/v2\/product_tag?post=284"}],"curies":[{"name":"wp","href":"https:\/\/api.w.org\/{rel}","templated":true}]}}