{"id":283,"date":"2026-01-09T18:23:13","date_gmt":"2026-01-09T17:23:13","guid":{"rendered":"http:\/\/rv-tech.de\/?post_type=product&#038;p=283"},"modified":"2026-03-17T13:08:06","modified_gmt":"2026-03-17T12:08:06","slug":"steuerung-per-app","status":"publish","type":"product","link":"https:\/\/rv-tech.de\/en\/product\/steuerung-per-app\/","title":{"rendered":"Receiver for app control"},"content":{"rendered":"<p data-start=\"0\" data-end=\"257\">With the <strong data-start=\"8\" data-end=\"23\">RV tech App<\/strong> Control your roof window conveniently via your smartphone and utilize the full functionality of the drive system. Open and close your roof hatch easily via the app, even when you are outside your motorhome.<\/p>\n<p data-start=\"259\" data-end=\"544\">In addition to normal controls, the app offers additional convenience features. <strong data-start=\"342\" data-end=\"363\">favorite position<\/strong> You can save a desired window position and recall it at any time. Simply press and hold the corresponding key to save the current position.<\/p>\n<p data-start=\"546\" data-end=\"898\">About the <strong data-start=\"555\" data-end=\"575\">ventilation function<\/strong> The skylight can be opened on a timer. A single press of the button opens the window for 15 minutes and then closes it automatically. Pressing the button twice provides ventilation for 30 minutes; a maximum of 60 minutes is possible. The integrated rain sensor automatically stops the ventilation as soon as rain is detected.<\/p>\n<p data-start=\"900\" data-end=\"1073\">Installation is quick and easy. The Bluetooth receiver simply plugs into the designated port on the control unit and is immediately ready for use.<\/p>\n<p data-start=\"1075\" data-end=\"1216\">Scope of delivery<\/p>","protected":false},"excerpt":{"rendered":"<p>Would you like to operate your roof window in a modern way via an app on your mobile phone and enjoy the full range of functions?<\/p>\n<p>No problem with the RV tech app!<\/p>\n<p>You can also open and close your roof hatch outside your motorhome and enjoy two additional functions:<\/p>\n<ul>\n<li>button\u00a0<strong>Favorite position:<\/strong>\u00a0Program any position by pressing and holding the button, and then recall that position repeatedly.<\/li>\n<li>button\u00a0<strong>ventilation function<\/strong><strong>:<\/strong>\u00a0Pressing the button opens the skylight for 15 minutes, after which it closes automatically. Pressing it twice in quick succession provides ventilation for 30 minutes. A maximum of 60 minutes is possible. Your dog will surely appreciate the fresh air if you leave him alone. (Note: the rain sensor will, of course, immediately stop the ventilation if it starts to rain.)<\/li>\n<\/ul>\n<p>The Bluetooth receiver is simply plugged into the designated connector on the control unit. That&#039;s it!<\/p>","protected":false},"featured_media":121136,"template":"","meta":{"_acf_changed":false},"product_brand":[],"product_cat":[30,34],"product_tag":[],"class_list":{"0":"post-283","1":"product","2":"type-product","3":"status-publish","4":"has-post-thumbnail","6":"product_cat-dachfenster_antrieb","7":"product_cat-zubehoer","8":"product_shipping_class-kleinigkeit","10":"first","11":"instock","12":"taxable","13":"shipping-taxable","14":"purchasable","15":"product-type-variable"},"acf":[],"yoast_head":"<!-- This site is optimized with the Yoast SEO plugin v27.6 - https:\/\/yoast.com\/product\/yoast-seo-wordpress\/ -->\n<title>Empf\u00e4nger f\u00fcr App-Steuerung - RV Tech<\/title>\n<meta name=\"robots\" content=\"index, follow, max-snippet:-1, max-image-preview:large, max-video-preview:-1\" \/>\n<link rel=\"canonical\" href=\"https:\/\/rv-tech.de\/en\/product\/steuerung-per-app\/\" \/>\n<meta property=\"og:locale\" content=\"en_US\" \/>\n<meta property=\"og:type\" content=\"article\" \/>\n<meta property=\"og:title\" content=\"Empf\u00e4nger f\u00fcr App-Steuerung - RV Tech\" \/>\n<meta property=\"og:description\" content=\"Sie m\u00f6chten Ihr Dachfenster auch ganz modern \u00fcber eine App mit Ihrem Handy bet\u00e4tigen und dabei den vollen Funktionsumfang genie\u00dfen?  Kein Problem mit der RV tech App!  Sie \u00f6ffnen und schlie\u00dfen Ihre Dachhaube auch au\u00dferhalb Ihres Reisemobils und genie\u00dfen zwei weitere Funktionen:   Taste\u00a0Lieblingsstellung:\u00a0Programmieren Sie eine beliebige Stellung durch langes Dr\u00fccken auf die Taste und rufen Sie diese Position dann immer wieder ab.  Taste\u00a0L\u00fcftungsfunktion:\u00a0Durch Dr\u00fccken der Taste \u00f6ffnet das Dachfenster f\u00fcr 15 Minuten und schlie\u00dft dann automatisch wieder. Zweimaliges Dr\u00fccken hintereinander l\u00fcftet f\u00fcr 30 Minuten. 60 Minuten sind maximal m\u00f6glich. Ihr Hund freut sich sicher \u00fcber frische Luft, falls Sie ihn mal allein lassen. (Hinweis: der Regensensor unterbricht das L\u00fcften nat\u00fcrlich sofort, falls es anf\u00e4ngt zu regnen)  Der Bluetooth-Empf\u00e4nger wird dazu nur in den daf\u00fcr vorgesehenen Stecker am Steuerger\u00e4t angesteckt. Fertig!\" \/>\n<meta property=\"og:url\" content=\"https:\/\/rv-tech.de\/en\/product\/steuerung-per-app\/\" \/>\n<meta property=\"og:site_name\" content=\"RV Tech\" \/>\n<meta property=\"article:publisher\" content=\"https:\/\/www.facebook.com\/rvtech.de\" \/>\n<meta property=\"article:modified_time\" content=\"2026-03-17T12:08:06+00:00\" \/>\n<meta property=\"og:image\" content=\"https:\/\/rv-tech.de\/wp-content\/uploads\/2026\/01\/app-und-empfaenger.png\" \/>\n\t<meta property=\"og:image:width\" content=\"500\" \/>\n\t<meta property=\"og:image:height\" content=\"500\" \/>\n\t<meta property=\"og:image:type\" content=\"image\/png\" \/>\n<meta name=\"twitter:card\" content=\"summary_large_image\" \/>\n<meta name=\"twitter:label1\" content=\"Est. reading time\" \/>\n\t<meta name=\"twitter:data1\" content=\"2 minutes\" \/>\n<script type=\"application\/ld+json\" class=\"yoast-schema-graph\">{\"@context\":\"https:\\\/\\\/schema.org\",\"@graph\":[{\"@type\":\"WebPage\",\"@id\":\"https:\\\/\\\/rv-tech.de\\\/produkt\\\/steuerung-per-app\\\/\",\"url\":\"https:\\\/\\\/rv-tech.de\\\/produkt\\\/steuerung-per-app\\\/\",\"name\":\"Empf\u00e4nger f\u00fcr App-Steuerung - RV Tech\",\"isPartOf\":{\"@id\":\"https:\\\/\\\/rv-tech.de\\\/#website\"},\"primaryImageOfPage\":{\"@id\":\"https:\\\/\\\/rv-tech.de\\\/produkt\\\/steuerung-per-app\\\/#primaryimage\"},\"image\":{\"@id\":\"https:\\\/\\\/rv-tech.de\\\/produkt\\\/steuerung-per-app\\\/#primaryimage\"},\"thumbnailUrl\":\"https:\\\/\\\/rv-tech.de\\\/wp-content\\\/uploads\\\/2026\\\/01\\\/app-und-empfaenger.png\",\"datePublished\":\"2026-01-09T17:23:13+00:00\",\"dateModified\":\"2026-03-17T12:08:06+00:00\",\"breadcrumb\":{\"@id\":\"https:\\\/\\\/rv-tech.de\\\/produkt\\\/steuerung-per-app\\\/#breadcrumb\"},\"inLanguage\":\"en-US\",\"potentialAction\":[{\"@type\":\"ReadAction\",\"target\":[\"https:\\\/\\\/rv-tech.de\\\/produkt\\\/steuerung-per-app\\\/\"]}]},{\"@type\":\"ImageObject\",\"inLanguage\":\"en-US\",\"@id\":\"https:\\\/\\\/rv-tech.de\\\/produkt\\\/steuerung-per-app\\\/#primaryimage\",\"url\":\"https:\\\/\\\/rv-tech.de\\\/wp-content\\\/uploads\\\/2026\\\/01\\\/app-und-empfaenger.png\",\"contentUrl\":\"https:\\\/\\\/rv-tech.de\\\/wp-content\\\/uploads\\\/2026\\\/01\\\/app-und-empfaenger.png\",\"width\":500,\"height\":500},{\"@type\":\"BreadcrumbList\",\"@id\":\"https:\\\/\\\/rv-tech.de\\\/produkt\\\/steuerung-per-app\\\/#breadcrumb\",\"itemListElement\":[{\"@type\":\"ListItem\",\"position\":1,\"name\":\"Start\",\"item\":\"https:\\\/\\\/rv-tech.de\\\/\"},{\"@type\":\"ListItem\",\"position\":2,\"name\":\"Shop\",\"item\":\"https:\\\/\\\/rv-tech.de\\\/shop\\\/\"},{\"@type\":\"ListItem\",\"position\":3,\"name\":\"Empf\u00e4nger f\u00fcr App-Steuerung\"}]},{\"@type\":\"WebSite\",\"@id\":\"https:\\\/\\\/rv-tech.de\\\/#website\",\"url\":\"https:\\\/\\\/rv-tech.de\\\/\",\"name\":\"RV Tech\",\"description\":\"Technik f\u00fcr Ihr Reisemobil\",\"publisher\":{\"@id\":\"https:\\\/\\\/rv-tech.de\\\/#organization\"},\"alternateName\":\"Automatische Dachfenster, Zentralverriegelung und Heckst\u00fctzen f\u00fcr Reisemobile\",\"potentialAction\":[{\"@type\":\"SearchAction\",\"target\":{\"@type\":\"EntryPoint\",\"urlTemplate\":\"https:\\\/\\\/rv-tech.de\\\/?s={search_term_string}\"},\"query-input\":{\"@type\":\"PropertyValueSpecification\",\"valueRequired\":true,\"valueName\":\"search_term_string\"}}],\"inLanguage\":\"en-US\"},{\"@type\":\"Organization\",\"@id\":\"https:\\\/\\\/rv-tech.de\\\/#organization\",\"name\":\"RV Tech\",\"alternateName\":\"Automatische Dachfenster, Zentralverriegelung und Heckst\u00fctzen f\u00fcr Reisemobile\",\"url\":\"https:\\\/\\\/rv-tech.de\\\/\",\"logo\":{\"@type\":\"ImageObject\",\"inLanguage\":\"en-US\",\"@id\":\"https:\\\/\\\/rv-tech.de\\\/#\\\/schema\\\/logo\\\/image\\\/\",\"url\":\"https:\\\/\\\/rv-tech.de\\\/wp-content\\\/uploads\\\/2026\\\/01\\\/Logo-RV-Tech.png\",\"contentUrl\":\"https:\\\/\\\/rv-tech.de\\\/wp-content\\\/uploads\\\/2026\\\/01\\\/Logo-RV-Tech.png\",\"width\":2480,\"height\":845,\"caption\":\"RV Tech\"},\"image\":{\"@id\":\"https:\\\/\\\/rv-tech.de\\\/#\\\/schema\\\/logo\\\/image\\\/\"},\"sameAs\":[\"https:\\\/\\\/www.facebook.com\\\/rvtech.de\",\"https:\\\/\\\/www.youtube.com\\\/@RV-tech_Ravensburg\",\"https:\\\/\\\/share.google\\\/dv203Gdb6AlgvNeQD\"]}]}<\/script>\n<!-- \/ Yoast SEO plugin. -->","yoast_head_json":{"title":"Empf\u00e4nger f\u00fcr App-Steuerung - RV Tech","robots":{"index":"index","follow":"follow","max-snippet":"max-snippet:-1","max-image-preview":"max-image-preview:large","max-video-preview":"max-video-preview:-1"},"canonical":"https:\/\/rv-tech.de\/en\/product\/steuerung-per-app\/","og_locale":"en_US","og_type":"article","og_title":"Empf\u00e4nger f\u00fcr App-Steuerung - RV Tech","og_description":"Sie m\u00f6chten Ihr Dachfenster auch ganz modern \u00fcber eine App mit Ihrem Handy bet\u00e4tigen und dabei den vollen Funktionsumfang genie\u00dfen?  Kein Problem mit der RV tech App!  Sie \u00f6ffnen und schlie\u00dfen Ihre Dachhaube auch au\u00dferhalb Ihres Reisemobils und genie\u00dfen zwei weitere Funktionen:   Taste\u00a0Lieblingsstellung:\u00a0Programmieren Sie eine beliebige Stellung durch langes Dr\u00fccken auf die Taste und rufen Sie diese Position dann immer wieder ab.  Taste\u00a0L\u00fcftungsfunktion:\u00a0Durch Dr\u00fccken der Taste \u00f6ffnet das Dachfenster f\u00fcr 15 Minuten und schlie\u00dft dann automatisch wieder. Zweimaliges Dr\u00fccken hintereinander l\u00fcftet f\u00fcr 30 Minuten. 60 Minuten sind maximal m\u00f6glich. Ihr Hund freut sich sicher \u00fcber frische Luft, falls Sie ihn mal allein lassen. (Hinweis: der Regensensor unterbricht das L\u00fcften nat\u00fcrlich sofort, falls es anf\u00e4ngt zu regnen)  Der Bluetooth-Empf\u00e4nger wird dazu nur in den daf\u00fcr vorgesehenen Stecker am Steuerger\u00e4t angesteckt. Fertig!","og_url":"https:\/\/rv-tech.de\/en\/product\/steuerung-per-app\/","og_site_name":"RV Tech","article_publisher":"https:\/\/www.facebook.com\/rvtech.de","article_modified_time":"2026-03-17T12:08:06+00:00","og_image":[{"width":500,"height":500,"url":"https:\/\/rv-tech.de\/wp-content\/uploads\/2026\/01\/app-und-empfaenger.png","type":"image\/png"}],"twitter_card":"summary_large_image","twitter_misc":{"Est. reading time":"2 minutes"},"schema":{"@context":"https:\/\/schema.org","@graph":[{"@type":"WebPage","@id":"https:\/\/rv-tech.de\/produkt\/steuerung-per-app\/","url":"https:\/\/rv-tech.de\/produkt\/steuerung-per-app\/","name":"Empf\u00e4nger f\u00fcr App-Steuerung - RV Tech","isPartOf":{"@id":"https:\/\/rv-tech.de\/#website"},"primaryImageOfPage":{"@id":"https:\/\/rv-tech.de\/produkt\/steuerung-per-app\/#primaryimage"},"image":{"@id":"https:\/\/rv-tech.de\/produkt\/steuerung-per-app\/#primaryimage"},"thumbnailUrl":"https:\/\/rv-tech.de\/wp-content\/uploads\/2026\/01\/app-und-empfaenger.png","datePublished":"2026-01-09T17:23:13+00:00","dateModified":"2026-03-17T12:08:06+00:00","breadcrumb":{"@id":"https:\/\/rv-tech.de\/produkt\/steuerung-per-app\/#breadcrumb"},"inLanguage":"en-US","potentialAction":[{"@type":"ReadAction","target":["https:\/\/rv-tech.de\/produkt\/steuerung-per-app\/"]}]},{"@type":"ImageObject","inLanguage":"en-US","@id":"https:\/\/rv-tech.de\/produkt\/steuerung-per-app\/#primaryimage","url":"https:\/\/rv-tech.de\/wp-content\/uploads\/2026\/01\/app-und-empfaenger.png","contentUrl":"https:\/\/rv-tech.de\/wp-content\/uploads\/2026\/01\/app-und-empfaenger.png","width":500,"height":500},{"@type":"BreadcrumbList","@id":"https:\/\/rv-tech.de\/produkt\/steuerung-per-app\/#breadcrumb","itemListElement":[{"@type":"ListItem","position":1,"name":"Start","item":"https:\/\/rv-tech.de\/"},{"@type":"ListItem","position":2,"name":"Shop","item":"https:\/\/rv-tech.de\/shop\/"},{"@type":"ListItem","position":3,"name":"Empf\u00e4nger f\u00fcr App-Steuerung"}]},{"@type":"WebSite","@id":"https:\/\/rv-tech.de\/#website","url":"https:\/\/rv-tech.de\/","name":"RV Tech","description":"Technology for your motorhome","publisher":{"@id":"https:\/\/rv-tech.de\/#organization"},"alternateName":"Automatische Dachfenster, Zentralverriegelung und Heckst\u00fctzen f\u00fcr Reisemobile","potentialAction":[{"@type":"SearchAction","target":{"@type":"EntryPoint","urlTemplate":"https:\/\/rv-tech.de\/?s={search_term_string}"},"query-input":{"@type":"PropertyValueSpecification","valueRequired":true,"valueName":"search_term_string"}}],"inLanguage":"en-US"},{"@type":"Organization","@id":"https:\/\/rv-tech.de\/#organization","name":"RV Tech","alternateName":"Automatische Dachfenster, Zentralverriegelung und Heckst\u00fctzen f\u00fcr Reisemobile","url":"https:\/\/rv-tech.de\/","logo":{"@type":"ImageObject","inLanguage":"en-US","@id":"https:\/\/rv-tech.de\/#\/schema\/logo\/image\/","url":"https:\/\/rv-tech.de\/wp-content\/uploads\/2026\/01\/Logo-RV-Tech.png","contentUrl":"https:\/\/rv-tech.de\/wp-content\/uploads\/2026\/01\/Logo-RV-Tech.png","width":2480,"height":845,"caption":"RV Tech"},"image":{"@id":"https:\/\/rv-tech.de\/#\/schema\/logo\/image\/"},"sameAs":["https:\/\/www.facebook.com\/rvtech.de","https:\/\/www.youtube.com\/@RV-tech_Ravensburg","https:\/\/share.google\/dv203Gdb6AlgvNeQD"]}]}},"_links":{"self":[{"href":"https:\/\/rv-tech.de\/en\/wp-json\/wp\/v2\/product\/283","targetHints":{"allow":["GET"]}}],"collection":[{"href":"https:\/\/rv-tech.de\/en\/wp-json\/wp\/v2\/product"}],"about":[{"href":"https:\/\/rv-tech.de\/en\/wp-json\/wp\/v2\/types\/product"}],"version-history":[{"count":4,"href":"https:\/\/rv-tech.de\/en\/wp-json\/wp\/v2\/product\/283\/revisions"}],"predecessor-version":[{"id":2213,"href":"https:\/\/rv-tech.de\/en\/wp-json\/wp\/v2\/product\/283\/revisions\/2213"}],"wp:featuredmedia":[{"embeddable":true,"href":"https:\/\/rv-tech.de\/en\/wp-json\/wp\/v2\/media\/121136"}],"wp:attachment":[{"href":"https:\/\/rv-tech.de\/en\/wp-json\/wp\/v2\/media?parent=283"}],"wp:term":[{"taxonomy":"product_brand","embeddable":true,"href":"https:\/\/rv-tech.de\/en\/wp-json\/wp\/v2\/product_brand?post=283"},{"taxonomy":"product_cat","embeddable":true,"href":"https:\/\/rv-tech.de\/en\/wp-json\/wp\/v2\/product_cat?post=283"},{"taxonomy":"product_tag","embeddable":true,"href":"https:\/\/rv-tech.de\/en\/wp-json\/wp\/v2\/product_tag?post=283"}],"curies":[{"name":"wp","href":"https:\/\/api.w.org\/{rel}","templated":true}]}}