{"id":281,"date":"2026-01-09T18:23:13","date_gmt":"2026-01-09T17:23:13","guid":{"rendered":"http:\/\/rv-tech.de\/?post_type=product&#038;p=281"},"modified":"2026-04-27T15:10:38","modified_gmt":"2026-04-27T13:10:38","slug":"fernbedienung","status":"publish","type":"product","link":"https:\/\/rv-tech.de\/en\/product\/fernbedienung\/","title":{"rendered":"Remote control for roof window drive"},"content":{"rendered":"<article class=\"text-token-text-primary w-full focus:outline-none [--shadow-height:45px] has-data-writing-block:pointer-events-none has-data-writing-block:-mt-(--shadow-height) has-data-writing-block:pt-(--shadow-height) [&amp;:has([data-writing-block])&gt;*]:pointer-events-auto scroll-mt-(--header-height)\" dir=\"auto\" tabindex=\"-1\" data-turn-id=\"aca77938-4fcf-4038-bf32-55d9bf6370f8\" data-testid=\"conversation-turn-25\" data-scroll-anchor=\"false\" data-turn=\"user\"><\/article>\n<article class=\"text-token-text-primary w-full focus:outline-none [--shadow-height:45px] has-data-writing-block:pointer-events-none has-data-writing-block:-mt-(--shadow-height) has-data-writing-block:pt-(--shadow-height) [&amp;:has([data-writing-block])&gt;*]:pointer-events-auto scroll-mt-[calc(var(--header-height)+min(200px,max(70px,20svh)))]\" dir=\"auto\" tabindex=\"-1\" data-turn-id=\"request-69a97e8a-df88-838b-8990-99ea6231b08a-7\" data-testid=\"conversation-turn-26\" data-scroll-anchor=\"true\" data-turn=\"assistant\">\n<div class=\"text-base my-auto mx-auto pb-10 [--thread-content-margin:var(--thread-content-margin-xs,calc(var(--spacing)*4))] @w-sm\/main:[--thread-content-margin:var(--thread-content-margin-sm,calc(var(--spacing)*6))] @w-lg\/main:[--thread-content-margin:var(--thread-content-margin-lg,calc(var(--spacing)*16))] px-(--thread-content-margin)\">\n<div class=\"[--thread-content-max-width:40rem] @w-lg\/main:[--thread-content-max-width:48rem] mx-auto max-w-(--thread-content-max-width) flex-1 group\/turn-messages focus-visible:outline-hidden relative flex w-full min-w-0 flex-col agent-turn\" tabindex=\"-1\">\n<div class=\"flex max-w-full flex-col gap-4 grow\">\n<div class=\"min-h-8 text-message relative flex w-full flex-col items-end gap-2 text-start break-words whitespace-normal [.text-message+&amp;]:mt-1\" dir=\"auto\" data-message-author-role=\"assistant\" data-message-id=\"9ec038aa-31ba-4a6c-91d4-8b25ef4d0f53\" data-message-model-slug=\"gpt-5-3\">\n<div class=\"flex w-full flex-col gap-1 empty:hidden\">\n<div class=\"markdown prose dark:prose-invert w-full wrap-break-word dark markdown-new-styling\">\n<p data-start=\"0\" data-end=\"183\">Die Fernbedienung erweitert das Antriebset f\u00fcr Ihr Dachfenster um eine komfortable Funksteuerung. Damit \u00f6ffnen und schlie\u00dfen Sie Ihre Dachhaube bequem aus bis zu 25 Metern Entfernung.<\/p>\n<p data-start=\"185\" data-end=\"463\">Neben der normalen Steuerung bietet der Handsender zwei zus\u00e4tzliche Funktionen. Mit der Taste Lieblingsstellung k\u00f6nnen Sie eine gew\u00fcnschte Fensterposition speichern und jederzeit wieder abrufen. Halten Sie die Taste daf\u00fcr einfach gedr\u00fcckt, um die aktuelle Stellung zu speichern.<\/p>\n<p data-start=\"465\" data-end=\"817\">\u00dcber die L\u00fcftungsfunktion l\u00e4sst sich das Dachfenster zeitgesteuert \u00f6ffnen. Ein Tastendruck \u00f6ffnet das Fenster f\u00fcr 15 Minuten und schlie\u00dft es anschlie\u00dfend automatisch. Bei zweimaligem Dr\u00fccken wird f\u00fcr 30 Minuten gel\u00fcftet, maximal sind bis zu 60 Minuten m\u00f6glich. Der integrierte Regensensor unterbricht die L\u00fcftung automatisch, sobald Regen erkannt wird.<\/p>\n<p data-start=\"819\" data-end=\"1133\">Die Installation ist einfach. Der Funkempf\u00e4nger wird lediglich in den vorgesehenen Anschluss am Steuerger\u00e4t gesteckt und ist sofort einsatzbereit. F\u00fcr zus\u00e4tzliche Sicherheit arbeitet der Handsender mit dem 433,92 MHz Rolling Code Verfahren. Dabei wird bei jedem Tastendruck automatisch ein neuer Sendecode erzeugt.<\/p>\n<\/div>\n<\/div>\n<\/div>\n<\/div>\n<\/div>\n<\/div>\n<\/article>\n","protected":false},"excerpt":{"rendered":"<p>Expand the functionality of your drive set with our stylish and high-quality hand-held transmitter.<\/p>\n<p>You can now open and close your roof vent from up to 25 meters away and enjoy two additional functions:<\/p>\n<ul>\n<li>button\u00a0<strong>Favorite position:<\/strong>\u00a0Program any position by pressing and holding the button, and then recall that position repeatedly.<\/li>\n<li>button\u00a0<strong>ventilation function<\/strong><strong>:<\/strong>\u00a0A single press of the button opens the skylight for 15 minutes, after which it closes automatically. Pressing it twice in quick succession provides ventilation for 30 minutes. The maximum duration is 60 minutes. Your dog will surely appreciate the fresh air if you leave him alone.<br \/>\n(Note: the rain sensor will of course immediately stop the ventilation if it starts to rain)<\/li>\n<\/ul>\n<p>The radio receiver is simply plugged into the designated connector on the control unit. That&#039;s it!<\/p>","protected":false},"featured_media":2186,"template":"","meta":{"_acf_changed":false},"product_brand":[],"product_cat":[30,34],"product_tag":[],"class_list":{"0":"post-281","1":"product","2":"type-product","3":"status-publish","4":"has-post-thumbnail","6":"product_cat-dachfenster_antrieb","7":"product_cat-zubehoer","8":"product_shipping_class-kleinigkeit","10":"first","11":"instock","12":"taxable","13":"shipping-taxable","14":"purchasable","15":"product-type-variable"},"acf":[],"yoast_head":"<!-- This site is optimized with the Yoast SEO plugin v27.6 - https:\/\/yoast.com\/product\/yoast-seo-wordpress\/ -->\n<title>Fernbedienung f\u00fcr Dachfensterantrieb - RV Tech<\/title>\n<meta name=\"robots\" content=\"index, follow, max-snippet:-1, max-image-preview:large, max-video-preview:-1\" \/>\n<link rel=\"canonical\" href=\"https:\/\/rv-tech.de\/en\/product\/fernbedienung\/\" \/>\n<meta property=\"og:locale\" content=\"en_US\" \/>\n<meta property=\"og:type\" content=\"article\" \/>\n<meta property=\"og:title\" content=\"Fernbedienung f\u00fcr Dachfensterantrieb - RV Tech\" \/>\n<meta property=\"og:description\" content=\"Erweitern Sie den Funktionsumfang Ihres Antriebssets durch unseren schicken und hochwertigen Handsender.  Sie \u00f6ffnen und schlie\u00dfen nun\u00a0Ihre Dachhaube\u00a0in bis zu 25 Metern Entfernung und genie\u00dfen zwei weitere Funktionen:   Taste\u00a0Lieblingsstellung:\u00a0Programmieren Sie eine beliebige Stellung durch langes Dr\u00fccken auf die Taste und rufen Sie diese Position dann immer wieder ab.  Taste\u00a0L\u00fcftungsfunktion:\u00a0Durch einmaliges Dr\u00fccken der Taste \u00f6ffnet das Dachfenster f\u00fcr 15 Minuten und schlie\u00dft dann automatisch wieder. Zweimaliges Dr\u00fccken hintereinander l\u00fcftet f\u00fcr 30 Minuten. 60 Minuten sind maximal m\u00f6glich. Ihr Hund freut sich sicher \u00fcber frische Luft, falls Sie ihn mal allein lassen. (Hinweis: der Regensensor unterbricht das L\u00fcften nat\u00fcrlich sofort, falls es anf\u00e4ngt zu regnen)  Der Funkempf\u00e4nger wird nur in den daf\u00fcr vorgesehenen Stecker am Steuerger\u00e4t angesteckt. Fertig!\" \/>\n<meta property=\"og:url\" content=\"https:\/\/rv-tech.de\/en\/product\/fernbedienung\/\" \/>\n<meta property=\"og:site_name\" content=\"RV Tech\" \/>\n<meta property=\"article:publisher\" content=\"https:\/\/www.facebook.com\/rvtech.de\" \/>\n<meta property=\"article:modified_time\" content=\"2026-04-27T13:10:38+00:00\" \/>\n<meta property=\"og:image\" content=\"https:\/\/rv-tech.de\/wp-content\/uploads\/2026\/01\/handsender.png\" \/>\n\t<meta property=\"og:image:width\" content=\"500\" \/>\n\t<meta property=\"og:image:height\" content=\"500\" \/>\n\t<meta property=\"og:image:type\" content=\"image\/png\" \/>\n<meta name=\"twitter:card\" content=\"summary_large_image\" \/>\n<meta name=\"twitter:label1\" content=\"Est. reading time\" \/>\n\t<meta name=\"twitter:data1\" content=\"2 minutes\" \/>\n<script type=\"application\/ld+json\" class=\"yoast-schema-graph\">{\"@context\":\"https:\\\/\\\/schema.org\",\"@graph\":[{\"@type\":\"WebPage\",\"@id\":\"https:\\\/\\\/rv-tech.de\\\/produkt\\\/fernbedienung\\\/\",\"url\":\"https:\\\/\\\/rv-tech.de\\\/produkt\\\/fernbedienung\\\/\",\"name\":\"Fernbedienung f\u00fcr Dachfensterantrieb - RV Tech\",\"isPartOf\":{\"@id\":\"https:\\\/\\\/rv-tech.de\\\/#website\"},\"primaryImageOfPage\":{\"@id\":\"https:\\\/\\\/rv-tech.de\\\/produkt\\\/fernbedienung\\\/#primaryimage\"},\"image\":{\"@id\":\"https:\\\/\\\/rv-tech.de\\\/produkt\\\/fernbedienung\\\/#primaryimage\"},\"thumbnailUrl\":\"https:\\\/\\\/rv-tech.de\\\/wp-content\\\/uploads\\\/2026\\\/01\\\/handsender.png\",\"datePublished\":\"2026-01-09T17:23:13+00:00\",\"dateModified\":\"2026-04-27T13:10:38+00:00\",\"breadcrumb\":{\"@id\":\"https:\\\/\\\/rv-tech.de\\\/produkt\\\/fernbedienung\\\/#breadcrumb\"},\"inLanguage\":\"en-US\",\"potentialAction\":[{\"@type\":\"ReadAction\",\"target\":[\"https:\\\/\\\/rv-tech.de\\\/produkt\\\/fernbedienung\\\/\"]}]},{\"@type\":\"ImageObject\",\"inLanguage\":\"en-US\",\"@id\":\"https:\\\/\\\/rv-tech.de\\\/produkt\\\/fernbedienung\\\/#primaryimage\",\"url\":\"https:\\\/\\\/rv-tech.de\\\/wp-content\\\/uploads\\\/2026\\\/01\\\/handsender.png\",\"contentUrl\":\"https:\\\/\\\/rv-tech.de\\\/wp-content\\\/uploads\\\/2026\\\/01\\\/handsender.png\",\"width\":500,\"height\":500},{\"@type\":\"BreadcrumbList\",\"@id\":\"https:\\\/\\\/rv-tech.de\\\/produkt\\\/fernbedienung\\\/#breadcrumb\",\"itemListElement\":[{\"@type\":\"ListItem\",\"position\":1,\"name\":\"Start\",\"item\":\"https:\\\/\\\/rv-tech.de\\\/\"},{\"@type\":\"ListItem\",\"position\":2,\"name\":\"Shop\",\"item\":\"https:\\\/\\\/rv-tech.de\\\/shop\\\/\"},{\"@type\":\"ListItem\",\"position\":3,\"name\":\"Fernbedienung f\u00fcr Dachfensterantrieb\"}]},{\"@type\":\"WebSite\",\"@id\":\"https:\\\/\\\/rv-tech.de\\\/#website\",\"url\":\"https:\\\/\\\/rv-tech.de\\\/\",\"name\":\"RV Tech\",\"description\":\"Technik f\u00fcr Ihr Reisemobil\",\"publisher\":{\"@id\":\"https:\\\/\\\/rv-tech.de\\\/#organization\"},\"alternateName\":\"Automatische Dachfenster, Zentralverriegelung und Heckst\u00fctzen f\u00fcr Reisemobile\",\"potentialAction\":[{\"@type\":\"SearchAction\",\"target\":{\"@type\":\"EntryPoint\",\"urlTemplate\":\"https:\\\/\\\/rv-tech.de\\\/?s={search_term_string}\"},\"query-input\":{\"@type\":\"PropertyValueSpecification\",\"valueRequired\":true,\"valueName\":\"search_term_string\"}}],\"inLanguage\":\"en-US\"},{\"@type\":\"Organization\",\"@id\":\"https:\\\/\\\/rv-tech.de\\\/#organization\",\"name\":\"RV Tech\",\"alternateName\":\"Automatische Dachfenster, Zentralverriegelung und Heckst\u00fctzen f\u00fcr Reisemobile\",\"url\":\"https:\\\/\\\/rv-tech.de\\\/\",\"logo\":{\"@type\":\"ImageObject\",\"inLanguage\":\"en-US\",\"@id\":\"https:\\\/\\\/rv-tech.de\\\/#\\\/schema\\\/logo\\\/image\\\/\",\"url\":\"https:\\\/\\\/rv-tech.de\\\/wp-content\\\/uploads\\\/2026\\\/01\\\/Logo-RV-Tech.png\",\"contentUrl\":\"https:\\\/\\\/rv-tech.de\\\/wp-content\\\/uploads\\\/2026\\\/01\\\/Logo-RV-Tech.png\",\"width\":2480,\"height\":845,\"caption\":\"RV Tech\"},\"image\":{\"@id\":\"https:\\\/\\\/rv-tech.de\\\/#\\\/schema\\\/logo\\\/image\\\/\"},\"sameAs\":[\"https:\\\/\\\/www.facebook.com\\\/rvtech.de\",\"https:\\\/\\\/www.youtube.com\\\/@RV-tech_Ravensburg\",\"https:\\\/\\\/share.google\\\/dv203Gdb6AlgvNeQD\"]}]}<\/script>\n<!-- \/ Yoast SEO plugin. -->","yoast_head_json":{"title":"Fernbedienung f\u00fcr Dachfensterantrieb - RV Tech","robots":{"index":"index","follow":"follow","max-snippet":"max-snippet:-1","max-image-preview":"max-image-preview:large","max-video-preview":"max-video-preview:-1"},"canonical":"https:\/\/rv-tech.de\/en\/product\/fernbedienung\/","og_locale":"en_US","og_type":"article","og_title":"Fernbedienung f\u00fcr Dachfensterantrieb - RV Tech","og_description":"Erweitern Sie den Funktionsumfang Ihres Antriebssets durch unseren schicken und hochwertigen Handsender.  Sie \u00f6ffnen und schlie\u00dfen nun\u00a0Ihre Dachhaube\u00a0in bis zu 25 Metern Entfernung und genie\u00dfen zwei weitere Funktionen:   Taste\u00a0Lieblingsstellung:\u00a0Programmieren Sie eine beliebige Stellung durch langes Dr\u00fccken auf die Taste und rufen Sie diese Position dann immer wieder ab.  Taste\u00a0L\u00fcftungsfunktion:\u00a0Durch einmaliges Dr\u00fccken der Taste \u00f6ffnet das Dachfenster f\u00fcr 15 Minuten und schlie\u00dft dann automatisch wieder. Zweimaliges Dr\u00fccken hintereinander l\u00fcftet f\u00fcr 30 Minuten. 60 Minuten sind maximal m\u00f6glich. Ihr Hund freut sich sicher \u00fcber frische Luft, falls Sie ihn mal allein lassen. (Hinweis: der Regensensor unterbricht das L\u00fcften nat\u00fcrlich sofort, falls es anf\u00e4ngt zu regnen)  Der Funkempf\u00e4nger wird nur in den daf\u00fcr vorgesehenen Stecker am Steuerger\u00e4t angesteckt. Fertig!","og_url":"https:\/\/rv-tech.de\/en\/product\/fernbedienung\/","og_site_name":"RV Tech","article_publisher":"https:\/\/www.facebook.com\/rvtech.de","article_modified_time":"2026-04-27T13:10:38+00:00","og_image":[{"width":500,"height":500,"url":"https:\/\/rv-tech.de\/wp-content\/uploads\/2026\/01\/handsender.png","type":"image\/png"}],"twitter_card":"summary_large_image","twitter_misc":{"Est. reading time":"2 minutes"},"schema":{"@context":"https:\/\/schema.org","@graph":[{"@type":"WebPage","@id":"https:\/\/rv-tech.de\/produkt\/fernbedienung\/","url":"https:\/\/rv-tech.de\/produkt\/fernbedienung\/","name":"Fernbedienung f\u00fcr Dachfensterantrieb - RV Tech","isPartOf":{"@id":"https:\/\/rv-tech.de\/#website"},"primaryImageOfPage":{"@id":"https:\/\/rv-tech.de\/produkt\/fernbedienung\/#primaryimage"},"image":{"@id":"https:\/\/rv-tech.de\/produkt\/fernbedienung\/#primaryimage"},"thumbnailUrl":"https:\/\/rv-tech.de\/wp-content\/uploads\/2026\/01\/handsender.png","datePublished":"2026-01-09T17:23:13+00:00","dateModified":"2026-04-27T13:10:38+00:00","breadcrumb":{"@id":"https:\/\/rv-tech.de\/produkt\/fernbedienung\/#breadcrumb"},"inLanguage":"en-US","potentialAction":[{"@type":"ReadAction","target":["https:\/\/rv-tech.de\/produkt\/fernbedienung\/"]}]},{"@type":"ImageObject","inLanguage":"en-US","@id":"https:\/\/rv-tech.de\/produkt\/fernbedienung\/#primaryimage","url":"https:\/\/rv-tech.de\/wp-content\/uploads\/2026\/01\/handsender.png","contentUrl":"https:\/\/rv-tech.de\/wp-content\/uploads\/2026\/01\/handsender.png","width":500,"height":500},{"@type":"BreadcrumbList","@id":"https:\/\/rv-tech.de\/produkt\/fernbedienung\/#breadcrumb","itemListElement":[{"@type":"ListItem","position":1,"name":"Start","item":"https:\/\/rv-tech.de\/"},{"@type":"ListItem","position":2,"name":"Shop","item":"https:\/\/rv-tech.de\/shop\/"},{"@type":"ListItem","position":3,"name":"Fernbedienung f\u00fcr Dachfensterantrieb"}]},{"@type":"WebSite","@id":"https:\/\/rv-tech.de\/#website","url":"https:\/\/rv-tech.de\/","name":"RV Tech","description":"Technology for your motorhome","publisher":{"@id":"https:\/\/rv-tech.de\/#organization"},"alternateName":"Automatische Dachfenster, Zentralverriegelung und Heckst\u00fctzen f\u00fcr Reisemobile","potentialAction":[{"@type":"SearchAction","target":{"@type":"EntryPoint","urlTemplate":"https:\/\/rv-tech.de\/?s={search_term_string}"},"query-input":{"@type":"PropertyValueSpecification","valueRequired":true,"valueName":"search_term_string"}}],"inLanguage":"en-US"},{"@type":"Organization","@id":"https:\/\/rv-tech.de\/#organization","name":"RV Tech","alternateName":"Automatische Dachfenster, Zentralverriegelung und Heckst\u00fctzen f\u00fcr Reisemobile","url":"https:\/\/rv-tech.de\/","logo":{"@type":"ImageObject","inLanguage":"en-US","@id":"https:\/\/rv-tech.de\/#\/schema\/logo\/image\/","url":"https:\/\/rv-tech.de\/wp-content\/uploads\/2026\/01\/Logo-RV-Tech.png","contentUrl":"https:\/\/rv-tech.de\/wp-content\/uploads\/2026\/01\/Logo-RV-Tech.png","width":2480,"height":845,"caption":"RV Tech"},"image":{"@id":"https:\/\/rv-tech.de\/#\/schema\/logo\/image\/"},"sameAs":["https:\/\/www.facebook.com\/rvtech.de","https:\/\/www.youtube.com\/@RV-tech_Ravensburg","https:\/\/share.google\/dv203Gdb6AlgvNeQD"]}]}},"_links":{"self":[{"href":"https:\/\/rv-tech.de\/en\/wp-json\/wp\/v2\/product\/281","targetHints":{"allow":["GET"]}}],"collection":[{"href":"https:\/\/rv-tech.de\/en\/wp-json\/wp\/v2\/product"}],"about":[{"href":"https:\/\/rv-tech.de\/en\/wp-json\/wp\/v2\/types\/product"}],"version-history":[{"count":8,"href":"https:\/\/rv-tech.de\/en\/wp-json\/wp\/v2\/product\/281\/revisions"}],"predecessor-version":[{"id":121441,"href":"https:\/\/rv-tech.de\/en\/wp-json\/wp\/v2\/product\/281\/revisions\/121441"}],"wp:featuredmedia":[{"embeddable":true,"href":"https:\/\/rv-tech.de\/en\/wp-json\/wp\/v2\/media\/2186"}],"wp:attachment":[{"href":"https:\/\/rv-tech.de\/en\/wp-json\/wp\/v2\/media?parent=281"}],"wp:term":[{"taxonomy":"product_brand","embeddable":true,"href":"https:\/\/rv-tech.de\/en\/wp-json\/wp\/v2\/product_brand?post=281"},{"taxonomy":"product_cat","embeddable":true,"href":"https:\/\/rv-tech.de\/en\/wp-json\/wp\/v2\/product_cat?post=281"},{"taxonomy":"product_tag","embeddable":true,"href":"https:\/\/rv-tech.de\/en\/wp-json\/wp\/v2\/product_tag?post=281"}],"curies":[{"name":"wp","href":"https:\/\/api.w.org\/{rel}","templated":true}]}}