{"id":2156,"date":"2015-01-13T11:27:47","date_gmt":"2015-01-13T10:27:47","guid":{"rendered":"http:\/\/rv-tech.de\/?post_type=product&#038;p=2156"},"modified":"2026-04-30T10:35:33","modified_gmt":"2026-04-30T08:35:33","slug":"hymer-alu-schloesser-starter-set-fuer-stauraumklappen","status":"publish","type":"product","link":"https:\/\/rv-tech.de\/en\/product\/hymer-alu-schloesser-starter-set-fuer-stauraumklappen\/","title":{"rendered":"Hymer Alu Starter Set for large storage compartment doors"},"content":{"rendered":"<p data-start=\"0\" data-end=\"643\">The <strong>Central locking system for storage compartment doors from <span class=\"hover:entity-accent entity-underline inline cursor-pointer align-baseline\"><span class=\"whitespace-normal\">RV tech<\/span><\/span><\/strong> This is a convenient and secure solution for retrofitting your motorhome. It allows you to lock and unlock multiple exterior hatches simultaneously, thus increasing both security and ease of use in everyday life. The system was specifically designed for vehicles from <span class=\"hover:entity-accent entity-underline inline cursor-pointer align-baseline\"><span class=\"whitespace-normal\">Carthage<\/span><\/span>, <span class=\"hover:entity-accent entity-underline inline cursor-pointer align-baseline\"><span class=\"whitespace-normal\">Concorde<\/span><\/span>, <span class=\"hover:entity-accent entity-underline inline cursor-pointer align-baseline\"><span class=\"whitespace-normal\">Morelo<\/span><\/span>, <span class=\"hover:entity-accent entity-underline inline cursor-pointer align-baseline\"><span class=\"whitespace-normal\">Phoenix<\/span><\/span>, <span class=\"hover:entity-accent entity-underline inline cursor-pointer align-baseline\"><span class=\"whitespace-normal\">B\u00fcrstner<\/span><\/span>, <span class=\"hover:entity-accent entity-underline inline cursor-pointer align-baseline\"><span class=\"whitespace-normal\">Dethleffs<\/span><\/span> and developed many more models.<\/p>\n<p data-start=\"645\" data-end=\"989\">Depending on the vehicle, you have the following options: <strong>different systems<\/strong> Available. You can select the appropriate option for STS or Happich locks, Fawo locks, or Hymer aluminum locks in our shop. The technology is invisibly integrated into the existing locks and does not alter the appearance or feel of your locks.<\/p>\n<p data-start=\"991\" data-end=\"1424\">With the touch of a button, you can lock or unlock up to eight storage compartment doors simultaneously; with optional V-cables, even up to sixteen. Operation is conveniently controlled via your vehicle key, an interior switch, or optionally via remote control. Depending on the model, the doors lock with a second press of the button or automatically, ensuring that all exterior doors are reliably closed at all times.<\/p>\n<p data-start=\"1426\" data-end=\"1677\">The technology is designed for longevity. High-quality materials, very low quiescent current, and a design for over 100,000 switching cycles ensure reliable operation even under intensive use, while simultaneously minimizing power consumption.<\/p>\n<p data-start=\"1679\" data-end=\"1963\">The retrofit is implemented in a practical manner. With some DIY skills, installation is possible in approximately four to six hours. Alternatively, installation can be carried out by a dealer or specialist partner. Thanks to its modular design, the system is also suitable for future expansions.<\/p>\n<p data-start=\"1965\" data-end=\"2224\" data-is-last-node=\"\" data-is-only-node=\"\">The central locking system combines security, convenience, and everyday usability. It reliably protects your equipment, saves time when opening and closing, and ensures that you can leave your motorhome with peace of mind or sleep safely in it at any time.<\/p>","protected":false},"excerpt":{"rendered":"<article class=\"text-token-text-primary w-full focus:outline-none [--shadow-height:45px] has-data-writing-block:pointer-events-none has-data-writing-block:-mt-(--shadow-height) has-data-writing-block:pt-(--shadow-height) [&amp;:has([data-writing-block])&gt;*]:pointer-events-auto scroll-mt-(--header-height)\" dir=\"auto\" tabindex=\"-1\" data-turn-id=\"31f6232c-e3a5-4033-9f98-638fb3c8220c\" data-testid=\"conversation-turn-3\" data-scroll-anchor=\"false\" data-turn=\"user\"><\/article>\n<article class=\"text-token-text-primary w-full focus:outline-none [--shadow-height:45px] has-data-writing-block:pointer-events-none has-data-writing-block:-mt-(--shadow-height) has-data-writing-block:pt-(--shadow-height) [&amp;:has([data-writing-block])&gt;*]:pointer-events-auto scroll-mt-[calc(var(--header-height)+min(200px,max(70px,20svh)))]\" dir=\"auto\" tabindex=\"-1\" data-turn-id=\"request-WEB:7bde8a44-b29c-43f0-9163-d2cb5894843d-1\" data-testid=\"conversation-turn-4\" data-scroll-anchor=\"true\" data-turn=\"assistant\">\n<div class=\"text-base my-auto mx-auto pb-10 [--thread-content-margin:--spacing(4)] @w-sm\/main:[--thread-content-margin:--spacing(6)] @w-lg\/main:[--thread-content-margin:--spacing(16)] px-(--thread-content-margin)\">\n<div class=\"[--thread-content-max-width:40rem] @w-lg\/main:[--thread-content-max-width:48rem] mx-auto max-w-(--thread-content-max-width) flex-1 group\/turn-messages focus-visible:outline-hidden relative flex w-full min-w-0 flex-col agent-turn\" tabindex=\"-1\">\n<div class=\"flex max-w-full flex-col grow\">\n<div class=\"min-h-8 text-message relative flex w-full flex-col items-end gap-2 text-start break-words whitespace-normal [.text-message+&amp;]:mt-1\" dir=\"auto\" data-message-author-role=\"assistant\" data-message-id=\"e12604e7-d395-4390-a68a-c1ebbdd7e7fd\" data-message-model-slug=\"gpt-5-3\">\n<div class=\"flex w-full flex-col gap-1 empty:hidden first:pt-[1px]\">\n<div class=\"markdown prose dark:prose-invert w-full wrap-break-word dark markdown-new-styling\">\n<p data-start=\"0\" data-end=\"197\">Diese Zentralverriegelung von RV tech erm\u00f6glicht das gleichzeitige \u00d6ffnen und Verriegeln mehrerer Stauraumklappen am Reisemobil und ist speziell f\u00fcr<strong> Hymer Alu Schl\u00f6sser<\/strong> ausgelegt.<\/p>\n<p data-start=\"199\" data-end=\"329\">Dieses Set enth\u00e4lt 2<strong>\u00a0Verriegelungen<\/strong> sowie <strong>zwei Anschlusskabel mit sechs Metern<\/strong> L\u00e4nge.<\/p>\n<article class=\"text-token-text-primary w-full focus:outline-none [--shadow-height:45px] has-data-writing-block:pointer-events-none has-data-writing-block:-mt-(--shadow-height) has-data-writing-block:pt-(--shadow-height) [&amp;:has([data-writing-block])&gt;*]:pointer-events-auto scroll-mt-(--header-height)\" dir=\"auto\" tabindex=\"-1\" data-turn-id=\"eddf0b28-795c-4a10-8606-c29c475cccf0\" data-testid=\"conversation-turn-7\" data-scroll-anchor=\"false\" data-turn=\"user\"><\/article>\n<article class=\"text-token-text-primary w-full focus:outline-none [--shadow-height:45px] has-data-writing-block:pointer-events-none has-data-writing-block:-mt-(--shadow-height) has-data-writing-block:pt-(--shadow-height) [&amp;:has([data-writing-block])&gt;*]:pointer-events-auto scroll-mt-[calc(var(--header-height)+min(200px,max(70px,20svh)))]\" dir=\"auto\" tabindex=\"-1\" data-turn-id=\"request-69a97e8a-df88-838b-8990-99ea6231b08a-0\" data-testid=\"conversation-turn-8\" data-scroll-anchor=\"true\" data-turn=\"assistant\">\n<div class=\"text-base my-auto mx-auto pb-10 [--thread-content-margin:var(--thread-content-margin-xs,calc(var(--spacing)*4))] @w-sm\/main:[--thread-content-margin:var(--thread-content-margin-sm,calc(var(--spacing)*6))] @w-lg\/main:[--thread-content-margin:var(--thread-content-margin-lg,calc(var(--spacing)*16))] px-(--thread-content-margin)\">\n<div class=\"[--thread-content-max-width:40rem] @w-lg\/main:[--thread-content-max-width:48rem] mx-auto max-w-(--thread-content-max-width) flex-1 group\/turn-messages focus-visible:outline-hidden relative flex w-full min-w-0 flex-col agent-turn\" tabindex=\"-1\">\n<div class=\"flex max-w-full flex-col gap-4 grow\">\n<div class=\"min-h-8 text-message relative flex w-full flex-col items-end gap-2 text-start break-words whitespace-normal [.text-message+&amp;]:mt-1\" dir=\"auto\" data-message-author-role=\"assistant\" data-message-id=\"5fed97ed-c6cf-4fbf-b1f7-9ae253ba056b\" data-message-model-slug=\"gpt-5-3\">\n<div class=\"flex w-full flex-col gap-1 empty:hidden\">\n<div class=\"markdown prose dark:prose-invert w-full wrap-break-word dark markdown-new-styling\">\n<p data-start=\"0\" data-end=\"152\" data-is-last-node=\"\" data-is-only-node=\"\">Zum Einsatz kommen diese Schl\u00f6sser vor allem bei Reisemobilen mit gro\u00dfen Heckgaragent\u00fcren von Carthago und Pheonix sowie bei Fahrzeugen einiger weiterer Hersteller.<\/p>\n<\/div>\n<\/div>\n<\/div>\n<\/div>\n<\/div>\n<\/div>\n<\/article>\n<\/div>\n<\/div>\n<\/div>\n<\/div>\n<\/div>\n<\/div>\n<\/article>\n","protected":false},"featured_media":2159,"template":"","meta":{"_acf_changed":false},"product_brand":[],"product_cat":[31],"product_tag":[70,67,69,71,68,63,61,62,60],"class_list":{"0":"post-2156","1":"product","2":"type-product","3":"status-publish","4":"has-post-thumbnail","6":"product_cat-zentralverriegelung","7":"product_tag-aussenklappen-sichern","8":"product_tag-hymer-alu-schloesser","9":"product_tag-komfort-reisemobil","10":"product_tag-made-in-germany","11":"product_tag-mehr-sicherheit-wohnmobil","12":"product_tag-nachruestung-wohnmobil","13":"product_tag-stauraumklappen-verriegeln","14":"product_tag-wohnmobil-zentralverriegelung","15":"product_tag-zentralverriegelung-reisemobil","17":"first","18":"instock","19":"featured","20":"taxable","21":"shipping-taxable","22":"purchasable","23":"product-type-variable"},"acf":[],"yoast_head":"<!-- This site is optimized with the Yoast SEO plugin v27.6 - https:\/\/yoast.com\/product\/yoast-seo-wordpress\/ -->\n<title>Hymer Alu Starter-Set f\u00fcr gro\u00dfe Stauraumklappen - RV Tech<\/title>\n<meta name=\"robots\" content=\"index, follow, max-snippet:-1, max-image-preview:large, max-video-preview:-1\" \/>\n<link rel=\"canonical\" href=\"https:\/\/rv-tech.de\/en\/product\/hymer-alu-schloesser-starter-set-fuer-stauraumklappen\/\" \/>\n<meta property=\"og:locale\" content=\"en_US\" \/>\n<meta property=\"og:type\" content=\"article\" \/>\n<meta property=\"og:title\" content=\"Hymer Alu Starter-Set f\u00fcr gro\u00dfe Stauraumklappen - RV Tech\" \/>\n<meta property=\"og:description\" content=\"Diese Zentralverriegelung von RV tech erm\u00f6glicht das gleichzeitige \u00d6ffnen und Verriegeln mehrerer Stauraumklappen am Reisemobil und ist speziell f\u00fcr Hymer Alu Schl\u00f6sser ausgelegt. Dieses Set enth\u00e4lt 2\u00a0Verriegelungen sowie zwei Anschlusskabel mit sechs Metern L\u00e4nge.         Zum Einsatz kommen diese Schl\u00f6sser vor allem bei Reisemobilen mit gro\u00dfen Heckgaragent\u00fcren von Carthago und Pheonix sowie bei Fahrzeugen einiger weiterer Hersteller.\" \/>\n<meta property=\"og:url\" content=\"https:\/\/rv-tech.de\/en\/product\/hymer-alu-schloesser-starter-set-fuer-stauraumklappen\/\" \/>\n<meta property=\"og:site_name\" content=\"RV Tech\" \/>\n<meta property=\"article:publisher\" content=\"https:\/\/www.facebook.com\/rvtech.de\" \/>\n<meta property=\"article:modified_time\" content=\"2026-04-30T08:35:33+00:00\" \/>\n<meta property=\"og:image\" content=\"https:\/\/rv-tech.de\/wp-content\/uploads\/2026\/03\/hymer-alu-schloss.png\" \/>\n\t<meta property=\"og:image:width\" content=\"500\" \/>\n\t<meta property=\"og:image:height\" content=\"500\" \/>\n\t<meta property=\"og:image:type\" content=\"image\/png\" \/>\n<meta name=\"twitter:card\" content=\"summary_large_image\" \/>\n<meta name=\"twitter:label1\" content=\"Est. reading time\" \/>\n\t<meta name=\"twitter:data1\" content=\"2 minutes\" \/>\n<script type=\"application\/ld+json\" class=\"yoast-schema-graph\">{\"@context\":\"https:\\\/\\\/schema.org\",\"@graph\":[{\"@type\":\"WebPage\",\"@id\":\"https:\\\/\\\/rv-tech.de\\\/produkt\\\/hymer-alu-schloesser-starter-set-fuer-stauraumklappen\\\/\",\"url\":\"https:\\\/\\\/rv-tech.de\\\/produkt\\\/hymer-alu-schloesser-starter-set-fuer-stauraumklappen\\\/\",\"name\":\"Hymer Alu Starter-Set f\u00fcr gro\u00dfe Stauraumklappen - RV Tech\",\"isPartOf\":{\"@id\":\"https:\\\/\\\/rv-tech.de\\\/#website\"},\"primaryImageOfPage\":{\"@id\":\"https:\\\/\\\/rv-tech.de\\\/produkt\\\/hymer-alu-schloesser-starter-set-fuer-stauraumklappen\\\/#primaryimage\"},\"image\":{\"@id\":\"https:\\\/\\\/rv-tech.de\\\/produkt\\\/hymer-alu-schloesser-starter-set-fuer-stauraumklappen\\\/#primaryimage\"},\"thumbnailUrl\":\"https:\\\/\\\/rv-tech.de\\\/wp-content\\\/uploads\\\/2026\\\/03\\\/hymer-alu-schloss.png\",\"datePublished\":\"2015-01-13T10:27:47+00:00\",\"dateModified\":\"2026-04-30T08:35:33+00:00\",\"breadcrumb\":{\"@id\":\"https:\\\/\\\/rv-tech.de\\\/produkt\\\/hymer-alu-schloesser-starter-set-fuer-stauraumklappen\\\/#breadcrumb\"},\"inLanguage\":\"en-US\",\"potentialAction\":[{\"@type\":\"ReadAction\",\"target\":[\"https:\\\/\\\/rv-tech.de\\\/produkt\\\/hymer-alu-schloesser-starter-set-fuer-stauraumklappen\\\/\"]}]},{\"@type\":\"ImageObject\",\"inLanguage\":\"en-US\",\"@id\":\"https:\\\/\\\/rv-tech.de\\\/produkt\\\/hymer-alu-schloesser-starter-set-fuer-stauraumklappen\\\/#primaryimage\",\"url\":\"https:\\\/\\\/rv-tech.de\\\/wp-content\\\/uploads\\\/2026\\\/03\\\/hymer-alu-schloss.png\",\"contentUrl\":\"https:\\\/\\\/rv-tech.de\\\/wp-content\\\/uploads\\\/2026\\\/03\\\/hymer-alu-schloss.png\",\"width\":500,\"height\":500},{\"@type\":\"BreadcrumbList\",\"@id\":\"https:\\\/\\\/rv-tech.de\\\/produkt\\\/hymer-alu-schloesser-starter-set-fuer-stauraumklappen\\\/#breadcrumb\",\"itemListElement\":[{\"@type\":\"ListItem\",\"position\":1,\"name\":\"Start\",\"item\":\"https:\\\/\\\/rv-tech.de\\\/\"},{\"@type\":\"ListItem\",\"position\":2,\"name\":\"Shop\",\"item\":\"https:\\\/\\\/rv-tech.de\\\/shop\\\/\"},{\"@type\":\"ListItem\",\"position\":3,\"name\":\"Hymer Alu Starter-Set f\u00fcr gro\u00dfe Stauraumklappen\"}]},{\"@type\":\"WebSite\",\"@id\":\"https:\\\/\\\/rv-tech.de\\\/#website\",\"url\":\"https:\\\/\\\/rv-tech.de\\\/\",\"name\":\"RV Tech\",\"description\":\"Technik f\u00fcr Ihr Reisemobil\",\"publisher\":{\"@id\":\"https:\\\/\\\/rv-tech.de\\\/#organization\"},\"alternateName\":\"Automatische Dachfenster, Zentralverriegelung und Heckst\u00fctzen f\u00fcr Reisemobile\",\"potentialAction\":[{\"@type\":\"SearchAction\",\"target\":{\"@type\":\"EntryPoint\",\"urlTemplate\":\"https:\\\/\\\/rv-tech.de\\\/?s={search_term_string}\"},\"query-input\":{\"@type\":\"PropertyValueSpecification\",\"valueRequired\":true,\"valueName\":\"search_term_string\"}}],\"inLanguage\":\"en-US\"},{\"@type\":\"Organization\",\"@id\":\"https:\\\/\\\/rv-tech.de\\\/#organization\",\"name\":\"RV Tech\",\"alternateName\":\"Automatische Dachfenster, Zentralverriegelung und Heckst\u00fctzen f\u00fcr Reisemobile\",\"url\":\"https:\\\/\\\/rv-tech.de\\\/\",\"logo\":{\"@type\":\"ImageObject\",\"inLanguage\":\"en-US\",\"@id\":\"https:\\\/\\\/rv-tech.de\\\/#\\\/schema\\\/logo\\\/image\\\/\",\"url\":\"https:\\\/\\\/rv-tech.de\\\/wp-content\\\/uploads\\\/2026\\\/01\\\/Logo-RV-Tech.png\",\"contentUrl\":\"https:\\\/\\\/rv-tech.de\\\/wp-content\\\/uploads\\\/2026\\\/01\\\/Logo-RV-Tech.png\",\"width\":2480,\"height\":845,\"caption\":\"RV Tech\"},\"image\":{\"@id\":\"https:\\\/\\\/rv-tech.de\\\/#\\\/schema\\\/logo\\\/image\\\/\"},\"sameAs\":[\"https:\\\/\\\/www.facebook.com\\\/rvtech.de\",\"https:\\\/\\\/www.youtube.com\\\/@RV-tech_Ravensburg\",\"https:\\\/\\\/share.google\\\/dv203Gdb6AlgvNeQD\"]}]}<\/script>\n<!-- \/ Yoast SEO plugin. -->","yoast_head_json":{"title":"Hymer Alu Starter-Set f\u00fcr gro\u00dfe Stauraumklappen - RV Tech","robots":{"index":"index","follow":"follow","max-snippet":"max-snippet:-1","max-image-preview":"max-image-preview:large","max-video-preview":"max-video-preview:-1"},"canonical":"https:\/\/rv-tech.de\/en\/product\/hymer-alu-schloesser-starter-set-fuer-stauraumklappen\/","og_locale":"en_US","og_type":"article","og_title":"Hymer Alu Starter-Set f\u00fcr gro\u00dfe Stauraumklappen - RV Tech","og_description":"Diese Zentralverriegelung von RV tech erm\u00f6glicht das gleichzeitige \u00d6ffnen und Verriegeln mehrerer Stauraumklappen am Reisemobil und ist speziell f\u00fcr Hymer Alu Schl\u00f6sser ausgelegt. Dieses Set enth\u00e4lt 2\u00a0Verriegelungen sowie zwei Anschlusskabel mit sechs Metern L\u00e4nge.         Zum Einsatz kommen diese Schl\u00f6sser vor allem bei Reisemobilen mit gro\u00dfen Heckgaragent\u00fcren von Carthago und Pheonix sowie bei Fahrzeugen einiger weiterer Hersteller.","og_url":"https:\/\/rv-tech.de\/en\/product\/hymer-alu-schloesser-starter-set-fuer-stauraumklappen\/","og_site_name":"RV Tech","article_publisher":"https:\/\/www.facebook.com\/rvtech.de","article_modified_time":"2026-04-30T08:35:33+00:00","og_image":[{"width":500,"height":500,"url":"https:\/\/rv-tech.de\/wp-content\/uploads\/2026\/03\/hymer-alu-schloss.png","type":"image\/png"}],"twitter_card":"summary_large_image","twitter_misc":{"Est. reading time":"2 minutes"},"schema":{"@context":"https:\/\/schema.org","@graph":[{"@type":"WebPage","@id":"https:\/\/rv-tech.de\/produkt\/hymer-alu-schloesser-starter-set-fuer-stauraumklappen\/","url":"https:\/\/rv-tech.de\/produkt\/hymer-alu-schloesser-starter-set-fuer-stauraumklappen\/","name":"Hymer Alu Starter-Set f\u00fcr gro\u00dfe Stauraumklappen - RV Tech","isPartOf":{"@id":"https:\/\/rv-tech.de\/#website"},"primaryImageOfPage":{"@id":"https:\/\/rv-tech.de\/produkt\/hymer-alu-schloesser-starter-set-fuer-stauraumklappen\/#primaryimage"},"image":{"@id":"https:\/\/rv-tech.de\/produkt\/hymer-alu-schloesser-starter-set-fuer-stauraumklappen\/#primaryimage"},"thumbnailUrl":"https:\/\/rv-tech.de\/wp-content\/uploads\/2026\/03\/hymer-alu-schloss.png","datePublished":"2015-01-13T10:27:47+00:00","dateModified":"2026-04-30T08:35:33+00:00","breadcrumb":{"@id":"https:\/\/rv-tech.de\/produkt\/hymer-alu-schloesser-starter-set-fuer-stauraumklappen\/#breadcrumb"},"inLanguage":"en-US","potentialAction":[{"@type":"ReadAction","target":["https:\/\/rv-tech.de\/produkt\/hymer-alu-schloesser-starter-set-fuer-stauraumklappen\/"]}]},{"@type":"ImageObject","inLanguage":"en-US","@id":"https:\/\/rv-tech.de\/produkt\/hymer-alu-schloesser-starter-set-fuer-stauraumklappen\/#primaryimage","url":"https:\/\/rv-tech.de\/wp-content\/uploads\/2026\/03\/hymer-alu-schloss.png","contentUrl":"https:\/\/rv-tech.de\/wp-content\/uploads\/2026\/03\/hymer-alu-schloss.png","width":500,"height":500},{"@type":"BreadcrumbList","@id":"https:\/\/rv-tech.de\/produkt\/hymer-alu-schloesser-starter-set-fuer-stauraumklappen\/#breadcrumb","itemListElement":[{"@type":"ListItem","position":1,"name":"Start","item":"https:\/\/rv-tech.de\/"},{"@type":"ListItem","position":2,"name":"Shop","item":"https:\/\/rv-tech.de\/shop\/"},{"@type":"ListItem","position":3,"name":"Hymer Alu Starter-Set f\u00fcr gro\u00dfe Stauraumklappen"}]},{"@type":"WebSite","@id":"https:\/\/rv-tech.de\/#website","url":"https:\/\/rv-tech.de\/","name":"RV Tech","description":"Technology for your motorhome","publisher":{"@id":"https:\/\/rv-tech.de\/#organization"},"alternateName":"Automatische Dachfenster, Zentralverriegelung und Heckst\u00fctzen f\u00fcr Reisemobile","potentialAction":[{"@type":"SearchAction","target":{"@type":"EntryPoint","urlTemplate":"https:\/\/rv-tech.de\/?s={search_term_string}"},"query-input":{"@type":"PropertyValueSpecification","valueRequired":true,"valueName":"search_term_string"}}],"inLanguage":"en-US"},{"@type":"Organization","@id":"https:\/\/rv-tech.de\/#organization","name":"RV Tech","alternateName":"Automatische Dachfenster, Zentralverriegelung und Heckst\u00fctzen f\u00fcr Reisemobile","url":"https:\/\/rv-tech.de\/","logo":{"@type":"ImageObject","inLanguage":"en-US","@id":"https:\/\/rv-tech.de\/#\/schema\/logo\/image\/","url":"https:\/\/rv-tech.de\/wp-content\/uploads\/2026\/01\/Logo-RV-Tech.png","contentUrl":"https:\/\/rv-tech.de\/wp-content\/uploads\/2026\/01\/Logo-RV-Tech.png","width":2480,"height":845,"caption":"RV Tech"},"image":{"@id":"https:\/\/rv-tech.de\/#\/schema\/logo\/image\/"},"sameAs":["https:\/\/www.facebook.com\/rvtech.de","https:\/\/www.youtube.com\/@RV-tech_Ravensburg","https:\/\/share.google\/dv203Gdb6AlgvNeQD"]}]}},"_links":{"self":[{"href":"https:\/\/rv-tech.de\/en\/wp-json\/wp\/v2\/product\/2156","targetHints":{"allow":["GET"]}}],"collection":[{"href":"https:\/\/rv-tech.de\/en\/wp-json\/wp\/v2\/product"}],"about":[{"href":"https:\/\/rv-tech.de\/en\/wp-json\/wp\/v2\/types\/product"}],"version-history":[{"count":8,"href":"https:\/\/rv-tech.de\/en\/wp-json\/wp\/v2\/product\/2156\/revisions"}],"predecessor-version":[{"id":121470,"href":"https:\/\/rv-tech.de\/en\/wp-json\/wp\/v2\/product\/2156\/revisions\/121470"}],"wp:featuredmedia":[{"embeddable":true,"href":"https:\/\/rv-tech.de\/en\/wp-json\/wp\/v2\/media\/2159"}],"wp:attachment":[{"href":"https:\/\/rv-tech.de\/en\/wp-json\/wp\/v2\/media?parent=2156"}],"wp:term":[{"taxonomy":"product_brand","embeddable":true,"href":"https:\/\/rv-tech.de\/en\/wp-json\/wp\/v2\/product_brand?post=2156"},{"taxonomy":"product_cat","embeddable":true,"href":"https:\/\/rv-tech.de\/en\/wp-json\/wp\/v2\/product_cat?post=2156"},{"taxonomy":"product_tag","embeddable":true,"href":"https:\/\/rv-tech.de\/en\/wp-json\/wp\/v2\/product_tag?post=2156"}],"curies":[{"name":"wp","href":"https:\/\/api.w.org\/{rel}","templated":true}]}}