{"id":565,"date":"2026-01-10T15:34:49","date_gmt":"2026-01-10T14:34:49","guid":{"rendered":"http:\/\/rv-tech.de\/?page_id=565"},"modified":"2026-02-24T12:16:06","modified_gmt":"2026-02-24T11:16:06","slug":"fachartikel","status":"publish","type":"page","link":"https:\/\/rv-tech.de\/en\/fachartikel\/","title":{"rendered":"Technical article"},"content":{"rendered":"\t\t<div data-elementor-type=\"wp-page\" data-elementor-id=\"565\" class=\"elementor elementor-565\" data-elementor-post-type=\"page\">\n\t\t\t\t<div class=\"elementor-element elementor-element-3a2f5b7 e-con-full e-flex e-con e-parent\" data-id=\"3a2f5b7\" data-element_type=\"container\" data-e-type=\"container\">\n\t\t\t\t<div class=\"elementor-element elementor-element-ed2b588 elementor-widget elementor-widget-template\" data-id=\"ed2b588\" data-element_type=\"widget\" data-e-type=\"widget\" data-widget_type=\"template.default\">\n\t\t\t\t<div class=\"elementor-widget-container\">\n\t\t\t\t\t\t\t<div class=\"elementor-template\">\n\t\t\t\t\t<article data-elementor-type=\"archive\" data-elementor-id=\"557\" class=\"elementor elementor-557\" data-elementor-post-type=\"elementor_library\">\n\t\t\t<div class=\"elementor-element elementor-element-5654087b e-con-full e-flex e-con e-parent\" data-id=\"5654087b\" data-element_type=\"container\" data-e-type=\"container\">\n\t\t<div class=\"elementor-element elementor-element-593f477b e-con-full e-flex e-con e-child\" data-id=\"593f477b\" data-element_type=\"container\" data-e-type=\"container\" data-settings=\"{&quot;background_background&quot;:&quot;slideshow&quot;,&quot;background_slideshow_gallery&quot;:[{&quot;id&quot;:191,&quot;url&quot;:&quot;http:\\\/\\\/rv-tech.de\\\/wp-content\\\/uploads\\\/2026\\\/01\\\/Automatische-Dachfenster-Zentralverriegelung-und-Heckstuetzen-fuer-Wohmobile.png&quot;}],&quot;background_slideshow_loop&quot;:&quot;yes&quot;,&quot;background_slideshow_slide_duration&quot;:5000,&quot;background_slideshow_slide_transition&quot;:&quot;fade&quot;,&quot;background_slideshow_transition_duration&quot;:500}\">\n\t\t\t\t<div class=\"elementor-element elementor-element-7b27500 elementor-widget elementor-widget-heading\" data-id=\"7b27500\" data-element_type=\"widget\" data-e-type=\"widget\" data-widget_type=\"heading.default\">\n\t\t\t\t\t<h2 class=\"elementor-heading-title elementor-size-default\">Blog<\/h2>\t\t\t\t<\/div>\n\t\t\t\t<div class=\"elementor-element elementor-element-138c6851 elementor-widget elementor-widget-heading\" data-id=\"138c6851\" data-element_type=\"widget\" data-e-type=\"widget\" data-widget_type=\"heading.default\">\n\t\t\t\t\t<h1 class=\"elementor-heading-title elementor-size-default\">Fachartikel<\/h1>\t\t\t\t<\/div>\n\t\t\t\t<div class=\"elementor-element elementor-element-9c94b10 elementor-widget elementor-widget-heading\" data-id=\"9c94b10\" data-element_type=\"widget\" data-e-type=\"widget\" data-widget_type=\"heading.default\">\n\t\t\t\t\t<p class=\"elementor-heading-title elementor-size-default\">\nAlles rund um Ihr Reisemobil<\/p>\t\t\t\t<\/div>\n\t\t\t\t<\/div>\n\t\t\t\t<\/div>\n\t\t<div class=\"elementor-element elementor-element-2104878d e-con-full e-flex e-con e-parent\" data-id=\"2104878d\" data-element_type=\"container\" data-e-type=\"container\">\n\t\t\t\t<div class=\"elementor-element elementor-element-70bb41fc elementor-posts__hover-none elementor-grid-3 elementor-grid-tablet-2 elementor-grid-mobile-1 elementor-posts--thumbnail-top load-more-align-center elementor-widget elementor-widget-posts\" data-id=\"70bb41fc\" data-element_type=\"widget\" data-e-type=\"widget\" data-settings=\"{&quot;cards_row_gap&quot;:{&quot;unit&quot;:&quot;px&quot;,&quot;size&quot;:80,&quot;sizes&quot;:[]},&quot;cards_row_gap_tablet&quot;:{&quot;unit&quot;:&quot;px&quot;,&quot;size&quot;:71,&quot;sizes&quot;:[]},&quot;cards_row_gap_mobile&quot;:{&quot;unit&quot;:&quot;px&quot;,&quot;size&quot;:30,&quot;sizes&quot;:[]},&quot;pagination_type&quot;:&quot;load_more_on_click&quot;,&quot;cards_columns&quot;:&quot;3&quot;,&quot;cards_columns_tablet&quot;:&quot;2&quot;,&quot;cards_columns_mobile&quot;:&quot;1&quot;,&quot;load_more_spinner&quot;:{&quot;value&quot;:&quot;fas fa-spinner&quot;,&quot;library&quot;:&quot;fa-solid&quot;}}\" data-widget_type=\"posts.cards\">\n\t\t\t\t<div class=\"elementor-widget-container\">\n\t\t\t\t\t\t\t<div class=\"elementor-posts-container elementor-posts elementor-posts--skin-cards elementor-grid\" role=\"list\">\n\t\t\t\t<article class=\"elementor-post elementor-grid-item post-548 post type-post status-publish format-standard has-post-thumbnail hentry category-zentralverriegelung-im-wohnmobil tag-zentralverriegelung-im-wohnmobil tag-zentralverriegelung-im-wohnmobil-nachruesten\" role=\"listitem\">\n\t\t\t<div class=\"elementor-post__card\">\n\t\t\t\t<a class=\"elementor-post__thumbnail__link\" href=\"https:\/\/rv-tech.de\/en\/2026\/01\/10\/zentralverriegelung-im-wohnmobil-nachruesten-fuer-mehr-komfort-und-sicherheit\/\" tabindex=\"-1\" ><div class=\"elementor-post__thumbnail\"><img fetchpriority=\"high\" decoding=\"async\" width=\"2560\" height=\"1703\" src=\"https:\/\/rv-tech.de\/wp-content\/uploads\/2026\/01\/detail-of-van-parking-in-the-nature-2024-10-19-21-21-08-utc-2-scaled-1.jpg\" class=\"attachment-full size-full wp-image-549\" alt=\"\" srcset=\"https:\/\/rv-tech.de\/wp-content\/uploads\/2026\/01\/detail-of-van-parking-in-the-nature-2024-10-19-21-21-08-utc-2-scaled-1.jpg 2560w, https:\/\/rv-tech.de\/wp-content\/uploads\/2026\/01\/detail-of-van-parking-in-the-nature-2024-10-19-21-21-08-utc-2-scaled-1-300x200.jpg 300w, https:\/\/rv-tech.de\/wp-content\/uploads\/2026\/01\/detail-of-van-parking-in-the-nature-2024-10-19-21-21-08-utc-2-scaled-1-1024x681.jpg 1024w, https:\/\/rv-tech.de\/wp-content\/uploads\/2026\/01\/detail-of-van-parking-in-the-nature-2024-10-19-21-21-08-utc-2-scaled-1-768x511.jpg 768w, https:\/\/rv-tech.de\/wp-content\/uploads\/2026\/01\/detail-of-van-parking-in-the-nature-2024-10-19-21-21-08-utc-2-scaled-1-1536x1022.jpg 1536w, https:\/\/rv-tech.de\/wp-content\/uploads\/2026\/01\/detail-of-van-parking-in-the-nature-2024-10-19-21-21-08-utc-2-scaled-1-2048x1362.jpg 2048w, https:\/\/rv-tech.de\/wp-content\/uploads\/2026\/01\/detail-of-van-parking-in-the-nature-2024-10-19-21-21-08-utc-2-scaled-1-600x399.jpg 600w\" sizes=\"(max-width: 2560px) 100vw, 2560px\" \/><\/div><\/a>\n\t\t\t\t<div class=\"elementor-post__text\">\n\t\t\t\t<h4 class=\"elementor-post__title\">\n\t\t\t<a href=\"https:\/\/rv-tech.de\/en\/2026\/01\/10\/zentralverriegelung-im-wohnmobil-nachruesten-fuer-mehr-komfort-und-sicherheit\/\" >\n\t\t\t\tZentralverriegelung im Wohnmobil nachr\u00fcsten f\u00fcr mehr Komfort und Sicherheit\t\t\t<\/a>\n\t\t<\/h4>\n\t\t\t\t<div class=\"elementor-post__excerpt\">\n\t\t\t<p>Die nachr\u00fcstbare Zentralverriegelung f\u00fcr Wohnmobile von RV tech \u00fcberzeugt durch ihre einfache Handhabung und hohe Funktionalit\u00e4t. Die Steuerung erfolgt bequem<\/p>\n\t\t<\/div>\n\t\t\n\t\t<a class=\"elementor-post__read-more\" href=\"https:\/\/rv-tech.de\/en\/2026\/01\/10\/zentralverriegelung-im-wohnmobil-nachruesten-fuer-mehr-komfort-und-sicherheit\/\" aria-label=\"Read more about Zentralverriegelung im Wohnmobil nachr\u00fcsten f\u00fcr mehr Komfort und Sicherheit\" tabindex=\"-1\" >\n\t\t\tMehr lesen\t\t<\/a>\n\n\t\t\t\t<\/div>\n\t\t\t\t\t<\/div>\n\t\t<\/article>\n\t\t\t\t<article class=\"elementor-post elementor-grid-item post-121024 post type-post status-publish format-standard has-post-thumbnail hentry category-dachfensterantrieb\" role=\"listitem\">\n\t\t\t<div class=\"elementor-post__card\">\n\t\t\t\t<a class=\"elementor-post__thumbnail__link\" href=\"https:\/\/rv-tech.de\/en\/2025\/08\/01\/dachfensterantrieb-einfach-einbauen-und-nachruesten\/\" tabindex=\"-1\" ><div class=\"elementor-post__thumbnail\"><img decoding=\"async\" width=\"2560\" height=\"1703\" src=\"https:\/\/rv-tech.de\/wp-content\/uploads\/2025\/08\/couple-looks-out-of-rv-window-camping-in-trailer-2024-11-26-13-39-43-utc-1-scaled-1.jpg\" class=\"attachment-full size-full wp-image-121031\" alt=\"\" srcset=\"https:\/\/rv-tech.de\/wp-content\/uploads\/2025\/08\/couple-looks-out-of-rv-window-camping-in-trailer-2024-11-26-13-39-43-utc-1-scaled-1.jpg 2560w, https:\/\/rv-tech.de\/wp-content\/uploads\/2025\/08\/couple-looks-out-of-rv-window-camping-in-trailer-2024-11-26-13-39-43-utc-1-scaled-1-300x200.jpg 300w, https:\/\/rv-tech.de\/wp-content\/uploads\/2025\/08\/couple-looks-out-of-rv-window-camping-in-trailer-2024-11-26-13-39-43-utc-1-scaled-1-1024x681.jpg 1024w, https:\/\/rv-tech.de\/wp-content\/uploads\/2025\/08\/couple-looks-out-of-rv-window-camping-in-trailer-2024-11-26-13-39-43-utc-1-scaled-1-768x511.jpg 768w, https:\/\/rv-tech.de\/wp-content\/uploads\/2025\/08\/couple-looks-out-of-rv-window-camping-in-trailer-2024-11-26-13-39-43-utc-1-scaled-1-1536x1022.jpg 1536w, https:\/\/rv-tech.de\/wp-content\/uploads\/2025\/08\/couple-looks-out-of-rv-window-camping-in-trailer-2024-11-26-13-39-43-utc-1-scaled-1-2048x1362.jpg 2048w, https:\/\/rv-tech.de\/wp-content\/uploads\/2025\/08\/couple-looks-out-of-rv-window-camping-in-trailer-2024-11-26-13-39-43-utc-1-scaled-1-600x399.jpg 600w\" sizes=\"(max-width: 2560px) 100vw, 2560px\" \/><\/div><\/a>\n\t\t\t\t<div class=\"elementor-post__text\">\n\t\t\t\t<h4 class=\"elementor-post__title\">\n\t\t\t<a href=\"https:\/\/rv-tech.de\/en\/2025\/08\/01\/dachfensterantrieb-einfach-einbauen-und-nachruesten\/\" >\n\t\t\t\tDachfensterantrieb: Einfach einbauen und nachr\u00fcsten\t\t\t<\/a>\n\t\t<\/h4>\n\t\t\t\t<div class=\"elementor-post__excerpt\">\n\t\t\t<p>Der elektrische Dachfensterantrieb ist aktuell f\u00fcr verschiedene Modelle der Marke Dometic verf\u00fcgbar und l\u00e4sst sich problemlos nachr\u00fcsten. Im Detail sind das die beliebten Dachfenster Heki 3, Midi Heki sowie Midi Heki FL. Diese Dachfenster kommen h\u00e4ufig in Wohnmobilen, Campern oder Caravans zum Einsatz und \u00fcberzeugen durch ihre hochwertige Verarbeitung sowie den praktischen Nutzen. Durch den elektrischen Antrieb wird das \u00d6ffnen und Schlie\u00dfen des Dachfensters noch komfortabler \u2013 ideal f\u00fcr alle, die auf Reisen nicht auf Luxus verzichten m\u00f6chten.<\/p>\n\t\t<\/div>\n\t\t\n\t\t<a class=\"elementor-post__read-more\" href=\"https:\/\/rv-tech.de\/en\/2025\/08\/01\/dachfensterantrieb-einfach-einbauen-und-nachruesten\/\" aria-label=\"Read more about Dachfensterantrieb: Einfach einbauen und nachr\u00fcsten\" tabindex=\"-1\" >\n\t\t\tMehr lesen\t\t<\/a>\n\n\t\t\t\t<\/div>\n\t\t\t\t\t<\/div>\n\t\t<\/article>\n\t\t\t\t<article class=\"elementor-post elementor-grid-item post-112604 post type-post status-publish format-standard has-post-thumbnail hentry category-uncategorized\" role=\"listitem\">\n\t\t\t<div class=\"elementor-post__card\">\n\t\t\t\t<a class=\"elementor-post__thumbnail__link\" href=\"https:\/\/rv-tech.de\/en\/2022\/08\/12\/der-unterschied-zwischen-teil-und-vollintegrierten-wohnmobilen\/\" tabindex=\"-1\" ><div class=\"elementor-post__thumbnail\"><img decoding=\"async\" width=\"1080\" height=\"727\" src=\"https:\/\/rv-tech.de\/wp-content\/uploads\/2022\/08\/voll-und-teilintegriert-1.jpg\" class=\"attachment-full size-full wp-image-121032\" alt=\"\" srcset=\"https:\/\/rv-tech.de\/wp-content\/uploads\/2022\/08\/voll-und-teilintegriert-1.jpg 1080w, https:\/\/rv-tech.de\/wp-content\/uploads\/2022\/08\/voll-und-teilintegriert-1-300x202.jpg 300w, https:\/\/rv-tech.de\/wp-content\/uploads\/2022\/08\/voll-und-teilintegriert-1-1024x689.jpg 1024w, https:\/\/rv-tech.de\/wp-content\/uploads\/2022\/08\/voll-und-teilintegriert-1-768x517.jpg 768w, https:\/\/rv-tech.de\/wp-content\/uploads\/2022\/08\/voll-und-teilintegriert-1-600x404.jpg 600w\" sizes=\"(max-width: 1080px) 100vw, 1080px\" \/><\/div><\/a>\n\t\t\t\t<div class=\"elementor-post__text\">\n\t\t\t\t<h4 class=\"elementor-post__title\">\n\t\t\t<a href=\"https:\/\/rv-tech.de\/en\/2022\/08\/12\/der-unterschied-zwischen-teil-und-vollintegrierten-wohnmobilen\/\" >\n\t\t\t\tDer Unterschied zwischen teil- und vollintegrierten Wohnmobilen\t\t\t<\/a>\n\t\t<\/h4>\n\t\t\t\t<div class=\"elementor-post__excerpt\">\n\t\t\t<p>Informieren Sie sich gerade das erste Mal \u00fcber Wohnmobile, kommen Sie um diese zwei Begrifflichkeiten nicht herum. Aber was bedeutet eigentlich vollintegriert und teilintegriert? Und wo liegen die Unterschiede eines teilintegrierten und eines vollintegrierten Wohnmobils? In unserem Ratgeber erkl\u00e4ren wir Ihnen alle Unterschiede sowie die Vor- und Nachteile, die die unterschiedlichen Typen mitbringen. <\/p>\n\t\t<\/div>\n\t\t\n\t\t<a class=\"elementor-post__read-more\" href=\"https:\/\/rv-tech.de\/en\/2022\/08\/12\/der-unterschied-zwischen-teil-und-vollintegrierten-wohnmobilen\/\" aria-label=\"Read more about Der Unterschied zwischen teil- und vollintegrierten Wohnmobilen\" tabindex=\"-1\" >\n\t\t\tMehr lesen\t\t<\/a>\n\n\t\t\t\t<\/div>\n\t\t\t\t\t<\/div>\n\t\t<\/article>\n\t\t\t\t<article class=\"elementor-post elementor-grid-item post-112601 post type-post status-publish format-standard has-post-thumbnail hentry category-uncategorized\" role=\"listitem\">\n\t\t\t<div class=\"elementor-post__card\">\n\t\t\t\t<a class=\"elementor-post__thumbnail__link\" href=\"https:\/\/rv-tech.de\/en\/2022\/08\/12\/must-have-wohnmobilzubehoer\/\" tabindex=\"-1\" ><div class=\"elementor-post__thumbnail\"><img loading=\"lazy\" decoding=\"async\" width=\"1500\" height=\"1000\" src=\"https:\/\/rv-tech.de\/wp-content\/uploads\/2022\/08\/medium-shot-smiley-couple-with-campervan.jpg\" class=\"attachment-full size-full wp-image-121035\" alt=\"\" srcset=\"https:\/\/rv-tech.de\/wp-content\/uploads\/2022\/08\/medium-shot-smiley-couple-with-campervan.jpg 1500w, https:\/\/rv-tech.de\/wp-content\/uploads\/2022\/08\/medium-shot-smiley-couple-with-campervan-300x200.jpg 300w, https:\/\/rv-tech.de\/wp-content\/uploads\/2022\/08\/medium-shot-smiley-couple-with-campervan-1024x683.jpg 1024w, https:\/\/rv-tech.de\/wp-content\/uploads\/2022\/08\/medium-shot-smiley-couple-with-campervan-768x512.jpg 768w, https:\/\/rv-tech.de\/wp-content\/uploads\/2022\/08\/medium-shot-smiley-couple-with-campervan-600x400.jpg 600w\" sizes=\"(max-width: 1500px) 100vw, 1500px\" \/><\/div><\/a>\n\t\t\t\t<div class=\"elementor-post__text\">\n\t\t\t\t<h4 class=\"elementor-post__title\">\n\t\t\t<a href=\"https:\/\/rv-tech.de\/en\/2022\/08\/12\/must-have-wohnmobilzubehoer\/\" >\n\t\t\t\tDieses Wohnmobil Zubeh\u00f6r erm\u00f6glicht Ihnen einen stressfreien Urlaub\t\t\t<\/a>\n\t\t<\/h4>\n\t\t\t\t<div class=\"elementor-post__excerpt\">\n\t\t\t<p>Stress und Urlaub? Das geht nicht zusammen. Wir von RV tech m\u00f6chten Ihnen mithilfe unseres Technik-Zubeh\u00f6rs f\u00fcr Wohnmobile und Wohnw\u00e4gen den h\u00f6chsten Komfort bieten, damit Sie Ihren Urlaub in vollen Z\u00fcgen genie\u00dfen k\u00f6nnen. Genie\u00dfen Sie entspannte Urlaubsstunden mit dem Wohnmobil und Wohnwagen Zubeh\u00f6r von RV tech. Wir zeigen Ihnen in diesem Beitrag wie unser Zubeh\u00f6r Ihren perfekten Urlaub erm\u00f6glicht.<\/p>\n\t\t<\/div>\n\t\t\n\t\t<a class=\"elementor-post__read-more\" href=\"https:\/\/rv-tech.de\/en\/2022\/08\/12\/must-have-wohnmobilzubehoer\/\" aria-label=\"Read more about Dieses Wohnmobil Zubeh\u00f6r erm\u00f6glicht Ihnen einen stressfreien Urlaub\" tabindex=\"-1\" >\n\t\t\tMehr lesen\t\t<\/a>\n\n\t\t\t\t<\/div>\n\t\t\t\t\t<\/div>\n\t\t<\/article>\n\t\t\t\t<article class=\"elementor-post elementor-grid-item post-112598 post type-post status-publish format-standard has-post-thumbnail hentry category-uncategorized\" role=\"listitem\">\n\t\t\t<div class=\"elementor-post__card\">\n\t\t\t\t<a class=\"elementor-post__thumbnail__link\" href=\"https:\/\/rv-tech.de\/en\/2022\/08\/12\/wonhmobilmarken\/\" tabindex=\"-1\" ><div class=\"elementor-post__thumbnail\"><img loading=\"lazy\" decoding=\"async\" width=\"1000\" height=\"667\" src=\"https:\/\/rv-tech.de\/wp-content\/uploads\/2022\/08\/white-van-with-table-chairs-it.jpg\" class=\"attachment-full size-full wp-image-121036\" alt=\"\" srcset=\"https:\/\/rv-tech.de\/wp-content\/uploads\/2022\/08\/white-van-with-table-chairs-it.jpg 1000w, https:\/\/rv-tech.de\/wp-content\/uploads\/2022\/08\/white-van-with-table-chairs-it-300x200.jpg 300w, https:\/\/rv-tech.de\/wp-content\/uploads\/2022\/08\/white-van-with-table-chairs-it-768x512.jpg 768w, https:\/\/rv-tech.de\/wp-content\/uploads\/2022\/08\/white-van-with-table-chairs-it-600x400.jpg 600w\" sizes=\"(max-width: 1000px) 100vw, 1000px\" \/><\/div><\/a>\n\t\t\t\t<div class=\"elementor-post__text\">\n\t\t\t\t<h4 class=\"elementor-post__title\">\n\t\t\t<a href=\"https:\/\/rv-tech.de\/en\/2022\/08\/12\/wonhmobilmarken\/\" >\n\t\t\t\t\u00dcberblick \u00fcber die gr\u00f6\u00dften deutschen Wohnmobil Marken\t\t\t<\/a>\n\t\t<\/h4>\n\t\t\t\t<div class=\"elementor-post__excerpt\">\n\t\t\t<p>Angesichts der zahlreichen Wohnmobil-Hersteller kann der Traumurlaub bei vielen Wohnmobil-K\u00e4ufern zur echten Herausforderung werden. Welche Marke ist die g\u00fcnstigste? Welche Marke ist die beste? Und vor allem: Welche Marke ist am besten f\u00fcr mich und ist f\u00fcr meine Art Urlaub zu machen geeignet?<\/p>\n<p>Wir von rv-tech wollen f\u00fcr Klarheit in diesem Marken-Chaos sorgen und erkl\u00e4ren Ihnen was die unterschiedlichen Marken f\u00fcr Sie leisten.<\/p>\n\t\t<\/div>\n\t\t\n\t\t<a class=\"elementor-post__read-more\" href=\"https:\/\/rv-tech.de\/en\/2022\/08\/12\/wonhmobilmarken\/\" aria-label=\"Read more about \u00dcberblick \u00fcber die gr\u00f6\u00dften deutschen Wohnmobil Marken\" tabindex=\"-1\" >\n\t\t\tMehr lesen\t\t<\/a>\n\n\t\t\t\t<\/div>\n\t\t\t\t\t<\/div>\n\t\t<\/article>\n\t\t\t\t<\/div>\n\t\t\t\t\t<span class=\"e-load-more-spinner\">\n\t\t\t\t<svg aria-hidden=\"true\" class=\"e-font-icon-svg e-fas-spinner\" viewBox=\"0 0 512 512\" xmlns=\"http:\/\/www.w3.org\/2000\/svg\"><path d=\"M304 48c0 26.51-21.49 48-48 48s-48-21.49-48-48 21.49-48 48-48 48 21.49 48 48zm-48 368c-26.51 0-48 21.49-48 48s21.49 48 48 48 48-21.49 48-48-21.49-48-48-48zm208-208c-26.51 0-48 21.49-48 48s21.49 48 48 48 48-21.49 48-48-21.49-48-48-48zM96 256c0-26.51-21.49-48-48-48S0 229.49 0 256s21.49 48 48 48 48-21.49 48-48zm12.922 99.078c-26.51 0-48 21.49-48 48s21.49 48 48 48 48-21.49 48-48c0-26.509-21.491-48-48-48zm294.156 0c-26.51 0-48 21.49-48 48s21.49 48 48 48 48-21.49 48-48c0-26.509-21.49-48-48-48zM108.922 60.922c-26.51 0-48 21.49-48 48s21.49 48 48 48 48-21.49 48-48-21.491-48-48-48z\"><\/path><\/svg>\t\t\t<\/span>\n\t\t\n\t\t\t\t\t\t<\/div>\n\t\t\t\t<\/div>\n\t\t\t\t<\/div>\n\t\t\t\t<\/article>\n\t\t\t\t<\/div>\n\t\t\t\t\t\t<\/div>\n\t\t\t\t<\/div>\n\t\t\t\t<\/div>\n\t\t\t\t<\/div>\n\t\t","protected":false},"excerpt":{"rendered":"","protected":false},"author":1,"featured_media":0,"parent":0,"menu_order":0,"comment_status":"closed","ping_status":"closed","template":"","meta":{"_acf_changed":false,"footnotes":""},"folder":[55],"class_list":["post-565","page","type-page","status-publish","hentry"],"acf":[],"yoast_head":"<!-- This site is optimized with the Yoast SEO plugin v27.6 - https:\/\/yoast.com\/product\/yoast-seo-wordpress\/ -->\n<title>Wohnmobil Technik Ratgeber<\/title>\n<meta name=\"description\" content=\"Entdecken Sie fundierte Fachartikel rund um die Wohnmobil Nachr\u00fcstung. Experten-Tipps zu Dachfenstern, Heckst\u00fctzen &amp; smarter Camper-Technik.\" \/>\n<meta name=\"robots\" content=\"index, follow, max-snippet:-1, max-image-preview:large, max-video-preview:-1\" \/>\n<link rel=\"canonical\" href=\"https:\/\/rv-tech.de\/en\/fachartikel\/\" \/>\n<meta property=\"og:locale\" content=\"en_US\" \/>\n<meta property=\"og:type\" content=\"article\" \/>\n<meta property=\"og:title\" content=\"Wohnmobil Technik Ratgeber\" \/>\n<meta property=\"og:description\" content=\"Entdecken Sie fundierte Fachartikel rund um die Wohnmobil Nachr\u00fcstung. Experten-Tipps zu Dachfenstern, Heckst\u00fctzen &amp; smarter Camper-Technik.\" \/>\n<meta property=\"og:url\" content=\"https:\/\/rv-tech.de\/en\/fachartikel\/\" \/>\n<meta property=\"og:site_name\" content=\"RV Tech\" \/>\n<meta property=\"article:publisher\" content=\"https:\/\/www.facebook.com\/rvtech.de\" \/>\n<meta property=\"article:modified_time\" content=\"2026-02-24T11:16:06+00:00\" \/>\n<meta property=\"og:image\" content=\"https:\/\/rv-tech.de\/wp-content\/uploads\/2026\/01\/Logo-RV-Tech.png\" \/>\n\t<meta property=\"og:image:width\" content=\"2480\" \/>\n\t<meta property=\"og:image:height\" content=\"845\" \/>\n\t<meta property=\"og:image:type\" content=\"image\/png\" \/>\n<meta name=\"twitter:card\" content=\"summary_large_image\" \/>\n<script type=\"application\/ld+json\" class=\"yoast-schema-graph\">{\"@context\":\"https:\\\/\\\/schema.org\",\"@graph\":[{\"@type\":\"WebPage\",\"@id\":\"https:\\\/\\\/rv-tech.de\\\/fachartikel\\\/\",\"url\":\"https:\\\/\\\/rv-tech.de\\\/fachartikel\\\/\",\"name\":\"Wohnmobil Technik Ratgeber\",\"isPartOf\":{\"@id\":\"https:\\\/\\\/rv-tech.de\\\/#website\"},\"datePublished\":\"2026-01-10T14:34:49+00:00\",\"dateModified\":\"2026-02-24T11:16:06+00:00\",\"description\":\"Entdecken Sie fundierte Fachartikel rund um die Wohnmobil Nachr\u00fcstung. Experten-Tipps zu Dachfenstern, Heckst\u00fctzen & smarter Camper-Technik.\",\"breadcrumb\":{\"@id\":\"https:\\\/\\\/rv-tech.de\\\/fachartikel\\\/#breadcrumb\"},\"inLanguage\":\"en-US\",\"potentialAction\":[{\"@type\":\"ReadAction\",\"target\":[\"https:\\\/\\\/rv-tech.de\\\/fachartikel\\\/\"]}]},{\"@type\":\"BreadcrumbList\",\"@id\":\"https:\\\/\\\/rv-tech.de\\\/fachartikel\\\/#breadcrumb\",\"itemListElement\":[{\"@type\":\"ListItem\",\"position\":1,\"name\":\"Start\",\"item\":\"https:\\\/\\\/rv-tech.de\\\/\"},{\"@type\":\"ListItem\",\"position\":2,\"name\":\"Fachartikel\"}]},{\"@type\":\"WebSite\",\"@id\":\"https:\\\/\\\/rv-tech.de\\\/#website\",\"url\":\"https:\\\/\\\/rv-tech.de\\\/\",\"name\":\"RV Tech\",\"description\":\"Technik f\u00fcr Ihr Reisemobil\",\"publisher\":{\"@id\":\"https:\\\/\\\/rv-tech.de\\\/#organization\"},\"alternateName\":\"Automatische Dachfenster, Zentralverriegelung und Heckst\u00fctzen f\u00fcr Reisemobile\",\"potentialAction\":[{\"@type\":\"SearchAction\",\"target\":{\"@type\":\"EntryPoint\",\"urlTemplate\":\"https:\\\/\\\/rv-tech.de\\\/?s={search_term_string}\"},\"query-input\":{\"@type\":\"PropertyValueSpecification\",\"valueRequired\":true,\"valueName\":\"search_term_string\"}}],\"inLanguage\":\"en-US\"},{\"@type\":\"Organization\",\"@id\":\"https:\\\/\\\/rv-tech.de\\\/#organization\",\"name\":\"RV Tech\",\"alternateName\":\"Automatische Dachfenster, Zentralverriegelung und Heckst\u00fctzen f\u00fcr Reisemobile\",\"url\":\"https:\\\/\\\/rv-tech.de\\\/\",\"logo\":{\"@type\":\"ImageObject\",\"inLanguage\":\"en-US\",\"@id\":\"https:\\\/\\\/rv-tech.de\\\/#\\\/schema\\\/logo\\\/image\\\/\",\"url\":\"https:\\\/\\\/rv-tech.de\\\/wp-content\\\/uploads\\\/2026\\\/01\\\/Logo-RV-Tech.png\",\"contentUrl\":\"https:\\\/\\\/rv-tech.de\\\/wp-content\\\/uploads\\\/2026\\\/01\\\/Logo-RV-Tech.png\",\"width\":2480,\"height\":845,\"caption\":\"RV Tech\"},\"image\":{\"@id\":\"https:\\\/\\\/rv-tech.de\\\/#\\\/schema\\\/logo\\\/image\\\/\"},\"sameAs\":[\"https:\\\/\\\/www.facebook.com\\\/rvtech.de\",\"https:\\\/\\\/www.youtube.com\\\/@RV-tech_Ravensburg\",\"https:\\\/\\\/share.google\\\/dv203Gdb6AlgvNeQD\"]}]}<\/script>\n<!-- \/ Yoast SEO plugin. -->","yoast_head_json":{"title":"Wohnmobil Technik Ratgeber","description":"Entdecken Sie fundierte Fachartikel rund um die Wohnmobil Nachr\u00fcstung. Experten-Tipps zu Dachfenstern, Heckst\u00fctzen & smarter Camper-Technik.","robots":{"index":"index","follow":"follow","max-snippet":"max-snippet:-1","max-image-preview":"max-image-preview:large","max-video-preview":"max-video-preview:-1"},"canonical":"https:\/\/rv-tech.de\/en\/fachartikel\/","og_locale":"en_US","og_type":"article","og_title":"Wohnmobil Technik Ratgeber","og_description":"Entdecken Sie fundierte Fachartikel rund um die Wohnmobil Nachr\u00fcstung. Experten-Tipps zu Dachfenstern, Heckst\u00fctzen & smarter Camper-Technik.","og_url":"https:\/\/rv-tech.de\/en\/fachartikel\/","og_site_name":"RV Tech","article_publisher":"https:\/\/www.facebook.com\/rvtech.de","article_modified_time":"2026-02-24T11:16:06+00:00","og_image":[{"width":2480,"height":845,"url":"https:\/\/rv-tech.de\/wp-content\/uploads\/2026\/01\/Logo-RV-Tech.png","type":"image\/png"}],"twitter_card":"summary_large_image","schema":{"@context":"https:\/\/schema.org","@graph":[{"@type":"WebPage","@id":"https:\/\/rv-tech.de\/fachartikel\/","url":"https:\/\/rv-tech.de\/fachartikel\/","name":"Wohnmobil Technik Ratgeber","isPartOf":{"@id":"https:\/\/rv-tech.de\/#website"},"datePublished":"2026-01-10T14:34:49+00:00","dateModified":"2026-02-24T11:16:06+00:00","description":"Entdecken Sie fundierte Fachartikel rund um die Wohnmobil Nachr\u00fcstung. Experten-Tipps zu Dachfenstern, Heckst\u00fctzen & smarter Camper-Technik.","breadcrumb":{"@id":"https:\/\/rv-tech.de\/fachartikel\/#breadcrumb"},"inLanguage":"en-US","potentialAction":[{"@type":"ReadAction","target":["https:\/\/rv-tech.de\/fachartikel\/"]}]},{"@type":"BreadcrumbList","@id":"https:\/\/rv-tech.de\/fachartikel\/#breadcrumb","itemListElement":[{"@type":"ListItem","position":1,"name":"Start","item":"https:\/\/rv-tech.de\/"},{"@type":"ListItem","position":2,"name":"Fachartikel"}]},{"@type":"WebSite","@id":"https:\/\/rv-tech.de\/#website","url":"https:\/\/rv-tech.de\/","name":"RV Tech","description":"Technology for your motorhome","publisher":{"@id":"https:\/\/rv-tech.de\/#organization"},"alternateName":"Automatische Dachfenster, Zentralverriegelung und Heckst\u00fctzen f\u00fcr Reisemobile","potentialAction":[{"@type":"SearchAction","target":{"@type":"EntryPoint","urlTemplate":"https:\/\/rv-tech.de\/?s={search_term_string}"},"query-input":{"@type":"PropertyValueSpecification","valueRequired":true,"valueName":"search_term_string"}}],"inLanguage":"en-US"},{"@type":"Organization","@id":"https:\/\/rv-tech.de\/#organization","name":"RV Tech","alternateName":"Automatische Dachfenster, Zentralverriegelung und Heckst\u00fctzen f\u00fcr Reisemobile","url":"https:\/\/rv-tech.de\/","logo":{"@type":"ImageObject","inLanguage":"en-US","@id":"https:\/\/rv-tech.de\/#\/schema\/logo\/image\/","url":"https:\/\/rv-tech.de\/wp-content\/uploads\/2026\/01\/Logo-RV-Tech.png","contentUrl":"https:\/\/rv-tech.de\/wp-content\/uploads\/2026\/01\/Logo-RV-Tech.png","width":2480,"height":845,"caption":"RV Tech"},"image":{"@id":"https:\/\/rv-tech.de\/#\/schema\/logo\/image\/"},"sameAs":["https:\/\/www.facebook.com\/rvtech.de","https:\/\/www.youtube.com\/@RV-tech_Ravensburg","https:\/\/share.google\/dv203Gdb6AlgvNeQD"]}]}},"_links":{"self":[{"href":"https:\/\/rv-tech.de\/en\/wp-json\/wp\/v2\/pages\/565","targetHints":{"allow":["GET"]}}],"collection":[{"href":"https:\/\/rv-tech.de\/en\/wp-json\/wp\/v2\/pages"}],"about":[{"href":"https:\/\/rv-tech.de\/en\/wp-json\/wp\/v2\/types\/page"}],"author":[{"embeddable":true,"href":"https:\/\/rv-tech.de\/en\/wp-json\/wp\/v2\/users\/1"}],"replies":[{"embeddable":true,"href":"https:\/\/rv-tech.de\/en\/wp-json\/wp\/v2\/comments?post=565"}],"version-history":[{"count":10,"href":"https:\/\/rv-tech.de\/en\/wp-json\/wp\/v2\/pages\/565\/revisions"}],"predecessor-version":[{"id":585,"href":"https:\/\/rv-tech.de\/en\/wp-json\/wp\/v2\/pages\/565\/revisions\/585"}],"wp:attachment":[{"href":"https:\/\/rv-tech.de\/en\/wp-json\/wp\/v2\/media?parent=565"}],"wp:term":[{"taxonomy":"folder","embeddable":true,"href":"https:\/\/rv-tech.de\/en\/wp-json\/wp\/v2\/folder?post=565"}],"curies":[{"name":"wp","href":"https:\/\/api.w.org\/{rel}","templated":true}]}}