{"id":2003,"date":"2026-02-23T18:46:01","date_gmt":"2026-02-23T17:46:01","guid":{"rendered":"http:\/\/rv-tech.de\/?page_id=2003"},"modified":"2026-02-23T18:46:36","modified_gmt":"2026-02-23T17:46:36","slug":"liefer-und-zahlungsbedingungen","status":"publish","type":"page","link":"https:\/\/rv-tech.de\/en\/liefer-und-zahlungsbedingungen\/","title":{"rendered":"Delivery and payment terms"},"content":{"rendered":"\t\t<div data-elementor-type=\"wp-page\" data-elementor-id=\"2003\" class=\"elementor elementor-2003\" data-elementor-post-type=\"page\">\n\t\t\t\t<div class=\"elementor-element elementor-element-93e3f55 e-con-full e-flex e-con e-parent\" data-id=\"93e3f55\" data-element_type=\"container\" data-e-type=\"container\">\n\t\t\t\t<div class=\"elementor-element elementor-element-624d164 elementor-widget elementor-widget-template\" data-id=\"624d164\" data-element_type=\"widget\" data-e-type=\"widget\" data-widget_type=\"template.default\">\n\t\t\t\t<div class=\"elementor-widget-container\">\n\t\t\t\t\t\t\t<div class=\"elementor-template\">\n\t\t\t\t\t<div data-elementor-type=\"section\" data-elementor-id=\"438\" class=\"elementor elementor-438\" data-elementor-post-type=\"elementor_library\">\n\t\t\t<div class=\"elementor-element elementor-element-0c4d37c e-con-full e-flex e-con e-parent\" data-id=\"0c4d37c\" data-element_type=\"container\" data-e-type=\"container\" data-settings=\"{&quot;background_background&quot;:&quot;slideshow&quot;,&quot;background_slideshow_gallery&quot;:[{&quot;id&quot;:1862,&quot;url&quot;:&quot;http:\\\/\\\/rv-tech.de\\\/wp-content\\\/uploads\\\/2026\\\/02\\\/Automatische-Dachfenster-Zentralverriegelung-und-Heckstuetzen-fuer-Wohmobile-1.png&quot;},{&quot;id&quot;:1865,&quot;url&quot;:&quot;http:\\\/\\\/rv-tech.de\\\/wp-content\\\/uploads\\\/2026\\\/02\\\/Automatische-Dachfenster-Zentralverriegelung-und-Heckstuetzen-fuer-Wohmobile-4.png&quot;}],&quot;background_slideshow_ken_burns&quot;:&quot;yes&quot;,&quot;background_slideshow_loop&quot;:&quot;yes&quot;,&quot;background_slideshow_slide_duration&quot;:5000,&quot;background_slideshow_slide_transition&quot;:&quot;fade&quot;,&quot;background_slideshow_transition_duration&quot;:500,&quot;background_slideshow_ken_burns_zoom_direction&quot;:&quot;in&quot;}\">\n\t\t<div class=\"elementor-element elementor-element-d741a3e e-con-full e-flex e-con e-child\" data-id=\"d741a3e\" data-element_type=\"container\" data-e-type=\"container\">\n\t\t\t\t<\/div>\n\t\t\t\t<\/div>\n\t\t<div class=\"elementor-element elementor-element-dbc78b1 e-con-full e-flex e-con e-parent\" data-id=\"dbc78b1\" data-element_type=\"container\" data-e-type=\"container\" data-settings=\"{&quot;shape_divider_top&quot;:&quot;opacity-tilt&quot;}\">\n\t\t\t\t<div class=\"elementor-shape elementor-shape-top\" aria-hidden=\"true\" data-negative=\"false\">\n\t\t\t<svg xmlns=\"http:\/\/www.w3.org\/2000\/svg\" viewBox=\"0 0 2600 131.1\" preserveAspectRatio=\"none\">\n\t<path class=\"elementor-shape-fill\" d=\"M0 0L2600 0 2600 69.1 0 0z\"\/>\n\t<path class=\"elementor-shape-fill\" style=\"opacity:0.5\" d=\"M0 0L2600 0 2600 69.1 0 69.1z\"\/>\n\t<path class=\"elementor-shape-fill\" style=\"opacity:0.25\" d=\"M2600 0L0 0 0 130.1 2600 69.1z\"\/>\n<\/svg>\t\t<\/div>\n\t\t\t\t<\/div>\n\t\t\t\t<\/div>\n\t\t\t\t<\/div>\n\t\t\t\t\t\t<\/div>\n\t\t\t\t<\/div>\n\t\t\t\t<\/div>\n\t\t<div class=\"elementor-element elementor-element-201dd04 e-con-full e-flex e-con e-parent\" data-id=\"201dd04\" data-element_type=\"container\" data-e-type=\"container\">\n\t\t\t\t<div class=\"elementor-element elementor-element-a152b0c elementor-widget elementor-widget-html\" data-id=\"a152b0c\" data-element_type=\"widget\" data-e-type=\"widget\" data-widget_type=\"html.default\">\n\t\t\t\t\t<h1>Versand- und Zahlungs&shy;informationen<\/h1>\n\n<h2>Allgemeine Informationen zum Versand<\/h2>\n\n<h3>Lieferung in die Schweiz<\/h3>\n\n<p>\nF\u00fcr Lieferungen in die Schweiz empfehlen wir Ihnen den Service von MeinEinkauf.ch zu nutzen.\nAlle Zoll&shy;formalit\u00e4ten sowie die Lieferung zu Ihrer Haust\u00fcr \u00fcbernimmt gegen eine geringe Geb\u00fchr MeinEinkauf.ch.\n<\/p>\n\n<p>\nIhre Ware erhalten Sie schnell, fertig verzollt und zu transparenten Konditionen.\n<\/p>\n\n<p>\n<a href=\"https:\/\/meineinkauf.ch\/bestellen\/rv-tech-schweiz\" target=\"_blank\">\nBestellung \u00fcber MeinEinkauf.ch f\u00fcr die Schweiz\n<\/a>\n<\/p>\n\n<h3>Spezielle Hinweise zum Versand ins Ausland<\/h3>\n\n<p>\nBei Lieferungen in das Ausland k\u00f6nnen Z\u00f6lle, Einfuhr&shy;abgaben, Steuern und weitere Geb\u00fchren anfallen,\ndie im angezeigten Gesamt&shy;preis nicht enthalten sind und vom K\u00e4ufer zu tragen sind.\n<\/p>\n\n<h2>Versandkosten<\/h2>\n\n<table border=\"1\" cellpadding=\"8\" cellspacing=\"0\">\n<tr>\n<th>Land<\/th>\n<th>Standard&shy;versandkosten<\/th>\n<\/tr>\n<tr><td>Deutschland<\/td><td>kostenfrei<\/td><\/tr>\n<tr><td>\u00d6sterreich<\/td><td>15,00 \u20ac<\/td><\/tr>\n<tr><td>Belgien<\/td><td>15,00 \u20ac<\/td><\/tr>\n<tr><td>Schweiz<\/td><td>15,00 \u20ac<\/td><\/tr>\n<tr><td>Spanien<\/td><td>15,00 \u20ac<\/td><\/tr>\n<tr><td>Finnland<\/td><td>15,00 \u20ac<\/td><\/tr>\n<tr><td>Frankreich<\/td><td>15,00 \u20ac<\/td><\/tr>\n<tr><td>Italien<\/td><td>15,00 \u20ac<\/td><\/tr>\n<tr><td>Luxemburg<\/td><td>15,00 \u20ac<\/td><\/tr>\n<tr><td>Niederlande<\/td><td>15,00 \u20ac<\/td><\/tr>\n<tr><td>Schweden<\/td><td>15,00 \u20ac<\/td><\/tr>\n<tr><td>Slowakei<\/td><td>15,00 \u20ac<\/td><\/tr>\n<\/table>\n\n<h2>Bezahl&shy;methoden<\/h2>\n\n<h3>PayPal<\/h3>\n\n<p>\nBei Auswahl dieser Zahlungs&shy;art erfolgt im n\u00e4chsten Schritt die Weiter&shy;leitung zu PayPal.\nNach Eingabe der erforderlichen Daten werden Sie automatisch zur\u00fcck in den Shop geleitet, um die Bestellung abzuschlie\u00dfen.\nPayPal erm\u00f6glicht Zahlung per Kredit&shy;karte, Lastschrift oder \u00dcberweisung.\n<\/p>\n\n<h3>Vorkasse<\/h3>\n\n<p>\nBitte \u00fcberweisen Sie den Rechnungs&shy;betrag binnen f\u00fcnf Arbeits&shy;tagen auf das angegebene Konto.\nDer Versand erfolgt nach Zahlungs&shy;eingang.\n<\/p>\n\n<p>\nSofern Ihre Bank eine kostenfreie Sofort&shy;\u00fcberweisung anbietet, kann der Zahlungs&shy;eingang entsprechend schneller erfolgen.\n<\/p>\n\n<h3>Abholung in Ravens&shy;burg<\/h3>\n\n<p>\nFalls Sie Ihre Bestellung pers\u00f6nlich in Ravens&shy;burg abholen m\u00f6chten, senden Sie bitte vorab eine E-Mail an\n<a href=\"mailto:abholung@rv-tech.de\">abholung@rv-tech.de<\/a>,\num einen Termin zu vereinbaren.\n<\/p>\n\n<p>\nBei Abholung bitten wir um Barzahlung.\n<\/p>\n\n<hr>\n\n<p>\nVielen Dank<br>\nRV tech<br>\nIhr Techno&shy;logie&shy;partner f\u00fcr Reise&shy;mobile\n<\/p>\t\t\t\t<\/div>\n\t\t\t\t<\/div>\n\t\t\t\t<\/div>\n\t\t","protected":false},"excerpt":{"rendered":"<p>Versand- und Zahlungs&shy;informationen Allgemeine Informationen zum Versand Lieferung in die Schweiz F\u00fcr Lieferungen in die Schweiz empfehlen wir Ihnen den Service von MeinEinkauf.ch zu nutzen. Alle Zoll&shy;formalit\u00e4ten sowie die Lieferung zu Ihrer Haust\u00fcr \u00fcbernimmt gegen eine geringe Geb\u00fchr MeinEinkauf.ch. Ihre Ware erhalten Sie schnell, fertig verzollt und zu transparenten Konditionen. Bestellung \u00fcber MeinEinkauf.ch f\u00fcr die [&hellip;]<\/p>\n","protected":false},"author":1,"featured_media":0,"parent":0,"menu_order":0,"comment_status":"closed","ping_status":"closed","template":"","meta":{"_acf_changed":false,"footnotes":""},"folder":[56],"class_list":["post-2003","page","type-page","status-publish","hentry"],"acf":[],"yoast_head":"<!-- This site is optimized with the Yoast SEO plugin v27.6 - https:\/\/yoast.com\/product\/yoast-seo-wordpress\/ -->\n<title>Liefer- und Zahlungsbedingungen<\/title>\n<meta name=\"robots\" content=\"index, follow, max-snippet:-1, max-image-preview:large, max-video-preview:-1\" \/>\n<link rel=\"canonical\" href=\"https:\/\/rv-tech.de\/en\/liefer-und-zahlungsbedingungen\/\" \/>\n<meta property=\"og:locale\" content=\"en_US\" \/>\n<meta property=\"og:type\" content=\"article\" \/>\n<meta property=\"og:title\" content=\"Liefer- und Zahlungsbedingungen\" \/>\n<meta property=\"og:description\" content=\"Versand- und Zahlungs&shy;informationen Allgemeine Informationen zum Versand Lieferung in die Schweiz F\u00fcr Lieferungen in die Schweiz empfehlen wir Ihnen den Service von MeinEinkauf.ch zu nutzen. Alle Zoll&shy;formalit\u00e4ten sowie die Lieferung zu Ihrer Haust\u00fcr \u00fcbernimmt gegen eine geringe Geb\u00fchr MeinEinkauf.ch. Ihre Ware erhalten Sie schnell, fertig verzollt und zu transparenten Konditionen. Bestellung \u00fcber MeinEinkauf.ch f\u00fcr die [&hellip;]\" \/>\n<meta property=\"og:url\" content=\"https:\/\/rv-tech.de\/en\/liefer-und-zahlungsbedingungen\/\" \/>\n<meta property=\"og:site_name\" content=\"RV Tech\" \/>\n<meta property=\"article:publisher\" content=\"https:\/\/www.facebook.com\/rvtech.de\" \/>\n<meta property=\"article:modified_time\" content=\"2026-02-23T17:46:36+00:00\" \/>\n<meta property=\"og:image\" content=\"https:\/\/rv-tech.de\/wp-content\/uploads\/2026\/01\/Logo-RV-Tech.png\" \/>\n\t<meta property=\"og:image:width\" content=\"2480\" \/>\n\t<meta property=\"og:image:height\" content=\"845\" \/>\n\t<meta property=\"og:image:type\" content=\"image\/png\" \/>\n<meta name=\"twitter:card\" content=\"summary_large_image\" \/>\n<meta name=\"twitter:label1\" content=\"Est. reading time\" \/>\n\t<meta name=\"twitter:data1\" content=\"1 minute\" \/>\n<script type=\"application\/ld+json\" class=\"yoast-schema-graph\">{\"@context\":\"https:\\\/\\\/schema.org\",\"@graph\":[{\"@type\":\"WebPage\",\"@id\":\"https:\\\/\\\/rv-tech.de\\\/liefer-und-zahlungsbedingungen\\\/\",\"url\":\"https:\\\/\\\/rv-tech.de\\\/liefer-und-zahlungsbedingungen\\\/\",\"name\":\"Liefer- und Zahlungsbedingungen\",\"isPartOf\":{\"@id\":\"https:\\\/\\\/rv-tech.de\\\/#website\"},\"datePublished\":\"2026-02-23T17:46:01+00:00\",\"dateModified\":\"2026-02-23T17:46:36+00:00\",\"breadcrumb\":{\"@id\":\"https:\\\/\\\/rv-tech.de\\\/liefer-und-zahlungsbedingungen\\\/#breadcrumb\"},\"inLanguage\":\"en-US\",\"potentialAction\":[{\"@type\":\"ReadAction\",\"target\":[\"https:\\\/\\\/rv-tech.de\\\/liefer-und-zahlungsbedingungen\\\/\"]}]},{\"@type\":\"BreadcrumbList\",\"@id\":\"https:\\\/\\\/rv-tech.de\\\/liefer-und-zahlungsbedingungen\\\/#breadcrumb\",\"itemListElement\":[{\"@type\":\"ListItem\",\"position\":1,\"name\":\"Start\",\"item\":\"https:\\\/\\\/rv-tech.de\\\/\"},{\"@type\":\"ListItem\",\"position\":2,\"name\":\"Liefer- und Zahlungsbedingungen\"}]},{\"@type\":\"WebSite\",\"@id\":\"https:\\\/\\\/rv-tech.de\\\/#website\",\"url\":\"https:\\\/\\\/rv-tech.de\\\/\",\"name\":\"RV Tech\",\"description\":\"Technik f\u00fcr Ihr Reisemobil\",\"publisher\":{\"@id\":\"https:\\\/\\\/rv-tech.de\\\/#organization\"},\"alternateName\":\"Automatische Dachfenster, Zentralverriegelung und Heckst\u00fctzen f\u00fcr Reisemobile\",\"potentialAction\":[{\"@type\":\"SearchAction\",\"target\":{\"@type\":\"EntryPoint\",\"urlTemplate\":\"https:\\\/\\\/rv-tech.de\\\/?s={search_term_string}\"},\"query-input\":{\"@type\":\"PropertyValueSpecification\",\"valueRequired\":true,\"valueName\":\"search_term_string\"}}],\"inLanguage\":\"en-US\"},{\"@type\":\"Organization\",\"@id\":\"https:\\\/\\\/rv-tech.de\\\/#organization\",\"name\":\"RV Tech\",\"alternateName\":\"Automatische Dachfenster, Zentralverriegelung und Heckst\u00fctzen f\u00fcr Reisemobile\",\"url\":\"https:\\\/\\\/rv-tech.de\\\/\",\"logo\":{\"@type\":\"ImageObject\",\"inLanguage\":\"en-US\",\"@id\":\"https:\\\/\\\/rv-tech.de\\\/#\\\/schema\\\/logo\\\/image\\\/\",\"url\":\"https:\\\/\\\/rv-tech.de\\\/wp-content\\\/uploads\\\/2026\\\/01\\\/Logo-RV-Tech.png\",\"contentUrl\":\"https:\\\/\\\/rv-tech.de\\\/wp-content\\\/uploads\\\/2026\\\/01\\\/Logo-RV-Tech.png\",\"width\":2480,\"height\":845,\"caption\":\"RV Tech\"},\"image\":{\"@id\":\"https:\\\/\\\/rv-tech.de\\\/#\\\/schema\\\/logo\\\/image\\\/\"},\"sameAs\":[\"https:\\\/\\\/www.facebook.com\\\/rvtech.de\",\"https:\\\/\\\/www.youtube.com\\\/@RV-tech_Ravensburg\",\"https:\\\/\\\/share.google\\\/dv203Gdb6AlgvNeQD\"]}]}<\/script>\n<!-- \/ Yoast SEO plugin. -->","yoast_head_json":{"title":"Delivery and payment terms","robots":{"index":"index","follow":"follow","max-snippet":"max-snippet:-1","max-image-preview":"max-image-preview:large","max-video-preview":"max-video-preview:-1"},"canonical":"https:\/\/rv-tech.de\/en\/liefer-und-zahlungsbedingungen\/","og_locale":"en_US","og_type":"article","og_title":"Liefer- und Zahlungsbedingungen","og_description":"Versand- und Zahlungs&shy;informationen Allgemeine Informationen zum Versand Lieferung in die Schweiz F\u00fcr Lieferungen in die Schweiz empfehlen wir Ihnen den Service von MeinEinkauf.ch zu nutzen. Alle Zoll&shy;formalit\u00e4ten sowie die Lieferung zu Ihrer Haust\u00fcr \u00fcbernimmt gegen eine geringe Geb\u00fchr MeinEinkauf.ch. Ihre Ware erhalten Sie schnell, fertig verzollt und zu transparenten Konditionen. Bestellung \u00fcber MeinEinkauf.ch f\u00fcr die [&hellip;]","og_url":"https:\/\/rv-tech.de\/en\/liefer-und-zahlungsbedingungen\/","og_site_name":"RV Tech","article_publisher":"https:\/\/www.facebook.com\/rvtech.de","article_modified_time":"2026-02-23T17:46:36+00:00","og_image":[{"width":2480,"height":845,"url":"https:\/\/rv-tech.de\/wp-content\/uploads\/2026\/01\/Logo-RV-Tech.png","type":"image\/png"}],"twitter_card":"summary_large_image","twitter_misc":{"Est. reading time":"1 minute"},"schema":{"@context":"https:\/\/schema.org","@graph":[{"@type":"WebPage","@id":"https:\/\/rv-tech.de\/liefer-und-zahlungsbedingungen\/","url":"https:\/\/rv-tech.de\/liefer-und-zahlungsbedingungen\/","name":"Delivery and payment terms","isPartOf":{"@id":"https:\/\/rv-tech.de\/#website"},"datePublished":"2026-02-23T17:46:01+00:00","dateModified":"2026-02-23T17:46:36+00:00","breadcrumb":{"@id":"https:\/\/rv-tech.de\/liefer-und-zahlungsbedingungen\/#breadcrumb"},"inLanguage":"en-US","potentialAction":[{"@type":"ReadAction","target":["https:\/\/rv-tech.de\/liefer-und-zahlungsbedingungen\/"]}]},{"@type":"BreadcrumbList","@id":"https:\/\/rv-tech.de\/liefer-und-zahlungsbedingungen\/#breadcrumb","itemListElement":[{"@type":"ListItem","position":1,"name":"Start","item":"https:\/\/rv-tech.de\/"},{"@type":"ListItem","position":2,"name":"Liefer- und Zahlungsbedingungen"}]},{"@type":"WebSite","@id":"https:\/\/rv-tech.de\/#website","url":"https:\/\/rv-tech.de\/","name":"RV Tech","description":"Technology for your motorhome","publisher":{"@id":"https:\/\/rv-tech.de\/#organization"},"alternateName":"Automatische Dachfenster, Zentralverriegelung und Heckst\u00fctzen f\u00fcr Reisemobile","potentialAction":[{"@type":"SearchAction","target":{"@type":"EntryPoint","urlTemplate":"https:\/\/rv-tech.de\/?s={search_term_string}"},"query-input":{"@type":"PropertyValueSpecification","valueRequired":true,"valueName":"search_term_string"}}],"inLanguage":"en-US"},{"@type":"Organization","@id":"https:\/\/rv-tech.de\/#organization","name":"RV Tech","alternateName":"Automatische Dachfenster, Zentralverriegelung und Heckst\u00fctzen f\u00fcr Reisemobile","url":"https:\/\/rv-tech.de\/","logo":{"@type":"ImageObject","inLanguage":"en-US","@id":"https:\/\/rv-tech.de\/#\/schema\/logo\/image\/","url":"https:\/\/rv-tech.de\/wp-content\/uploads\/2026\/01\/Logo-RV-Tech.png","contentUrl":"https:\/\/rv-tech.de\/wp-content\/uploads\/2026\/01\/Logo-RV-Tech.png","width":2480,"height":845,"caption":"RV Tech"},"image":{"@id":"https:\/\/rv-tech.de\/#\/schema\/logo\/image\/"},"sameAs":["https:\/\/www.facebook.com\/rvtech.de","https:\/\/www.youtube.com\/@RV-tech_Ravensburg","https:\/\/share.google\/dv203Gdb6AlgvNeQD"]}]}},"_links":{"self":[{"href":"https:\/\/rv-tech.de\/en\/wp-json\/wp\/v2\/pages\/2003","targetHints":{"allow":["GET"]}}],"collection":[{"href":"https:\/\/rv-tech.de\/en\/wp-json\/wp\/v2\/pages"}],"about":[{"href":"https:\/\/rv-tech.de\/en\/wp-json\/wp\/v2\/types\/page"}],"author":[{"embeddable":true,"href":"https:\/\/rv-tech.de\/en\/wp-json\/wp\/v2\/users\/1"}],"replies":[{"embeddable":true,"href":"https:\/\/rv-tech.de\/en\/wp-json\/wp\/v2\/comments?post=2003"}],"version-history":[{"count":4,"href":"https:\/\/rv-tech.de\/en\/wp-json\/wp\/v2\/pages\/2003\/revisions"}],"predecessor-version":[{"id":2007,"href":"https:\/\/rv-tech.de\/en\/wp-json\/wp\/v2\/pages\/2003\/revisions\/2007"}],"wp:attachment":[{"href":"https:\/\/rv-tech.de\/en\/wp-json\/wp\/v2\/media?parent=2003"}],"wp:term":[{"taxonomy":"folder","embeddable":true,"href":"https:\/\/rv-tech.de\/en\/wp-json\/wp\/v2\/folder?post=2003"}],"curies":[{"name":"wp","href":"https:\/\/api.w.org\/{rel}","templated":true}]}}