{"id":1985,"date":"2026-02-23T18:38:23","date_gmt":"2026-02-23T17:38:23","guid":{"rendered":"http:\/\/rv-tech.de\/?page_id=1985"},"modified":"2026-02-23T18:38:55","modified_gmt":"2026-02-23T17:38:55","slug":"allgemeine-geschaeftsbedingungen","status":"publish","type":"page","link":"https:\/\/rv-tech.de\/en\/allgemeine-geschaeftsbedingungen\/","title":{"rendered":"General terms and conditions of business"},"content":{"rendered":"\t\t<div data-elementor-type=\"wp-page\" data-elementor-id=\"1985\" class=\"elementor elementor-1985\" data-elementor-post-type=\"page\">\n\t\t\t\t<div class=\"elementor-element elementor-element-93e3f55 e-con-full e-flex e-con e-parent\" data-id=\"93e3f55\" data-element_type=\"container\" data-e-type=\"container\">\n\t\t\t\t<div class=\"elementor-element elementor-element-624d164 elementor-widget elementor-widget-template\" data-id=\"624d164\" data-element_type=\"widget\" data-e-type=\"widget\" data-widget_type=\"template.default\">\n\t\t\t\t<div class=\"elementor-widget-container\">\n\t\t\t\t\t\t\t<div class=\"elementor-template\">\n\t\t\t\t\t<div data-elementor-type=\"section\" data-elementor-id=\"438\" class=\"elementor elementor-438\" data-elementor-post-type=\"elementor_library\">\n\t\t\t<div class=\"elementor-element elementor-element-0c4d37c e-con-full e-flex e-con e-parent\" data-id=\"0c4d37c\" data-element_type=\"container\" data-e-type=\"container\" data-settings=\"{&quot;background_background&quot;:&quot;slideshow&quot;,&quot;background_slideshow_gallery&quot;:[{&quot;id&quot;:1862,&quot;url&quot;:&quot;http:\\\/\\\/rv-tech.de\\\/wp-content\\\/uploads\\\/2026\\\/02\\\/Automatische-Dachfenster-Zentralverriegelung-und-Heckstuetzen-fuer-Wohmobile-1.png&quot;},{&quot;id&quot;:1865,&quot;url&quot;:&quot;http:\\\/\\\/rv-tech.de\\\/wp-content\\\/uploads\\\/2026\\\/02\\\/Automatische-Dachfenster-Zentralverriegelung-und-Heckstuetzen-fuer-Wohmobile-4.png&quot;}],&quot;background_slideshow_ken_burns&quot;:&quot;yes&quot;,&quot;background_slideshow_loop&quot;:&quot;yes&quot;,&quot;background_slideshow_slide_duration&quot;:5000,&quot;background_slideshow_slide_transition&quot;:&quot;fade&quot;,&quot;background_slideshow_transition_duration&quot;:500,&quot;background_slideshow_ken_burns_zoom_direction&quot;:&quot;in&quot;}\">\n\t\t<div class=\"elementor-element elementor-element-d741a3e e-con-full e-flex e-con e-child\" data-id=\"d741a3e\" data-element_type=\"container\" data-e-type=\"container\">\n\t\t\t\t<\/div>\n\t\t\t\t<\/div>\n\t\t<div class=\"elementor-element elementor-element-dbc78b1 e-con-full e-flex e-con e-parent\" data-id=\"dbc78b1\" data-element_type=\"container\" data-e-type=\"container\" data-settings=\"{&quot;shape_divider_top&quot;:&quot;opacity-tilt&quot;}\">\n\t\t\t\t<div class=\"elementor-shape elementor-shape-top\" aria-hidden=\"true\" data-negative=\"false\">\n\t\t\t<svg xmlns=\"http:\/\/www.w3.org\/2000\/svg\" viewBox=\"0 0 2600 131.1\" preserveAspectRatio=\"none\">\n\t<path class=\"elementor-shape-fill\" d=\"M0 0L2600 0 2600 69.1 0 0z\"\/>\n\t<path class=\"elementor-shape-fill\" style=\"opacity:0.5\" d=\"M0 0L2600 0 2600 69.1 0 69.1z\"\/>\n\t<path class=\"elementor-shape-fill\" style=\"opacity:0.25\" d=\"M2600 0L0 0 0 130.1 2600 69.1z\"\/>\n<\/svg>\t\t<\/div>\n\t\t\t\t<\/div>\n\t\t\t\t<\/div>\n\t\t\t\t<\/div>\n\t\t\t\t\t\t<\/div>\n\t\t\t\t<\/div>\n\t\t\t\t<\/div>\n\t\t<div class=\"elementor-element elementor-element-201dd04 e-con-full e-flex e-con e-parent\" data-id=\"201dd04\" data-element_type=\"container\" data-e-type=\"container\">\n\t\t\t\t<div class=\"elementor-element elementor-element-a152b0c elementor-widget elementor-widget-html\" data-id=\"a152b0c\" data-element_type=\"widget\" data-e-type=\"widget\" data-widget_type=\"html.default\">\n\t\t\t\t\t<h1>Allgemeine Gesch\u00e4fts&shy;bedingungen<\/h1>\n\n<h2>\u00a7 1 Geltungs&shy;bereich<\/h2>\n\n<p>\nF\u00fcr die Gesch\u00e4fts&shy;beziehungen zwischen der Firma RV tech, Inh. Prof. Dr.-Ing. Tim Nosper, Rauenegg&shy;stra\u00dfe 29\/1, D-88212 Ravens&shy;burg und dem Kunden gelten ausschlie\u00dflich diese Allgemeinen Gesch\u00e4fts&shy;bedingungen.\nDies bezieht sich insbesondere auf alle Produkte, die auf der Internet&shy;seite unter der URL https:\/\/www.rv-tech.de sowie den dazugeh\u00f6rigen Unter&shy;seiten angeboten werden.\nEntgegen&shy;stehende oder von diesen AGB abweichende Bedingungen erkennt RV tech nicht an, es sei denn, ihrer Geltung wird ausdr\u00fccklich schriftlich zugestimmt.\n<\/p>\n\n<h2>\u00a7 2 Vertrags&shy;schluss<\/h2>\n\n<p>\nDie Darstellung der Produkte im Online-Shop stellt kein rechtlich bindendes Angebot dar, sondern eine unverbindliche Aufforderung zur Abgabe einer Bestellung.\nDurch Abschluss des Bestell&shy;vorgangs gibt der Kunde ein verbindliches Angebot ab.\n<\/p>\n\n<p>\nNach Eingang der Bestellung erh\u00e4lt der Kunde eine Bestell&shy;best\u00e4tigung per E-Mail. Diese stellt noch keine Annahme dar.\nDer Kauf&shy;vertrag kommt erst durch Versand&shy;best\u00e4tigung oder Auslieferung der Ware zustande.\n<\/p>\n\n<p>\nDer Vertrags&shy;text wird von uns gespeichert. Die Bestell&shy;daten werden dem Kunden per E-Mail zugesendet.\nDie Vertrags&shy;sprache ist Deutsch.\n<\/p>\n\n<h2>\u00a7 3 Eigentums&shy;vorbehalt<\/h2>\n\n<p>\nDie Ware bleibt bis zur vollst\u00e4ndigen Zahlung Eigentum von RV tech, Prof. Dr.-Ing. Tim Nosper, Rauenegg&shy;stra\u00dfe 29\/1, D-88212 Ravens&shy;burg.\n<\/p>\n\n<h2>\u00a7 4 Lieferung<\/h2>\n\n<p>\nDie Lieferung erfolgt an die vom Kunden angegebene Liefer&shy;adresse.\nTeillieferungen sind zul\u00e4ssig, sofern zumutbar.\nDie Lieferung erfolgt mit GLS oder einem vergleichbaren Versand&shy;dienstleister.\n<\/p>\n\n<p>\nSollte ein Produkt nicht verf\u00fcgbar sein, wird der Kunde unverz\u00fcglich informiert und bereits geleistete Zahlungen werden erstattet.\n<\/p>\n\n<h2>\u00a7 5 Widerrufs&shy;recht<\/h2>\n\n<p>\nVerbrauchern steht ein gesetzliches Widerrufs&shy;recht von 14 Tagen zu.\nDie Widerrufs&shy;frist betr\u00e4gt 14 Tage ab dem Tag, an dem der Kunde oder ein benannter Dritter die Ware erhalten hat.\n<\/p>\n\n<p>\nZur Aus\u00fcbung des Widerrufs&shy;rechts muss der Kunde uns mittels einer eindeutigen Erkl\u00e4rung \u00fcber seinen Entschluss informieren.\n<\/p>\n\n<p>\nDie R\u00fccksendungs&shy;kosten tr\u00e4gt der Verbraucher, sofern er hier\u00fcber vorab informiert wurde.\n<\/p>\n\n<h2>Muster Widerrufs&shy;formular<\/h2>\n\n<p>\nWenn Sie den Vertrag widerrufen wollen, dann f\u00fcllen Sie bitte dieses Formular aus und senden Sie es zur\u00fcck:\n<\/p>\n\n<p>\nAn RV tech, Rauenegg&shy;stra\u00dfe 29\/1, 88212 Ravens&shy;burg, info@rv-tech.de\n<\/p>\n\n<p>\nHiermit widerrufe ich den von mir abgeschlossenen Vertrag \u00fcber den Kauf der folgenden Waren:\n<\/p>\n\n<p>\nBestellt am \/ erhalten am:<br>\nName des Verbrauchers:<br>\nAnschrift des Verbrauchers:<br>\nDatum:\n<\/p>\n\n<h2>\u00a7 6 Preise und Zahlung<\/h2>\n\n<p>\nAlle Preise verstehen sich in Euro inklusive gesetzlicher Mehrwert&shy;steuer zuz\u00fcglich Versand&shy;kosten.\nEs gelten die zum Zeitpunkt der Bestellung angegebenen Preise.\n<\/p>\n\n<p>\nBei Zahlungs&shy;verzug gelten die gesetzlichen Verzugs&shy;zinsen.\n<\/p>\n\n<h2>\u00a7 7 Gew\u00e4hr&shy;leistung<\/h2>\n\n<p>\nEs gelten die gesetzlichen Gew\u00e4hr&shy;leistungs&shy;rechte.\nDie Verj\u00e4hrungs&shy;frist betr\u00e4gt zwei Jahre ab Erhalt der Ware.\n<\/p>\n\n<h2>\u00a7 8 Haftungs&shy;beschr\u00e4nkung<\/h2>\n\n<p>\nRV tech haftet uneingeschr\u00e4nkt bei Verletzung von Leben, K\u00f6rper oder Gesundheit.\nIm \u00dcbrigen haftet RV tech nur bei Vorsatz oder grober Fahrl\u00e4ssigkeit.\nBei leicht fahrl\u00e4ssiger Verletzung wesentlicher Vertrags&shy;pflichten ist die Haftung auf den vertragstypischen vorhersehbaren Schaden begrenzt.\n<\/p>\n\n<h2>\u00a7 9 Schluss&shy;bestimmungen<\/h2>\n\n<p>\nEs gilt das Recht der Bundes&shy;republik Deutschland unter Ausschluss des UN-Kauf&shy;rechts.\nGerichts&shy;stand ist Ravens&shy;burg, sofern der Kunde Kaufmann ist.\n<\/p>\n\n<p>\nSollte eine Bestimmung unwirksam sein, bleibt die Wirksamkeit der \u00fcbrigen Regelungen unber\u00fchrt.\n<\/p>\n\n<p>\nRavens&shy;burg, Januar 2026\n<\/p>\t\t\t\t<\/div>\n\t\t\t\t<\/div>\n\t\t\t\t<\/div>\n\t\t","protected":false},"excerpt":{"rendered":"<p>Allgemeine Gesch\u00e4fts&shy;bedingungen \u00a7 1 Geltungs&shy;bereich F\u00fcr die Gesch\u00e4fts&shy;beziehungen zwischen der Firma RV tech, Inh. Prof. Dr.-Ing. Tim Nosper, Rauenegg&shy;stra\u00dfe 29\/1, D-88212 Ravens&shy;burg und dem Kunden gelten ausschlie\u00dflich diese Allgemeinen Gesch\u00e4fts&shy;bedingungen. Dies bezieht sich insbesondere auf alle Produkte, die auf der Internet&shy;seite unter der URL https:\/\/www.rv-tech.de sowie den dazugeh\u00f6rigen Unter&shy;seiten angeboten werden. Entgegen&shy;stehende oder von diesen [&hellip;]<\/p>\n","protected":false},"author":1,"featured_media":0,"parent":0,"menu_order":0,"comment_status":"closed","ping_status":"closed","template":"","meta":{"_acf_changed":false,"footnotes":""},"folder":[56],"class_list":["post-1985","page","type-page","status-publish","hentry"],"acf":[],"yoast_head":"<!-- This site is optimized with the Yoast SEO plugin v27.6 - https:\/\/yoast.com\/product\/yoast-seo-wordpress\/ -->\n<title>Allgemeine Gesch\u00e4ftsbedingungen<\/title>\n<meta name=\"robots\" content=\"index, follow, max-snippet:-1, max-image-preview:large, max-video-preview:-1\" \/>\n<link rel=\"canonical\" href=\"https:\/\/rv-tech.de\/en\/allgemeine-geschaeftsbedingungen\/\" \/>\n<meta property=\"og:locale\" content=\"en_US\" \/>\n<meta property=\"og:type\" content=\"article\" \/>\n<meta property=\"og:title\" content=\"Allgemeine Gesch\u00e4ftsbedingungen\" \/>\n<meta property=\"og:description\" content=\"Allgemeine Gesch\u00e4fts&shy;bedingungen \u00a7 1 Geltungs&shy;bereich F\u00fcr die Gesch\u00e4fts&shy;beziehungen zwischen der Firma RV tech, Inh. Prof. Dr.-Ing. Tim Nosper, Rauenegg&shy;stra\u00dfe 29\/1, D-88212 Ravens&shy;burg und dem Kunden gelten ausschlie\u00dflich diese Allgemeinen Gesch\u00e4fts&shy;bedingungen. Dies bezieht sich insbesondere auf alle Produkte, die auf der Internet&shy;seite unter der URL https:\/\/www.rv-tech.de sowie den dazugeh\u00f6rigen Unter&shy;seiten angeboten werden. Entgegen&shy;stehende oder von diesen [&hellip;]\" \/>\n<meta property=\"og:url\" content=\"https:\/\/rv-tech.de\/en\/allgemeine-geschaeftsbedingungen\/\" \/>\n<meta property=\"og:site_name\" content=\"RV Tech\" \/>\n<meta property=\"article:publisher\" content=\"https:\/\/www.facebook.com\/rvtech.de\" \/>\n<meta property=\"article:modified_time\" content=\"2026-02-23T17:38:55+00:00\" \/>\n<meta property=\"og:image\" content=\"https:\/\/rv-tech.de\/wp-content\/uploads\/2026\/01\/Logo-RV-Tech.png\" \/>\n\t<meta property=\"og:image:width\" content=\"2480\" \/>\n\t<meta property=\"og:image:height\" content=\"845\" \/>\n\t<meta property=\"og:image:type\" content=\"image\/png\" \/>\n<meta name=\"twitter:card\" content=\"summary_large_image\" \/>\n<meta name=\"twitter:label1\" content=\"Est. reading time\" \/>\n\t<meta name=\"twitter:data1\" content=\"3 minutes\" \/>\n<script type=\"application\/ld+json\" class=\"yoast-schema-graph\">{\"@context\":\"https:\\\/\\\/schema.org\",\"@graph\":[{\"@type\":\"WebPage\",\"@id\":\"https:\\\/\\\/rv-tech.de\\\/allgemeine-geschaeftsbedingungen\\\/\",\"url\":\"https:\\\/\\\/rv-tech.de\\\/allgemeine-geschaeftsbedingungen\\\/\",\"name\":\"Allgemeine Gesch\u00e4ftsbedingungen\",\"isPartOf\":{\"@id\":\"https:\\\/\\\/rv-tech.de\\\/#website\"},\"datePublished\":\"2026-02-23T17:38:23+00:00\",\"dateModified\":\"2026-02-23T17:38:55+00:00\",\"breadcrumb\":{\"@id\":\"https:\\\/\\\/rv-tech.de\\\/allgemeine-geschaeftsbedingungen\\\/#breadcrumb\"},\"inLanguage\":\"en-US\",\"potentialAction\":[{\"@type\":\"ReadAction\",\"target\":[\"https:\\\/\\\/rv-tech.de\\\/allgemeine-geschaeftsbedingungen\\\/\"]}]},{\"@type\":\"BreadcrumbList\",\"@id\":\"https:\\\/\\\/rv-tech.de\\\/allgemeine-geschaeftsbedingungen\\\/#breadcrumb\",\"itemListElement\":[{\"@type\":\"ListItem\",\"position\":1,\"name\":\"Start\",\"item\":\"https:\\\/\\\/rv-tech.de\\\/\"},{\"@type\":\"ListItem\",\"position\":2,\"name\":\"Allgemeine Gesch\u00e4ftsbedingungen\"}]},{\"@type\":\"WebSite\",\"@id\":\"https:\\\/\\\/rv-tech.de\\\/#website\",\"url\":\"https:\\\/\\\/rv-tech.de\\\/\",\"name\":\"RV Tech\",\"description\":\"Technik f\u00fcr Ihr Reisemobil\",\"publisher\":{\"@id\":\"https:\\\/\\\/rv-tech.de\\\/#organization\"},\"alternateName\":\"Automatische Dachfenster, Zentralverriegelung und Heckst\u00fctzen f\u00fcr Reisemobile\",\"potentialAction\":[{\"@type\":\"SearchAction\",\"target\":{\"@type\":\"EntryPoint\",\"urlTemplate\":\"https:\\\/\\\/rv-tech.de\\\/?s={search_term_string}\"},\"query-input\":{\"@type\":\"PropertyValueSpecification\",\"valueRequired\":true,\"valueName\":\"search_term_string\"}}],\"inLanguage\":\"en-US\"},{\"@type\":\"Organization\",\"@id\":\"https:\\\/\\\/rv-tech.de\\\/#organization\",\"name\":\"RV Tech\",\"alternateName\":\"Automatische Dachfenster, Zentralverriegelung und Heckst\u00fctzen f\u00fcr Reisemobile\",\"url\":\"https:\\\/\\\/rv-tech.de\\\/\",\"logo\":{\"@type\":\"ImageObject\",\"inLanguage\":\"en-US\",\"@id\":\"https:\\\/\\\/rv-tech.de\\\/#\\\/schema\\\/logo\\\/image\\\/\",\"url\":\"https:\\\/\\\/rv-tech.de\\\/wp-content\\\/uploads\\\/2026\\\/01\\\/Logo-RV-Tech.png\",\"contentUrl\":\"https:\\\/\\\/rv-tech.de\\\/wp-content\\\/uploads\\\/2026\\\/01\\\/Logo-RV-Tech.png\",\"width\":2480,\"height\":845,\"caption\":\"RV Tech\"},\"image\":{\"@id\":\"https:\\\/\\\/rv-tech.de\\\/#\\\/schema\\\/logo\\\/image\\\/\"},\"sameAs\":[\"https:\\\/\\\/www.facebook.com\\\/rvtech.de\",\"https:\\\/\\\/www.youtube.com\\\/@RV-tech_Ravensburg\",\"https:\\\/\\\/share.google\\\/dv203Gdb6AlgvNeQD\"]}]}<\/script>\n<!-- \/ Yoast SEO plugin. -->","yoast_head_json":{"title":"General terms and conditions of business","robots":{"index":"index","follow":"follow","max-snippet":"max-snippet:-1","max-image-preview":"max-image-preview:large","max-video-preview":"max-video-preview:-1"},"canonical":"https:\/\/rv-tech.de\/en\/allgemeine-geschaeftsbedingungen\/","og_locale":"en_US","og_type":"article","og_title":"Allgemeine Gesch\u00e4ftsbedingungen","og_description":"Allgemeine Gesch\u00e4fts&shy;bedingungen \u00a7 1 Geltungs&shy;bereich F\u00fcr die Gesch\u00e4fts&shy;beziehungen zwischen der Firma RV tech, Inh. Prof. Dr.-Ing. Tim Nosper, Rauenegg&shy;stra\u00dfe 29\/1, D-88212 Ravens&shy;burg und dem Kunden gelten ausschlie\u00dflich diese Allgemeinen Gesch\u00e4fts&shy;bedingungen. Dies bezieht sich insbesondere auf alle Produkte, die auf der Internet&shy;seite unter der URL https:\/\/www.rv-tech.de sowie den dazugeh\u00f6rigen Unter&shy;seiten angeboten werden. Entgegen&shy;stehende oder von diesen [&hellip;]","og_url":"https:\/\/rv-tech.de\/en\/allgemeine-geschaeftsbedingungen\/","og_site_name":"RV Tech","article_publisher":"https:\/\/www.facebook.com\/rvtech.de","article_modified_time":"2026-02-23T17:38:55+00:00","og_image":[{"width":2480,"height":845,"url":"https:\/\/rv-tech.de\/wp-content\/uploads\/2026\/01\/Logo-RV-Tech.png","type":"image\/png"}],"twitter_card":"summary_large_image","twitter_misc":{"Est. reading time":"3 minutes"},"schema":{"@context":"https:\/\/schema.org","@graph":[{"@type":"WebPage","@id":"https:\/\/rv-tech.de\/allgemeine-geschaeftsbedingungen\/","url":"https:\/\/rv-tech.de\/allgemeine-geschaeftsbedingungen\/","name":"General terms and conditions of business","isPartOf":{"@id":"https:\/\/rv-tech.de\/#website"},"datePublished":"2026-02-23T17:38:23+00:00","dateModified":"2026-02-23T17:38:55+00:00","breadcrumb":{"@id":"https:\/\/rv-tech.de\/allgemeine-geschaeftsbedingungen\/#breadcrumb"},"inLanguage":"en-US","potentialAction":[{"@type":"ReadAction","target":["https:\/\/rv-tech.de\/allgemeine-geschaeftsbedingungen\/"]}]},{"@type":"BreadcrumbList","@id":"https:\/\/rv-tech.de\/allgemeine-geschaeftsbedingungen\/#breadcrumb","itemListElement":[{"@type":"ListItem","position":1,"name":"Start","item":"https:\/\/rv-tech.de\/"},{"@type":"ListItem","position":2,"name":"Allgemeine Gesch\u00e4ftsbedingungen"}]},{"@type":"WebSite","@id":"https:\/\/rv-tech.de\/#website","url":"https:\/\/rv-tech.de\/","name":"RV Tech","description":"Technology for your motorhome","publisher":{"@id":"https:\/\/rv-tech.de\/#organization"},"alternateName":"Automatische Dachfenster, Zentralverriegelung und Heckst\u00fctzen f\u00fcr Reisemobile","potentialAction":[{"@type":"SearchAction","target":{"@type":"EntryPoint","urlTemplate":"https:\/\/rv-tech.de\/?s={search_term_string}"},"query-input":{"@type":"PropertyValueSpecification","valueRequired":true,"valueName":"search_term_string"}}],"inLanguage":"en-US"},{"@type":"Organization","@id":"https:\/\/rv-tech.de\/#organization","name":"RV Tech","alternateName":"Automatische Dachfenster, Zentralverriegelung und Heckst\u00fctzen f\u00fcr Reisemobile","url":"https:\/\/rv-tech.de\/","logo":{"@type":"ImageObject","inLanguage":"en-US","@id":"https:\/\/rv-tech.de\/#\/schema\/logo\/image\/","url":"https:\/\/rv-tech.de\/wp-content\/uploads\/2026\/01\/Logo-RV-Tech.png","contentUrl":"https:\/\/rv-tech.de\/wp-content\/uploads\/2026\/01\/Logo-RV-Tech.png","width":2480,"height":845,"caption":"RV Tech"},"image":{"@id":"https:\/\/rv-tech.de\/#\/schema\/logo\/image\/"},"sameAs":["https:\/\/www.facebook.com\/rvtech.de","https:\/\/www.youtube.com\/@RV-tech_Ravensburg","https:\/\/share.google\/dv203Gdb6AlgvNeQD"]}]}},"_links":{"self":[{"href":"https:\/\/rv-tech.de\/en\/wp-json\/wp\/v2\/pages\/1985","targetHints":{"allow":["GET"]}}],"collection":[{"href":"https:\/\/rv-tech.de\/en\/wp-json\/wp\/v2\/pages"}],"about":[{"href":"https:\/\/rv-tech.de\/en\/wp-json\/wp\/v2\/types\/page"}],"author":[{"embeddable":true,"href":"https:\/\/rv-tech.de\/en\/wp-json\/wp\/v2\/users\/1"}],"replies":[{"embeddable":true,"href":"https:\/\/rv-tech.de\/en\/wp-json\/wp\/v2\/comments?post=1985"}],"version-history":[{"count":5,"href":"https:\/\/rv-tech.de\/en\/wp-json\/wp\/v2\/pages\/1985\/revisions"}],"predecessor-version":[{"id":1990,"href":"https:\/\/rv-tech.de\/en\/wp-json\/wp\/v2\/pages\/1985\/revisions\/1990"}],"wp:attachment":[{"href":"https:\/\/rv-tech.de\/en\/wp-json\/wp\/v2\/media?parent=1985"}],"wp:term":[{"taxonomy":"folder","embeddable":true,"href":"https:\/\/rv-tech.de\/en\/wp-json\/wp\/v2\/folder?post=1985"}],"curies":[{"name":"wp","href":"https:\/\/api.w.org\/{rel}","templated":true}]}}