{"id":1977,"date":"2026-02-23T18:32:24","date_gmt":"2026-02-23T17:32:24","guid":{"rendered":"http:\/\/rv-tech.de\/?page_id=1977"},"modified":"2026-03-26T12:53:06","modified_gmt":"2026-03-26T11:53:06","slug":"impressum","status":"publish","type":"page","link":"https:\/\/rv-tech.de\/en\/impressum\/","title":{"rendered":"imprint"},"content":{"rendered":"\t\t<div data-elementor-type=\"wp-page\" data-elementor-id=\"1977\" class=\"elementor elementor-1977\" data-elementor-post-type=\"page\">\n\t\t\t\t<div class=\"elementor-element elementor-element-93e3f55 e-con-full e-flex e-con e-parent\" data-id=\"93e3f55\" data-element_type=\"container\" data-e-type=\"container\">\n\t\t\t\t<div class=\"elementor-element elementor-element-624d164 elementor-widget elementor-widget-template\" data-id=\"624d164\" data-element_type=\"widget\" data-e-type=\"widget\" data-widget_type=\"template.default\">\n\t\t\t\t<div class=\"elementor-widget-container\">\n\t\t\t\t\t\t\t<div class=\"elementor-template\">\n\t\t\t\t\t<div data-elementor-type=\"section\" data-elementor-id=\"438\" class=\"elementor elementor-438\" data-elementor-post-type=\"elementor_library\">\n\t\t\t<div class=\"elementor-element elementor-element-0c4d37c e-con-full e-flex e-con e-parent\" data-id=\"0c4d37c\" data-element_type=\"container\" data-e-type=\"container\" data-settings=\"{&quot;background_background&quot;:&quot;slideshow&quot;,&quot;background_slideshow_gallery&quot;:[{&quot;id&quot;:1862,&quot;url&quot;:&quot;http:\\\/\\\/rv-tech.de\\\/wp-content\\\/uploads\\\/2026\\\/02\\\/Automatische-Dachfenster-Zentralverriegelung-und-Heckstuetzen-fuer-Wohmobile-1.png&quot;},{&quot;id&quot;:1865,&quot;url&quot;:&quot;http:\\\/\\\/rv-tech.de\\\/wp-content\\\/uploads\\\/2026\\\/02\\\/Automatische-Dachfenster-Zentralverriegelung-und-Heckstuetzen-fuer-Wohmobile-4.png&quot;}],&quot;background_slideshow_ken_burns&quot;:&quot;yes&quot;,&quot;background_slideshow_loop&quot;:&quot;yes&quot;,&quot;background_slideshow_slide_duration&quot;:5000,&quot;background_slideshow_slide_transition&quot;:&quot;fade&quot;,&quot;background_slideshow_transition_duration&quot;:500,&quot;background_slideshow_ken_burns_zoom_direction&quot;:&quot;in&quot;}\">\n\t\t<div class=\"elementor-element elementor-element-d741a3e e-con-full e-flex e-con e-child\" data-id=\"d741a3e\" data-element_type=\"container\" data-e-type=\"container\">\n\t\t\t\t<\/div>\n\t\t\t\t<\/div>\n\t\t<div class=\"elementor-element elementor-element-dbc78b1 e-con-full e-flex e-con e-parent\" data-id=\"dbc78b1\" data-element_type=\"container\" data-e-type=\"container\" data-settings=\"{&quot;shape_divider_top&quot;:&quot;opacity-tilt&quot;}\">\n\t\t\t\t<div class=\"elementor-shape elementor-shape-top\" aria-hidden=\"true\" data-negative=\"false\">\n\t\t\t<svg xmlns=\"http:\/\/www.w3.org\/2000\/svg\" viewBox=\"0 0 2600 131.1\" preserveAspectRatio=\"none\">\n\t<path class=\"elementor-shape-fill\" d=\"M0 0L2600 0 2600 69.1 0 0z\"\/>\n\t<path class=\"elementor-shape-fill\" style=\"opacity:0.5\" d=\"M0 0L2600 0 2600 69.1 0 69.1z\"\/>\n\t<path class=\"elementor-shape-fill\" style=\"opacity:0.25\" d=\"M2600 0L0 0 0 130.1 2600 69.1z\"\/>\n<\/svg>\t\t<\/div>\n\t\t\t\t<\/div>\n\t\t\t\t<\/div>\n\t\t\t\t<\/div>\n\t\t\t\t\t\t<\/div>\n\t\t\t\t<\/div>\n\t\t\t\t<\/div>\n\t\t<div class=\"elementor-element elementor-element-201dd04 e-con-full e-flex e-con e-parent\" data-id=\"201dd04\" data-element_type=\"container\" data-e-type=\"container\">\n\t\t\t\t<div class=\"elementor-element elementor-element-a152b0c elementor-widget elementor-widget-html\" data-id=\"a152b0c\" data-element_type=\"widget\" data-e-type=\"widget\" data-widget_type=\"html.default\">\n\t\t\t\t\t<h1>Impressum<\/h1>\n\n<h2>Angaben gem\u00e4\u00df \u00a7 5 TMG<\/h2>\n\n<p>\nRV tech<br>\nTechno&shy;logie f\u00fcr Reise&shy;mobile<br><br>\n\nRauenegg&shy;stra\u00dfe 29\/1<br>\n88212 Ravens&shy;burg<br>\nDeutsch&shy;land\n<\/p>\n\n<p>\nTelefon: +49 (0)751 3526122<br>\nMobil: +49 (0)172 6885338<br>\nE-Mail: <a href=\"mailto:info@rv-tech.de\">info@rv-tech.de<\/a><br>\nWeb: <a href=\"https:\/\/www.rv-tech.de\" target=\"_blank\">www.rv-tech.de<\/a>\n<\/p>\n\n<h2>Vertreten durch<\/h2>\n\n<p>\nInhaber: Prof. Dr.-Ing. Tim Nosper\n<\/p>\n\n<h2>Umsatz&shy;steuer<\/h2>\n\n<p>\nUmsatz&shy;steuer-Identi&shy;fikations&shy;nummer gem\u00e4\u00df \u00a7 27 a Umsatz&shy;steuer&shy;gesetz:<br>\nDE248698331\n<\/p>\n\n<h2>Steuer&shy;angaben<\/h2>\n\n<p>\nSteuer&shy;nummer: 77463\/06618\n<\/p>\n\n<h2>Verant&shy;wortlich f\u00fcr den Inhalt nach \u00a7 18 Abs. 2 MStV<\/h2>\n\n<p>\nProf. Dr.-Ing. Tim Nosper<br>\nRauenegg&shy;stra\u00dfe 29\/1<br>\n88212 Ravens&shy;burg\n<\/p>\n\n<h2>EU-Streit&shy;schlichtung<\/h2>\n\n<p>\nDie Europ\u00e4ische Kommission stellt eine Plattform zur Online-Streit&shy;beilegung bereit:\n<a href=\"https:\/\/ec.europa.eu\/consumers\/odr\/\" target=\"_blank\">https:\/\/ec.europa.eu\/consumers\/odr\/<\/a><br>\nUnsere E-Mail-Adresse finden Sie oben im Impressum.\n<\/p>\n\n<h2>Verbraucher&shy;streit&shy;beilegung \/ Universal&shy;schlichtungs&shy;stelle<\/h2>\n\n<p>\nWir sind nicht verpflichtet und nicht bereit, an Streit&shy;beilegungs&shy;verfahren vor einer Verbraucher&shy;schlichtungs&shy;stelle teil&shy;zunehmen.\n<\/p>\n\n<h2>Haftung f\u00fcr Inhalte<\/h2>\n\n<p>\nAls Dienste&shy;anbieter sind wir gem\u00e4\u00df \u00a7 7 Abs.1 TMG f\u00fcr eigene Inhalte auf diesen Seiten nach den allgemeinen Gesetzen verant&shy;wortlich.\nNach \u00a7\u00a7 8 bis 10 TMG sind wir als Dienste&shy;anbieter jedoch nicht verpflichtet, \u00fcber&shy;mittelte oder gespeicherte fremde Infor&shy;mationen zu \u00fcberwachen\noder nach Umst\u00e4nden zu forschen, die auf eine rechts&shy;widrige T\u00e4tigkeit hinweisen.\n<\/p>\n\n<p>\nVerpflichtungen zur Entfernung oder Sperrung der Nutzung von Infor&shy;mationen nach den allgemeinen Gesetzen bleiben hiervon unber\u00fchrt.\nEine diesbez\u00fcgliche Haftung ist jedoch erst ab dem Zeitpunkt der Kenntnis einer konkreten Rechts&shy;verletzung m\u00f6glich.\nBei Bekannt&shy;werden entsprechender Rechts&shy;verletzungen werden wir diese Inhalte umgehend entfernen.\n<\/p>\n\n<h2>Haftung f\u00fcr Links<\/h2>\n\n<p>\nUnser Angebot enth\u00e4lt Links zu externen Webseiten Dritter, auf deren Inhalte wir keinen Einfluss haben.\nDeshalb k\u00f6nnen wir f\u00fcr diese fremden Inhalte auch keine Gew\u00e4hr \u00fcbernehmen.\nF\u00fcr die Inhalte der verlinkten Seiten ist stets der jeweilige Anbieter oder Betreiber der Seiten verant&shy;wortlich.\n<\/p>\n\n<h2>Urheber&shy;recht<\/h2>\n\n<p>\nDie durch die Seiten&shy;betreiber erstellten Inhalte und Werke auf diesen Seiten unterliegen dem deutschen Urheber&shy;recht.\nDie Vervielf\u00e4ltigung, Bearbeitung, Verbreitung und jede Art der Verwertung au\u00dferhalb der Grenzen des Urheber&shy;rechtes\nbed\u00fcrfen der schriftlichen Zustimmung des jeweiligen Autors bzw. Erstellers.\n<\/p>\n\n<h2>Konzeption, Design, Entwicklung und Hosting<\/h2>\n\n<p>\nAgentur Reuber<br>\nMozart&shy;ring 32<br>\n88436 Eberhard&shy;zell<br>\n<a href=\"https:\/\/www.agentur-reuber.com\" target=\"_blank\">www.agentur-reuber.com<\/a>\n<\/p>\t\t\t\t<\/div>\n\t\t\t\t<\/div>\n\t\t\t\t<\/div>\n\t\t","protected":false},"excerpt":{"rendered":"<p>Impressum Angaben gem\u00e4\u00df \u00a7 5 TMG RV tech Techno&shy;logie f\u00fcr Reise&shy;mobile Rauenegg&shy;stra\u00dfe 29\/1 88212 Ravens&shy;burg Deutsch&shy;land Telefon: +49 (0)751 3526122 Mobil: +49 (0)172 6885338 E-Mail: info@rv-tech.de Web: www.rv-tech.de Vertreten durch Inhaber: Prof. Dr.-Ing. Tim Nosper Umsatz&shy;steuer Umsatz&shy;steuer-Identi&shy;fikations&shy;nummer gem\u00e4\u00df \u00a7 27 a Umsatz&shy;steuer&shy;gesetz: DE248698331 Steuer&shy;angaben Steuer&shy;nummer: 77463\/06618 Verant&shy;wortlich f\u00fcr den Inhalt nach \u00a7 18 Abs. 2 [&hellip;]<\/p>\n","protected":false},"author":1,"featured_media":0,"parent":0,"menu_order":0,"comment_status":"closed","ping_status":"closed","template":"","meta":{"_acf_changed":false,"footnotes":""},"folder":[56],"class_list":["post-1977","page","type-page","status-publish","hentry"],"acf":[],"yoast_head":"<!-- This site is optimized with the Yoast SEO plugin v27.6 - https:\/\/yoast.com\/product\/yoast-seo-wordpress\/ -->\n<title>Impressum<\/title>\n<meta name=\"robots\" content=\"index, follow, max-snippet:-1, max-image-preview:large, max-video-preview:-1\" \/>\n<link rel=\"canonical\" href=\"https:\/\/rv-tech.de\/en\/impressum\/\" \/>\n<meta property=\"og:locale\" content=\"en_US\" \/>\n<meta property=\"og:type\" content=\"article\" \/>\n<meta property=\"og:title\" content=\"Impressum\" \/>\n<meta property=\"og:description\" content=\"Impressum Angaben gem\u00e4\u00df \u00a7 5 TMG RV tech Techno&shy;logie f\u00fcr Reise&shy;mobile Rauenegg&shy;stra\u00dfe 29\/1 88212 Ravens&shy;burg Deutsch&shy;land Telefon: +49 (0)751 3526122 Mobil: +49 (0)172 6885338 E-Mail: info@rv-tech.de Web: www.rv-tech.de Vertreten durch Inhaber: Prof. Dr.-Ing. Tim Nosper Umsatz&shy;steuer Umsatz&shy;steuer-Identi&shy;fikations&shy;nummer gem\u00e4\u00df \u00a7 27 a Umsatz&shy;steuer&shy;gesetz: DE248698331 Steuer&shy;angaben Steuer&shy;nummer: 77463\/06618 Verant&shy;wortlich f\u00fcr den Inhalt nach \u00a7 18 Abs. 2 [&hellip;]\" \/>\n<meta property=\"og:url\" content=\"https:\/\/rv-tech.de\/en\/impressum\/\" \/>\n<meta property=\"og:site_name\" content=\"RV Tech\" \/>\n<meta property=\"article:publisher\" content=\"https:\/\/www.facebook.com\/rvtech.de\" \/>\n<meta property=\"article:modified_time\" content=\"2026-03-26T11:53:06+00:00\" \/>\n<meta property=\"og:image\" content=\"https:\/\/rv-tech.de\/wp-content\/uploads\/2026\/01\/Logo-RV-Tech.png\" \/>\n\t<meta property=\"og:image:width\" content=\"2480\" \/>\n\t<meta property=\"og:image:height\" content=\"845\" \/>\n\t<meta property=\"og:image:type\" content=\"image\/png\" \/>\n<meta name=\"twitter:card\" content=\"summary_large_image\" \/>\n<meta name=\"twitter:label1\" content=\"Est. reading time\" \/>\n\t<meta name=\"twitter:data1\" content=\"1 minute\" \/>\n<script type=\"application\/ld+json\" class=\"yoast-schema-graph\">{\"@context\":\"https:\\\/\\\/schema.org\",\"@graph\":[{\"@type\":\"WebPage\",\"@id\":\"https:\\\/\\\/rv-tech.de\\\/impressum\\\/\",\"url\":\"https:\\\/\\\/rv-tech.de\\\/impressum\\\/\",\"name\":\"Impressum\",\"isPartOf\":{\"@id\":\"https:\\\/\\\/rv-tech.de\\\/#website\"},\"datePublished\":\"2026-02-23T17:32:24+00:00\",\"dateModified\":\"2026-03-26T11:53:06+00:00\",\"breadcrumb\":{\"@id\":\"https:\\\/\\\/rv-tech.de\\\/impressum\\\/#breadcrumb\"},\"inLanguage\":\"en-US\",\"potentialAction\":[{\"@type\":\"ReadAction\",\"target\":[\"https:\\\/\\\/rv-tech.de\\\/impressum\\\/\"]}]},{\"@type\":\"BreadcrumbList\",\"@id\":\"https:\\\/\\\/rv-tech.de\\\/impressum\\\/#breadcrumb\",\"itemListElement\":[{\"@type\":\"ListItem\",\"position\":1,\"name\":\"Start\",\"item\":\"https:\\\/\\\/rv-tech.de\\\/\"},{\"@type\":\"ListItem\",\"position\":2,\"name\":\"Impressum\"}]},{\"@type\":\"WebSite\",\"@id\":\"https:\\\/\\\/rv-tech.de\\\/#website\",\"url\":\"https:\\\/\\\/rv-tech.de\\\/\",\"name\":\"RV Tech\",\"description\":\"Technik f\u00fcr Ihr Reisemobil\",\"publisher\":{\"@id\":\"https:\\\/\\\/rv-tech.de\\\/#organization\"},\"alternateName\":\"Automatische Dachfenster, Zentralverriegelung und Heckst\u00fctzen f\u00fcr Reisemobile\",\"potentialAction\":[{\"@type\":\"SearchAction\",\"target\":{\"@type\":\"EntryPoint\",\"urlTemplate\":\"https:\\\/\\\/rv-tech.de\\\/?s={search_term_string}\"},\"query-input\":{\"@type\":\"PropertyValueSpecification\",\"valueRequired\":true,\"valueName\":\"search_term_string\"}}],\"inLanguage\":\"en-US\"},{\"@type\":\"Organization\",\"@id\":\"https:\\\/\\\/rv-tech.de\\\/#organization\",\"name\":\"RV Tech\",\"alternateName\":\"Automatische Dachfenster, Zentralverriegelung und Heckst\u00fctzen f\u00fcr Reisemobile\",\"url\":\"https:\\\/\\\/rv-tech.de\\\/\",\"logo\":{\"@type\":\"ImageObject\",\"inLanguage\":\"en-US\",\"@id\":\"https:\\\/\\\/rv-tech.de\\\/#\\\/schema\\\/logo\\\/image\\\/\",\"url\":\"https:\\\/\\\/rv-tech.de\\\/wp-content\\\/uploads\\\/2026\\\/01\\\/Logo-RV-Tech.png\",\"contentUrl\":\"https:\\\/\\\/rv-tech.de\\\/wp-content\\\/uploads\\\/2026\\\/01\\\/Logo-RV-Tech.png\",\"width\":2480,\"height\":845,\"caption\":\"RV Tech\"},\"image\":{\"@id\":\"https:\\\/\\\/rv-tech.de\\\/#\\\/schema\\\/logo\\\/image\\\/\"},\"sameAs\":[\"https:\\\/\\\/www.facebook.com\\\/rvtech.de\",\"https:\\\/\\\/www.youtube.com\\\/@RV-tech_Ravensburg\",\"https:\\\/\\\/share.google\\\/dv203Gdb6AlgvNeQD\"]}]}<\/script>\n<!-- \/ Yoast SEO plugin. -->","yoast_head_json":{"title":"imprint","robots":{"index":"index","follow":"follow","max-snippet":"max-snippet:-1","max-image-preview":"max-image-preview:large","max-video-preview":"max-video-preview:-1"},"canonical":"https:\/\/rv-tech.de\/en\/impressum\/","og_locale":"en_US","og_type":"article","og_title":"Impressum","og_description":"Impressum Angaben gem\u00e4\u00df \u00a7 5 TMG RV tech Techno&shy;logie f\u00fcr Reise&shy;mobile Rauenegg&shy;stra\u00dfe 29\/1 88212 Ravens&shy;burg Deutsch&shy;land Telefon: +49 (0)751 3526122 Mobil: +49 (0)172 6885338 E-Mail: info@rv-tech.de Web: www.rv-tech.de Vertreten durch Inhaber: Prof. Dr.-Ing. Tim Nosper Umsatz&shy;steuer Umsatz&shy;steuer-Identi&shy;fikations&shy;nummer gem\u00e4\u00df \u00a7 27 a Umsatz&shy;steuer&shy;gesetz: DE248698331 Steuer&shy;angaben Steuer&shy;nummer: 77463\/06618 Verant&shy;wortlich f\u00fcr den Inhalt nach \u00a7 18 Abs. 2 [&hellip;]","og_url":"https:\/\/rv-tech.de\/en\/impressum\/","og_site_name":"RV Tech","article_publisher":"https:\/\/www.facebook.com\/rvtech.de","article_modified_time":"2026-03-26T11:53:06+00:00","og_image":[{"width":2480,"height":845,"url":"https:\/\/rv-tech.de\/wp-content\/uploads\/2026\/01\/Logo-RV-Tech.png","type":"image\/png"}],"twitter_card":"summary_large_image","twitter_misc":{"Est. reading time":"1 minute"},"schema":{"@context":"https:\/\/schema.org","@graph":[{"@type":"WebPage","@id":"https:\/\/rv-tech.de\/impressum\/","url":"https:\/\/rv-tech.de\/impressum\/","name":"imprint","isPartOf":{"@id":"https:\/\/rv-tech.de\/#website"},"datePublished":"2026-02-23T17:32:24+00:00","dateModified":"2026-03-26T11:53:06+00:00","breadcrumb":{"@id":"https:\/\/rv-tech.de\/impressum\/#breadcrumb"},"inLanguage":"en-US","potentialAction":[{"@type":"ReadAction","target":["https:\/\/rv-tech.de\/impressum\/"]}]},{"@type":"BreadcrumbList","@id":"https:\/\/rv-tech.de\/impressum\/#breadcrumb","itemListElement":[{"@type":"ListItem","position":1,"name":"Start","item":"https:\/\/rv-tech.de\/"},{"@type":"ListItem","position":2,"name":"Impressum"}]},{"@type":"WebSite","@id":"https:\/\/rv-tech.de\/#website","url":"https:\/\/rv-tech.de\/","name":"RV Tech","description":"Technology for your motorhome","publisher":{"@id":"https:\/\/rv-tech.de\/#organization"},"alternateName":"Automatische Dachfenster, Zentralverriegelung und Heckst\u00fctzen f\u00fcr Reisemobile","potentialAction":[{"@type":"SearchAction","target":{"@type":"EntryPoint","urlTemplate":"https:\/\/rv-tech.de\/?s={search_term_string}"},"query-input":{"@type":"PropertyValueSpecification","valueRequired":true,"valueName":"search_term_string"}}],"inLanguage":"en-US"},{"@type":"Organization","@id":"https:\/\/rv-tech.de\/#organization","name":"RV Tech","alternateName":"Automatische Dachfenster, Zentralverriegelung und Heckst\u00fctzen f\u00fcr Reisemobile","url":"https:\/\/rv-tech.de\/","logo":{"@type":"ImageObject","inLanguage":"en-US","@id":"https:\/\/rv-tech.de\/#\/schema\/logo\/image\/","url":"https:\/\/rv-tech.de\/wp-content\/uploads\/2026\/01\/Logo-RV-Tech.png","contentUrl":"https:\/\/rv-tech.de\/wp-content\/uploads\/2026\/01\/Logo-RV-Tech.png","width":2480,"height":845,"caption":"RV Tech"},"image":{"@id":"https:\/\/rv-tech.de\/#\/schema\/logo\/image\/"},"sameAs":["https:\/\/www.facebook.com\/rvtech.de","https:\/\/www.youtube.com\/@RV-tech_Ravensburg","https:\/\/share.google\/dv203Gdb6AlgvNeQD"]}]}},"_links":{"self":[{"href":"https:\/\/rv-tech.de\/en\/wp-json\/wp\/v2\/pages\/1977","targetHints":{"allow":["GET"]}}],"collection":[{"href":"https:\/\/rv-tech.de\/en\/wp-json\/wp\/v2\/pages"}],"about":[{"href":"https:\/\/rv-tech.de\/en\/wp-json\/wp\/v2\/types\/page"}],"author":[{"embeddable":true,"href":"https:\/\/rv-tech.de\/en\/wp-json\/wp\/v2\/users\/1"}],"replies":[{"embeddable":true,"href":"https:\/\/rv-tech.de\/en\/wp-json\/wp\/v2\/comments?post=1977"}],"version-history":[{"count":10,"href":"https:\/\/rv-tech.de\/en\/wp-json\/wp\/v2\/pages\/1977\/revisions"}],"predecessor-version":[{"id":121344,"href":"https:\/\/rv-tech.de\/en\/wp-json\/wp\/v2\/pages\/1977\/revisions\/121344"}],"wp:attachment":[{"href":"https:\/\/rv-tech.de\/en\/wp-json\/wp\/v2\/media?parent=1977"}],"wp:term":[{"taxonomy":"folder","embeddable":true,"href":"https:\/\/rv-tech.de\/en\/wp-json\/wp\/v2\/folder?post=1977"}],"curies":[{"name":"wp","href":"https:\/\/api.w.org\/{rel}","templated":true}]}}