{"id":976,"date":"2015-01-13T17:44:56","date_gmt":"2015-01-13T16:44:56","guid":{"rendered":"http:\/\/rv-tech.de\/?post_type=product&#038;p=976"},"modified":"2026-04-30T11:55:02","modified_gmt":"2026-04-30T09:55:02","slug":"sts-happich-starter-set-fuer-stauraumklappen","status":"publish","type":"product","link":"http:\/\/rv-tech.de\/en\/product\/sts-happich-starter-set-fuer-stauraumklappen\/","title":{"rendered":"STS\/Happich starter set for storage compartment doors"},"content":{"rendered":"<p data-start=\"0\" data-end=\"438\">The <strong>Central locking system for storage compartment doors from RV tech<\/strong> This is a convenient and secure solution for retrofitting modern motorhomes. It allows multiple exterior hatches to be locked and unlocked simultaneously, thus increasing both security and ease of use in everyday life. The system was specifically developed for motorhomes from Carthago, Concorde, Morelo, Phoenix, B\u00fcrstner, Dethleffs, and many other models.<\/p>\n<p data-start=\"440\" data-end=\"884\">RV tech offers <strong>Different central locking systems for the respective lock types<\/strong> Depending on the vehicle, variants for STS or Happich locks, for Fawo locks, or for Hymer aluminum locks are used. You can select the appropriate variant for your motorhome via the product selection. The locks are invisibly integrated into the existing locks and do not alter the appearance or feel of the hatches.<\/p>\n<p data-start=\"886\" data-end=\"1348\">With just one press of a button, you can lock or unlock up to eight storage compartment doors simultaneously, or even up to sixteen with optional V-cables. Operation is conveniently controlled via the vehicle key, an interior switch, or optionally via a separate remote control. Depending on the model, the doors lock either with a second press of the button or automatically, ensuring that all exterior doors are reliably closed at all times.<\/p>\n<p data-start=\"1350\" data-end=\"1678\">RV tech&#039;s technology is designed for longevity. High-quality materials, very low standby current, and a rating of over 100,000 switching cycles ensure lasting reliability even under intensive use. At the same time, power consumption remains minimal, which is a significant advantage, especially in motorhomes.<\/p>\n<p data-start=\"1680\" data-end=\"2053\">Retrofitting is simple and practical. With some DIY skills, installation takes approximately four to six hours. Alternatively, installation can be carried out by a motorhome dealer or a specialist partner recommended by RV tech. Thanks to its modular design, the system is suitable for both existing vehicles and future expansions.<\/p>\n<p data-start=\"2055\" data-end=\"2452\" data-is-last-node=\"\" data-is-only-node=\"\">The central locking system for storage compartment doors combines security, convenience, and everyday practicality. It reliably protects your equipment, saves time opening and closing the doors, and ensures you can leave your motorhome with peace of mind or sleep safely inside. Developed and manufactured with a high level of technical expertise, it is a worthwhile upgrade for many motorhomes.<\/p>","protected":false},"excerpt":{"rendered":"<article class=\"text-token-text-primary w-full focus:outline-none [--shadow-height:45px] has-data-writing-block:pointer-events-none has-data-writing-block:-mt-(--shadow-height) has-data-writing-block:pt-(--shadow-height) [&amp;:has([data-writing-block])&gt;*]:pointer-events-auto scroll-mt-(--header-height)\" dir=\"auto\" tabindex=\"-1\" data-turn-id=\"31f6232c-e3a5-4033-9f98-638fb3c8220c\" data-testid=\"conversation-turn-3\" data-scroll-anchor=\"false\" data-turn=\"user\"><\/article>\n<article class=\"text-token-text-primary w-full focus:outline-none [--shadow-height:45px] has-data-writing-block:pointer-events-none has-data-writing-block:-mt-(--shadow-height) has-data-writing-block:pt-(--shadow-height) [&amp;:has([data-writing-block])&gt;*]:pointer-events-auto scroll-mt-[calc(var(--header-height)+min(200px,max(70px,20svh)))]\" dir=\"auto\" tabindex=\"-1\" data-turn-id=\"request-WEB:7bde8a44-b29c-43f0-9163-d2cb5894843d-1\" data-testid=\"conversation-turn-4\" data-scroll-anchor=\"true\" data-turn=\"assistant\">\n<div class=\"text-base my-auto mx-auto pb-10 [--thread-content-margin:--spacing(4)] @w-sm\/main:[--thread-content-margin:--spacing(6)] @w-lg\/main:[--thread-content-margin:--spacing(16)] px-(--thread-content-margin)\">\n<div class=\"[--thread-content-max-width:40rem] @w-lg\/main:[--thread-content-max-width:48rem] mx-auto max-w-(--thread-content-max-width) flex-1 group\/turn-messages focus-visible:outline-hidden relative flex w-full min-w-0 flex-col agent-turn\" tabindex=\"-1\">\n<div class=\"flex max-w-full flex-col grow\">\n<div class=\"min-h-8 text-message relative flex w-full flex-col items-end gap-2 text-start break-words whitespace-normal [.text-message+&amp;]:mt-1\" dir=\"auto\" data-message-author-role=\"assistant\" data-message-id=\"e12604e7-d395-4390-a68a-c1ebbdd7e7fd\" data-message-model-slug=\"gpt-5-3\">\n<div class=\"flex w-full flex-col gap-1 empty:hidden first:pt-[1px]\">\n<div class=\"markdown prose dark:prose-invert w-full wrap-break-word dark markdown-new-styling\">\n<p data-start=\"0\" data-end=\"197\">Diese Zentralverriegelung von RV tech erm\u00f6glicht das gleichzeitige \u00d6ffnen und Verriegeln mehrerer Stauraumklappen am Reisemobil und ist speziell f\u00fcr<strong> Happich beziehungsweise STS Schl\u00f6sser<\/strong> ausgelegt.<\/p>\n<p data-start=\"199\" data-end=\"329\">Dieses Set enth\u00e4lt <strong>4 Verriegelungen<\/strong> sowie <strong>zwei Anschlusskabel mit sechs Metern<\/strong> und <strong>zwei Anschlusskabel mit vier Metern<\/strong> L\u00e4nge.<\/p>\n<p data-start=\"331\" data-end=\"451\" data-is-last-node=\"\" data-is-only-node=\"\">Zum Einsatz kommen diese Schl\u00f6sser vor allem bei Reisemobilen der Marken Carthago, Phoenix, Morelo und Concorde.<\/p>\n<\/div>\n<\/div>\n<\/div>\n<\/div>\n<\/div>\n<\/div>\n<\/article>\n","protected":false},"featured_media":2138,"template":"","meta":{"_acf_changed":false},"product_brand":[],"product_cat":[31],"product_tag":[70,65,69,71,68,63,61,64,62,60],"class_list":{"0":"post-976","1":"product","2":"type-product","3":"status-publish","4":"has-post-thumbnail","6":"product_cat-zentralverriegelung","7":"product_tag-aussenklappen-sichern","8":"product_tag-happich-schloesser","9":"product_tag-komfort-reisemobil","10":"product_tag-made-in-germany","11":"product_tag-mehr-sicherheit-wohnmobil","12":"product_tag-nachruestung-wohnmobil","13":"product_tag-stauraumklappen-verriegeln","14":"product_tag-sts-schloesser","15":"product_tag-wohnmobil-zentralverriegelung","16":"product_tag-zentralverriegelung-reisemobil","18":"first","19":"instock","20":"featured","21":"taxable","22":"shipping-taxable","23":"purchasable","24":"product-type-variable"},"acf":[],"yoast_head":"<!-- This site is optimized with the Yoast SEO plugin v27.6 - https:\/\/yoast.com\/product\/yoast-seo-wordpress\/ -->\n<title>STS\/Happich Starter-Set f\u00fcr Stauraumklappen - RV Tech<\/title>\n<meta name=\"robots\" content=\"index, follow, max-snippet:-1, max-image-preview:large, max-video-preview:-1\" \/>\n<link rel=\"canonical\" href=\"https:\/\/rv-tech.de\/en\/product\/sts-happich-starter-set-fuer-stauraumklappen\/\" \/>\n<meta property=\"og:locale\" content=\"en_US\" \/>\n<meta property=\"og:type\" content=\"article\" \/>\n<meta property=\"og:title\" content=\"STS\/Happich Starter-Set f\u00fcr Stauraumklappen - RV Tech\" \/>\n<meta property=\"og:description\" content=\"Diese Zentralverriegelung von RV tech erm\u00f6glicht das gleichzeitige \u00d6ffnen und Verriegeln mehrerer Stauraumklappen am Reisemobil und ist speziell f\u00fcr Happich beziehungsweise STS Schl\u00f6sser ausgelegt. Dieses Set enth\u00e4lt 4 Verriegelungen sowie zwei Anschlusskabel mit sechs Metern und zwei Anschlusskabel mit vier Metern L\u00e4nge. Zum Einsatz kommen diese Schl\u00f6sser vor allem bei Reisemobilen der Marken Carthago, Phoenix, Morelo und Concorde.\" \/>\n<meta property=\"og:url\" content=\"https:\/\/rv-tech.de\/en\/product\/sts-happich-starter-set-fuer-stauraumklappen\/\" \/>\n<meta property=\"og:site_name\" content=\"RV Tech\" \/>\n<meta property=\"article:publisher\" content=\"https:\/\/www.facebook.com\/rvtech.de\" \/>\n<meta property=\"article:modified_time\" content=\"2026-04-30T09:55:02+00:00\" \/>\n<meta property=\"og:image\" content=\"https:\/\/rv-tech.de\/wp-content\/uploads\/2015\/01\/sts-und-happich-schloss.png\" \/>\n\t<meta property=\"og:image:width\" content=\"500\" \/>\n\t<meta property=\"og:image:height\" content=\"500\" \/>\n\t<meta property=\"og:image:type\" content=\"image\/png\" \/>\n<meta name=\"twitter:card\" content=\"summary_large_image\" \/>\n<meta name=\"twitter:label1\" content=\"Est. reading time\" \/>\n\t<meta name=\"twitter:data1\" content=\"3 minutes\" \/>\n<script type=\"application\/ld+json\" class=\"yoast-schema-graph\">{\"@context\":\"https:\\\/\\\/schema.org\",\"@graph\":[{\"@type\":\"WebPage\",\"@id\":\"https:\\\/\\\/rv-tech.de\\\/produkt\\\/sts-happich-starter-set-fuer-stauraumklappen\\\/\",\"url\":\"https:\\\/\\\/rv-tech.de\\\/produkt\\\/sts-happich-starter-set-fuer-stauraumklappen\\\/\",\"name\":\"STS\\\/Happich Starter-Set f\u00fcr Stauraumklappen - RV Tech\",\"isPartOf\":{\"@id\":\"https:\\\/\\\/rv-tech.de\\\/#website\"},\"primaryImageOfPage\":{\"@id\":\"https:\\\/\\\/rv-tech.de\\\/produkt\\\/sts-happich-starter-set-fuer-stauraumklappen\\\/#primaryimage\"},\"image\":{\"@id\":\"https:\\\/\\\/rv-tech.de\\\/produkt\\\/sts-happich-starter-set-fuer-stauraumklappen\\\/#primaryimage\"},\"thumbnailUrl\":\"https:\\\/\\\/rv-tech.de\\\/wp-content\\\/uploads\\\/2015\\\/01\\\/sts-und-happich-schloss.png\",\"datePublished\":\"2015-01-13T16:44:56+00:00\",\"dateModified\":\"2026-04-30T09:55:02+00:00\",\"breadcrumb\":{\"@id\":\"https:\\\/\\\/rv-tech.de\\\/produkt\\\/sts-happich-starter-set-fuer-stauraumklappen\\\/#breadcrumb\"},\"inLanguage\":\"en-US\",\"potentialAction\":[{\"@type\":\"ReadAction\",\"target\":[\"https:\\\/\\\/rv-tech.de\\\/produkt\\\/sts-happich-starter-set-fuer-stauraumklappen\\\/\"]}]},{\"@type\":\"ImageObject\",\"inLanguage\":\"en-US\",\"@id\":\"https:\\\/\\\/rv-tech.de\\\/produkt\\\/sts-happich-starter-set-fuer-stauraumklappen\\\/#primaryimage\",\"url\":\"https:\\\/\\\/rv-tech.de\\\/wp-content\\\/uploads\\\/2015\\\/01\\\/sts-und-happich-schloss.png\",\"contentUrl\":\"https:\\\/\\\/rv-tech.de\\\/wp-content\\\/uploads\\\/2015\\\/01\\\/sts-und-happich-schloss.png\",\"width\":500,\"height\":500},{\"@type\":\"BreadcrumbList\",\"@id\":\"https:\\\/\\\/rv-tech.de\\\/produkt\\\/sts-happich-starter-set-fuer-stauraumklappen\\\/#breadcrumb\",\"itemListElement\":[{\"@type\":\"ListItem\",\"position\":1,\"name\":\"Start\",\"item\":\"https:\\\/\\\/rv-tech.de\\\/\"},{\"@type\":\"ListItem\",\"position\":2,\"name\":\"Shop\",\"item\":\"https:\\\/\\\/rv-tech.de\\\/shop\\\/\"},{\"@type\":\"ListItem\",\"position\":3,\"name\":\"STS\\\/Happich Starter-Set f\u00fcr Stauraumklappen\"}]},{\"@type\":\"WebSite\",\"@id\":\"https:\\\/\\\/rv-tech.de\\\/#website\",\"url\":\"https:\\\/\\\/rv-tech.de\\\/\",\"name\":\"RV Tech\",\"description\":\"Technik f\u00fcr Ihr Reisemobil\",\"publisher\":{\"@id\":\"https:\\\/\\\/rv-tech.de\\\/#organization\"},\"alternateName\":\"Automatische Dachfenster, Zentralverriegelung und Heckst\u00fctzen f\u00fcr Reisemobile\",\"potentialAction\":[{\"@type\":\"SearchAction\",\"target\":{\"@type\":\"EntryPoint\",\"urlTemplate\":\"https:\\\/\\\/rv-tech.de\\\/?s={search_term_string}\"},\"query-input\":{\"@type\":\"PropertyValueSpecification\",\"valueRequired\":true,\"valueName\":\"search_term_string\"}}],\"inLanguage\":\"en-US\"},{\"@type\":\"Organization\",\"@id\":\"https:\\\/\\\/rv-tech.de\\\/#organization\",\"name\":\"RV Tech\",\"alternateName\":\"Automatische Dachfenster, Zentralverriegelung und Heckst\u00fctzen f\u00fcr Reisemobile\",\"url\":\"https:\\\/\\\/rv-tech.de\\\/\",\"logo\":{\"@type\":\"ImageObject\",\"inLanguage\":\"en-US\",\"@id\":\"https:\\\/\\\/rv-tech.de\\\/#\\\/schema\\\/logo\\\/image\\\/\",\"url\":\"https:\\\/\\\/rv-tech.de\\\/wp-content\\\/uploads\\\/2026\\\/01\\\/Logo-RV-Tech.png\",\"contentUrl\":\"https:\\\/\\\/rv-tech.de\\\/wp-content\\\/uploads\\\/2026\\\/01\\\/Logo-RV-Tech.png\",\"width\":2480,\"height\":845,\"caption\":\"RV Tech\"},\"image\":{\"@id\":\"https:\\\/\\\/rv-tech.de\\\/#\\\/schema\\\/logo\\\/image\\\/\"},\"sameAs\":[\"https:\\\/\\\/www.facebook.com\\\/rvtech.de\",\"https:\\\/\\\/www.youtube.com\\\/@RV-tech_Ravensburg\",\"https:\\\/\\\/share.google\\\/dv203Gdb6AlgvNeQD\"]}]}<\/script>\n<!-- \/ Yoast SEO plugin. -->","yoast_head_json":{"title":"STS\/Happich Starter-Set f\u00fcr Stauraumklappen - RV Tech","robots":{"index":"index","follow":"follow","max-snippet":"max-snippet:-1","max-image-preview":"max-image-preview:large","max-video-preview":"max-video-preview:-1"},"canonical":"https:\/\/rv-tech.de\/en\/product\/sts-happich-starter-set-fuer-stauraumklappen\/","og_locale":"en_US","og_type":"article","og_title":"STS\/Happich Starter-Set f\u00fcr Stauraumklappen - RV Tech","og_description":"Diese Zentralverriegelung von RV tech erm\u00f6glicht das gleichzeitige \u00d6ffnen und Verriegeln mehrerer Stauraumklappen am Reisemobil und ist speziell f\u00fcr Happich beziehungsweise STS Schl\u00f6sser ausgelegt. Dieses Set enth\u00e4lt 4 Verriegelungen sowie zwei Anschlusskabel mit sechs Metern und zwei Anschlusskabel mit vier Metern L\u00e4nge. Zum Einsatz kommen diese Schl\u00f6sser vor allem bei Reisemobilen der Marken Carthago, Phoenix, Morelo und Concorde.","og_url":"https:\/\/rv-tech.de\/en\/product\/sts-happich-starter-set-fuer-stauraumklappen\/","og_site_name":"RV Tech","article_publisher":"https:\/\/www.facebook.com\/rvtech.de","article_modified_time":"2026-04-30T09:55:02+00:00","og_image":[{"width":500,"height":500,"url":"https:\/\/rv-tech.de\/wp-content\/uploads\/2015\/01\/sts-und-happich-schloss.png","type":"image\/png"}],"twitter_card":"summary_large_image","twitter_misc":{"Est. reading time":"3 minutes"},"schema":{"@context":"https:\/\/schema.org","@graph":[{"@type":"WebPage","@id":"https:\/\/rv-tech.de\/produkt\/sts-happich-starter-set-fuer-stauraumklappen\/","url":"https:\/\/rv-tech.de\/produkt\/sts-happich-starter-set-fuer-stauraumklappen\/","name":"STS\/Happich Starter-Set f\u00fcr Stauraumklappen - RV Tech","isPartOf":{"@id":"https:\/\/rv-tech.de\/#website"},"primaryImageOfPage":{"@id":"https:\/\/rv-tech.de\/produkt\/sts-happich-starter-set-fuer-stauraumklappen\/#primaryimage"},"image":{"@id":"https:\/\/rv-tech.de\/produkt\/sts-happich-starter-set-fuer-stauraumklappen\/#primaryimage"},"thumbnailUrl":"https:\/\/rv-tech.de\/wp-content\/uploads\/2015\/01\/sts-und-happich-schloss.png","datePublished":"2015-01-13T16:44:56+00:00","dateModified":"2026-04-30T09:55:02+00:00","breadcrumb":{"@id":"https:\/\/rv-tech.de\/produkt\/sts-happich-starter-set-fuer-stauraumklappen\/#breadcrumb"},"inLanguage":"en-US","potentialAction":[{"@type":"ReadAction","target":["https:\/\/rv-tech.de\/produkt\/sts-happich-starter-set-fuer-stauraumklappen\/"]}]},{"@type":"ImageObject","inLanguage":"en-US","@id":"https:\/\/rv-tech.de\/produkt\/sts-happich-starter-set-fuer-stauraumklappen\/#primaryimage","url":"https:\/\/rv-tech.de\/wp-content\/uploads\/2015\/01\/sts-und-happich-schloss.png","contentUrl":"https:\/\/rv-tech.de\/wp-content\/uploads\/2015\/01\/sts-und-happich-schloss.png","width":500,"height":500},{"@type":"BreadcrumbList","@id":"https:\/\/rv-tech.de\/produkt\/sts-happich-starter-set-fuer-stauraumklappen\/#breadcrumb","itemListElement":[{"@type":"ListItem","position":1,"name":"Start","item":"https:\/\/rv-tech.de\/"},{"@type":"ListItem","position":2,"name":"Shop","item":"https:\/\/rv-tech.de\/shop\/"},{"@type":"ListItem","position":3,"name":"STS\/Happich Starter-Set f\u00fcr Stauraumklappen"}]},{"@type":"WebSite","@id":"https:\/\/rv-tech.de\/#website","url":"https:\/\/rv-tech.de\/","name":"RV Tech","description":"Technology for your motorhome","publisher":{"@id":"https:\/\/rv-tech.de\/#organization"},"alternateName":"Automatische Dachfenster, Zentralverriegelung und Heckst\u00fctzen f\u00fcr Reisemobile","potentialAction":[{"@type":"SearchAction","target":{"@type":"EntryPoint","urlTemplate":"https:\/\/rv-tech.de\/?s={search_term_string}"},"query-input":{"@type":"PropertyValueSpecification","valueRequired":true,"valueName":"search_term_string"}}],"inLanguage":"en-US"},{"@type":"Organization","@id":"https:\/\/rv-tech.de\/#organization","name":"RV Tech","alternateName":"Automatische Dachfenster, Zentralverriegelung und Heckst\u00fctzen f\u00fcr Reisemobile","url":"https:\/\/rv-tech.de\/","logo":{"@type":"ImageObject","inLanguage":"en-US","@id":"https:\/\/rv-tech.de\/#\/schema\/logo\/image\/","url":"https:\/\/rv-tech.de\/wp-content\/uploads\/2026\/01\/Logo-RV-Tech.png","contentUrl":"https:\/\/rv-tech.de\/wp-content\/uploads\/2026\/01\/Logo-RV-Tech.png","width":2480,"height":845,"caption":"RV Tech"},"image":{"@id":"https:\/\/rv-tech.de\/#\/schema\/logo\/image\/"},"sameAs":["https:\/\/www.facebook.com\/rvtech.de","https:\/\/www.youtube.com\/@RV-tech_Ravensburg","https:\/\/share.google\/dv203Gdb6AlgvNeQD"]}]}},"_links":{"self":[{"href":"http:\/\/rv-tech.de\/en\/wp-json\/wp\/v2\/product\/976","targetHints":{"allow":["GET"]}}],"collection":[{"href":"http:\/\/rv-tech.de\/en\/wp-json\/wp\/v2\/product"}],"about":[{"href":"http:\/\/rv-tech.de\/en\/wp-json\/wp\/v2\/types\/product"}],"version-history":[{"count":8,"href":"http:\/\/rv-tech.de\/en\/wp-json\/wp\/v2\/product\/976\/revisions"}],"predecessor-version":[{"id":121493,"href":"http:\/\/rv-tech.de\/en\/wp-json\/wp\/v2\/product\/976\/revisions\/121493"}],"wp:featuredmedia":[{"embeddable":true,"href":"http:\/\/rv-tech.de\/en\/wp-json\/wp\/v2\/media\/2138"}],"wp:attachment":[{"href":"http:\/\/rv-tech.de\/en\/wp-json\/wp\/v2\/media?parent=976"}],"wp:term":[{"taxonomy":"product_brand","embeddable":true,"href":"http:\/\/rv-tech.de\/en\/wp-json\/wp\/v2\/product_brand?post=976"},{"taxonomy":"product_cat","embeddable":true,"href":"http:\/\/rv-tech.de\/en\/wp-json\/wp\/v2\/product_cat?post=976"},{"taxonomy":"product_tag","embeddable":true,"href":"http:\/\/rv-tech.de\/en\/wp-json\/wp\/v2\/product_tag?post=976"}],"curies":[{"name":"wp","href":"https:\/\/api.w.org\/{rel}","templated":true}]}}