{"id":14,"date":"2026-01-08T17:40:20","date_gmt":"2026-01-08T16:40:20","guid":{"rendered":"http:\/\/rv-tech.de\/warenkorb\/"},"modified":"2026-03-26T13:23:03","modified_gmt":"2026-03-26T12:23:03","slug":"warenkorb","status":"publish","type":"page","link":"http:\/\/rv-tech.de\/en\/warenkorb\/","title":{"rendered":"Shopping cart"},"content":{"rendered":"\t\t<div data-elementor-type=\"wp-page\" data-elementor-id=\"14\" class=\"elementor elementor-14\" data-elementor-post-type=\"page\">\n\t\t\t\t<div class=\"elementor-element elementor-element-2f9b5b2 e-con-full e-flex e-con e-parent\" data-id=\"2f9b5b2\" data-element_type=\"container\" data-e-type=\"container\">\n\t\t\t\t<div class=\"elementor-element elementor-element-8b09dec elementor-widget elementor-widget-template\" data-id=\"8b09dec\" data-element_type=\"widget\" data-e-type=\"widget\" data-widget_type=\"template.default\">\n\t\t\t\t<div class=\"elementor-widget-container\">\n\t\t\t\t\t\t\t<div class=\"elementor-template\">\n\t\t\t\t\t<div data-elementor-type=\"section\" data-elementor-id=\"438\" class=\"elementor elementor-438\" data-elementor-post-type=\"elementor_library\">\n\t\t\t<div class=\"elementor-element elementor-element-0c4d37c e-con-full e-flex e-con e-parent\" data-id=\"0c4d37c\" data-element_type=\"container\" data-e-type=\"container\" data-settings=\"{&quot;background_background&quot;:&quot;slideshow&quot;,&quot;background_slideshow_gallery&quot;:[{&quot;id&quot;:1862,&quot;url&quot;:&quot;http:\\\/\\\/rv-tech.de\\\/wp-content\\\/uploads\\\/2026\\\/02\\\/Automatische-Dachfenster-Zentralverriegelung-und-Heckstuetzen-fuer-Wohmobile-1.png&quot;},{&quot;id&quot;:1865,&quot;url&quot;:&quot;http:\\\/\\\/rv-tech.de\\\/wp-content\\\/uploads\\\/2026\\\/02\\\/Automatische-Dachfenster-Zentralverriegelung-und-Heckstuetzen-fuer-Wohmobile-4.png&quot;}],&quot;background_slideshow_ken_burns&quot;:&quot;yes&quot;,&quot;background_slideshow_loop&quot;:&quot;yes&quot;,&quot;background_slideshow_slide_duration&quot;:5000,&quot;background_slideshow_slide_transition&quot;:&quot;fade&quot;,&quot;background_slideshow_transition_duration&quot;:500,&quot;background_slideshow_ken_burns_zoom_direction&quot;:&quot;in&quot;}\">\n\t\t<div class=\"elementor-element elementor-element-d741a3e e-con-full e-flex e-con e-child\" data-id=\"d741a3e\" data-element_type=\"container\" data-e-type=\"container\">\n\t\t\t\t<\/div>\n\t\t\t\t<\/div>\n\t\t<div class=\"elementor-element elementor-element-dbc78b1 e-con-full e-flex e-con e-parent\" data-id=\"dbc78b1\" data-element_type=\"container\" data-e-type=\"container\" data-settings=\"{&quot;shape_divider_top&quot;:&quot;opacity-tilt&quot;}\">\n\t\t\t\t<div class=\"elementor-shape elementor-shape-top\" aria-hidden=\"true\" data-negative=\"false\">\n\t\t\t<svg xmlns=\"http:\/\/www.w3.org\/2000\/svg\" viewBox=\"0 0 2600 131.1\" preserveAspectRatio=\"none\">\n\t<path class=\"elementor-shape-fill\" d=\"M0 0L2600 0 2600 69.1 0 0z\"\/>\n\t<path class=\"elementor-shape-fill\" style=\"opacity:0.5\" d=\"M0 0L2600 0 2600 69.1 0 69.1z\"\/>\n\t<path class=\"elementor-shape-fill\" style=\"opacity:0.25\" d=\"M2600 0L0 0 0 130.1 2600 69.1z\"\/>\n<\/svg>\t\t<\/div>\n\t\t\t\t<\/div>\n\t\t\t\t<\/div>\n\t\t\t\t<\/div>\n\t\t\t\t\t\t<\/div>\n\t\t\t\t<\/div>\n\t\t\t\t<\/div>\n\t\t<div class=\"elementor-element elementor-element-95533ae e-con-full e-flex e-con e-parent\" data-id=\"95533ae\" data-element_type=\"container\" data-e-type=\"container\">\n\t\t\t\t<\/div>\n\t\t\t\t<\/div>\n\t\t","protected":false},"excerpt":{"rendered":"<p>Artikel entfernen Vorschaubild Produkt Preis Anzahl Zwischensumme &times; Elektrisches Antriebset f\u00fcr Dometic HEKI Dachfenster &#8211; Heki Midi Bitte w\u00e4hlen Sie Ihr Dachfenster: Heki Midi 289,00&nbsp;&euro; Elektrisches Antriebset f\u00fcr Dometic HEKI Dachfenster &#8211; Heki Midi Menge 289,00&nbsp;&euro; Warenkorb Summe Zwischensumme 289,00&nbsp;&euro; Gesamtsumme 289,00&nbsp;&euro; (inkl. 46,14&nbsp;&euro; MwSt. 19 % DE) inkl. 19 % MwSt. 46,14&nbsp;&euro; Zur Kasse<\/p>","protected":false},"author":1,"featured_media":0,"parent":0,"menu_order":0,"comment_status":"closed","ping_status":"closed","template":"","meta":{"_acf_changed":false,"footnotes":""},"folder":[54],"class_list":["post-14","page","type-page","status-publish","hentry"],"acf":[],"yoast_head":"<!-- This site is optimized with the Yoast SEO plugin v27.6 - https:\/\/yoast.com\/product\/yoast-seo-wordpress\/ -->\n<title>Warenkorb<\/title>\n<meta name=\"robots\" content=\"index, follow, max-snippet:-1, max-image-preview:large, max-video-preview:-1\" \/>\n<link rel=\"canonical\" href=\"https:\/\/rv-tech.de\/en\/warenkorb\/\" \/>\n<meta property=\"og:locale\" content=\"en_US\" \/>\n<meta property=\"og:type\" content=\"article\" \/>\n<meta property=\"og:title\" content=\"Warenkorb\" \/>\n<meta property=\"og:description\" content=\"Artikel entfernen Vorschaubild Produkt Preis Anzahl Zwischensumme &times; Elektrisches Antriebset f\u00fcr Dometic HEKI Dachfenster &#8211; Heki Midi Bitte w\u00e4hlen Sie Ihr Dachfenster: Heki Midi 289,00&nbsp;&euro; Elektrisches Antriebset f\u00fcr Dometic HEKI Dachfenster &#8211; Heki Midi Menge 289,00&nbsp;&euro; Warenkorb Summe Zwischensumme 289,00&nbsp;&euro; Gesamtsumme 289,00&nbsp;&euro; (inkl. 46,14&nbsp;&euro; MwSt. 19 % DE) inkl. 19 % MwSt. 46,14&nbsp;&euro; Zur Kasse\" \/>\n<meta property=\"og:url\" content=\"https:\/\/rv-tech.de\/en\/warenkorb\/\" \/>\n<meta property=\"og:site_name\" content=\"RV Tech\" \/>\n<meta property=\"article:publisher\" content=\"https:\/\/www.facebook.com\/rvtech.de\" \/>\n<meta property=\"article:modified_time\" content=\"2026-03-26T12:23:03+00:00\" \/>\n<meta property=\"og:image\" content=\"https:\/\/rv-tech.de\/wp-content\/uploads\/2026\/01\/dometic-midi-heki-style-700x500-weiss-mit-kurbel-mit-zwangsbelueftung-dachfenster-300x300.png\" \/>\n<meta name=\"twitter:card\" content=\"summary_large_image\" \/>\n<meta name=\"twitter:label1\" content=\"Est. reading time\" \/>\n\t<meta name=\"twitter:data1\" content=\"1 minute\" \/>\n<script type=\"application\/ld+json\" class=\"yoast-schema-graph\">{\"@context\":\"https:\\\/\\\/schema.org\",\"@graph\":[{\"@type\":\"WebPage\",\"@id\":\"https:\\\/\\\/rv-tech.de\\\/warenkorb\\\/\",\"url\":\"https:\\\/\\\/rv-tech.de\\\/warenkorb\\\/\",\"name\":\"Warenkorb\",\"isPartOf\":{\"@id\":\"https:\\\/\\\/rv-tech.de\\\/#website\"},\"primaryImageOfPage\":{\"@id\":\"https:\\\/\\\/rv-tech.de\\\/warenkorb\\\/#primaryimage\"},\"image\":{\"@id\":\"https:\\\/\\\/rv-tech.de\\\/warenkorb\\\/#primaryimage\"},\"thumbnailUrl\":\"https:\\\/\\\/rv-tech.de\\\/wp-content\\\/uploads\\\/2026\\\/01\\\/dometic-midi-heki-style-700x500-weiss-mit-kurbel-mit-zwangsbelueftung-dachfenster-300x300.png\",\"datePublished\":\"2026-01-08T16:40:20+00:00\",\"dateModified\":\"2026-03-26T12:23:03+00:00\",\"breadcrumb\":{\"@id\":\"https:\\\/\\\/rv-tech.de\\\/warenkorb\\\/#breadcrumb\"},\"inLanguage\":\"en-US\",\"potentialAction\":[{\"@type\":\"ReadAction\",\"target\":[\"https:\\\/\\\/rv-tech.de\\\/warenkorb\\\/\"]}]},{\"@type\":\"ImageObject\",\"inLanguage\":\"en-US\",\"@id\":\"https:\\\/\\\/rv-tech.de\\\/warenkorb\\\/#primaryimage\",\"url\":\"https:\\\/\\\/rv-tech.de\\\/wp-content\\\/uploads\\\/2026\\\/01\\\/dometic-midi-heki-style-700x500-weiss-mit-kurbel-mit-zwangsbelueftung-dachfenster-300x300.png\",\"contentUrl\":\"https:\\\/\\\/rv-tech.de\\\/wp-content\\\/uploads\\\/2026\\\/01\\\/dometic-midi-heki-style-700x500-weiss-mit-kurbel-mit-zwangsbelueftung-dachfenster-300x300.png\"},{\"@type\":\"BreadcrumbList\",\"@id\":\"https:\\\/\\\/rv-tech.de\\\/warenkorb\\\/#breadcrumb\",\"itemListElement\":[{\"@type\":\"ListItem\",\"position\":1,\"name\":\"Start\",\"item\":\"https:\\\/\\\/rv-tech.de\\\/\"},{\"@type\":\"ListItem\",\"position\":2,\"name\":\"Warenkorb\"}]},{\"@type\":\"WebSite\",\"@id\":\"https:\\\/\\\/rv-tech.de\\\/#website\",\"url\":\"https:\\\/\\\/rv-tech.de\\\/\",\"name\":\"RV Tech\",\"description\":\"Technik f\u00fcr Ihr Reisemobil\",\"publisher\":{\"@id\":\"https:\\\/\\\/rv-tech.de\\\/#organization\"},\"alternateName\":\"Automatische Dachfenster, Zentralverriegelung und Heckst\u00fctzen f\u00fcr Reisemobile\",\"potentialAction\":[{\"@type\":\"SearchAction\",\"target\":{\"@type\":\"EntryPoint\",\"urlTemplate\":\"https:\\\/\\\/rv-tech.de\\\/?s={search_term_string}\"},\"query-input\":{\"@type\":\"PropertyValueSpecification\",\"valueRequired\":true,\"valueName\":\"search_term_string\"}}],\"inLanguage\":\"en-US\"},{\"@type\":\"Organization\",\"@id\":\"https:\\\/\\\/rv-tech.de\\\/#organization\",\"name\":\"RV Tech\",\"alternateName\":\"Automatische Dachfenster, Zentralverriegelung und Heckst\u00fctzen f\u00fcr Reisemobile\",\"url\":\"https:\\\/\\\/rv-tech.de\\\/\",\"logo\":{\"@type\":\"ImageObject\",\"inLanguage\":\"en-US\",\"@id\":\"https:\\\/\\\/rv-tech.de\\\/#\\\/schema\\\/logo\\\/image\\\/\",\"url\":\"https:\\\/\\\/rv-tech.de\\\/wp-content\\\/uploads\\\/2026\\\/01\\\/Logo-RV-Tech.png\",\"contentUrl\":\"https:\\\/\\\/rv-tech.de\\\/wp-content\\\/uploads\\\/2026\\\/01\\\/Logo-RV-Tech.png\",\"width\":2480,\"height\":845,\"caption\":\"RV Tech\"},\"image\":{\"@id\":\"https:\\\/\\\/rv-tech.de\\\/#\\\/schema\\\/logo\\\/image\\\/\"},\"sameAs\":[\"https:\\\/\\\/www.facebook.com\\\/rvtech.de\",\"https:\\\/\\\/www.youtube.com\\\/@RV-tech_Ravensburg\",\"https:\\\/\\\/share.google\\\/dv203Gdb6AlgvNeQD\"]}]}<\/script>\n<!-- \/ Yoast SEO plugin. -->","yoast_head_json":{"title":"Shopping cart","robots":{"index":"index","follow":"follow","max-snippet":"max-snippet:-1","max-image-preview":"max-image-preview:large","max-video-preview":"max-video-preview:-1"},"canonical":"https:\/\/rv-tech.de\/en\/warenkorb\/","og_locale":"en_US","og_type":"article","og_title":"Warenkorb","og_description":"Artikel entfernen Vorschaubild Produkt Preis Anzahl Zwischensumme &times; Elektrisches Antriebset f\u00fcr Dometic HEKI Dachfenster &#8211; Heki Midi Bitte w\u00e4hlen Sie Ihr Dachfenster: Heki Midi 289,00&nbsp;&euro; Elektrisches Antriebset f\u00fcr Dometic HEKI Dachfenster &#8211; Heki Midi Menge 289,00&nbsp;&euro; Warenkorb Summe Zwischensumme 289,00&nbsp;&euro; Gesamtsumme 289,00&nbsp;&euro; (inkl. 46,14&nbsp;&euro; MwSt. 19 % DE) inkl. 19 % MwSt. 46,14&nbsp;&euro; Zur Kasse","og_url":"https:\/\/rv-tech.de\/en\/warenkorb\/","og_site_name":"RV Tech","article_publisher":"https:\/\/www.facebook.com\/rvtech.de","article_modified_time":"2026-03-26T12:23:03+00:00","og_image":[{"url":"https:\/\/rv-tech.de\/wp-content\/uploads\/2026\/01\/dometic-midi-heki-style-700x500-weiss-mit-kurbel-mit-zwangsbelueftung-dachfenster-300x300.png","type":"","width":"","height":""}],"twitter_card":"summary_large_image","twitter_misc":{"Est. reading time":"1 minute"},"schema":{"@context":"https:\/\/schema.org","@graph":[{"@type":"WebPage","@id":"https:\/\/rv-tech.de\/warenkorb\/","url":"https:\/\/rv-tech.de\/warenkorb\/","name":"Shopping cart","isPartOf":{"@id":"https:\/\/rv-tech.de\/#website"},"primaryImageOfPage":{"@id":"https:\/\/rv-tech.de\/warenkorb\/#primaryimage"},"image":{"@id":"https:\/\/rv-tech.de\/warenkorb\/#primaryimage"},"thumbnailUrl":"https:\/\/rv-tech.de\/wp-content\/uploads\/2026\/01\/dometic-midi-heki-style-700x500-weiss-mit-kurbel-mit-zwangsbelueftung-dachfenster-300x300.png","datePublished":"2026-01-08T16:40:20+00:00","dateModified":"2026-03-26T12:23:03+00:00","breadcrumb":{"@id":"https:\/\/rv-tech.de\/warenkorb\/#breadcrumb"},"inLanguage":"en-US","potentialAction":[{"@type":"ReadAction","target":["https:\/\/rv-tech.de\/warenkorb\/"]}]},{"@type":"ImageObject","inLanguage":"en-US","@id":"https:\/\/rv-tech.de\/warenkorb\/#primaryimage","url":"https:\/\/rv-tech.de\/wp-content\/uploads\/2026\/01\/dometic-midi-heki-style-700x500-weiss-mit-kurbel-mit-zwangsbelueftung-dachfenster-300x300.png","contentUrl":"https:\/\/rv-tech.de\/wp-content\/uploads\/2026\/01\/dometic-midi-heki-style-700x500-weiss-mit-kurbel-mit-zwangsbelueftung-dachfenster-300x300.png"},{"@type":"BreadcrumbList","@id":"https:\/\/rv-tech.de\/warenkorb\/#breadcrumb","itemListElement":[{"@type":"ListItem","position":1,"name":"Start","item":"https:\/\/rv-tech.de\/"},{"@type":"ListItem","position":2,"name":"Warenkorb"}]},{"@type":"WebSite","@id":"https:\/\/rv-tech.de\/#website","url":"https:\/\/rv-tech.de\/","name":"RV Tech","description":"Technology for your motorhome","publisher":{"@id":"https:\/\/rv-tech.de\/#organization"},"alternateName":"Automatische Dachfenster, Zentralverriegelung und Heckst\u00fctzen f\u00fcr Reisemobile","potentialAction":[{"@type":"SearchAction","target":{"@type":"EntryPoint","urlTemplate":"https:\/\/rv-tech.de\/?s={search_term_string}"},"query-input":{"@type":"PropertyValueSpecification","valueRequired":true,"valueName":"search_term_string"}}],"inLanguage":"en-US"},{"@type":"Organization","@id":"https:\/\/rv-tech.de\/#organization","name":"RV Tech","alternateName":"Automatische Dachfenster, Zentralverriegelung und Heckst\u00fctzen f\u00fcr Reisemobile","url":"https:\/\/rv-tech.de\/","logo":{"@type":"ImageObject","inLanguage":"en-US","@id":"https:\/\/rv-tech.de\/#\/schema\/logo\/image\/","url":"https:\/\/rv-tech.de\/wp-content\/uploads\/2026\/01\/Logo-RV-Tech.png","contentUrl":"https:\/\/rv-tech.de\/wp-content\/uploads\/2026\/01\/Logo-RV-Tech.png","width":2480,"height":845,"caption":"RV Tech"},"image":{"@id":"https:\/\/rv-tech.de\/#\/schema\/logo\/image\/"},"sameAs":["https:\/\/www.facebook.com\/rvtech.de","https:\/\/www.youtube.com\/@RV-tech_Ravensburg","https:\/\/share.google\/dv203Gdb6AlgvNeQD"]}]}},"_links":{"self":[{"href":"http:\/\/rv-tech.de\/en\/wp-json\/wp\/v2\/pages\/14","targetHints":{"allow":["GET"]}}],"collection":[{"href":"http:\/\/rv-tech.de\/en\/wp-json\/wp\/v2\/pages"}],"about":[{"href":"http:\/\/rv-tech.de\/en\/wp-json\/wp\/v2\/types\/page"}],"author":[{"embeddable":true,"href":"http:\/\/rv-tech.de\/en\/wp-json\/wp\/v2\/users\/1"}],"replies":[{"embeddable":true,"href":"http:\/\/rv-tech.de\/en\/wp-json\/wp\/v2\/comments?post=14"}],"version-history":[{"count":10,"href":"http:\/\/rv-tech.de\/en\/wp-json\/wp\/v2\/pages\/14\/revisions"}],"predecessor-version":[{"id":121355,"href":"http:\/\/rv-tech.de\/en\/wp-json\/wp\/v2\/pages\/14\/revisions\/121355"}],"wp:attachment":[{"href":"http:\/\/rv-tech.de\/en\/wp-json\/wp\/v2\/media?parent=14"}],"wp:term":[{"taxonomy":"folder","embeddable":true,"href":"http:\/\/rv-tech.de\/en\/wp-json\/wp\/v2\/folder?post=14"}],"curies":[{"name":"wp","href":"https:\/\/api.w.org\/{rel}","templated":true}]}}